{"id":134250,"date":"2023-12-12T09:06:35","date_gmt":"2023-12-12T08:06:35","guid":{"rendered":"https:\/\/dnm.symbiotisk.net\/rabarbergaardenslottet-2\/"},"modified":"2024-05-30T09:56:28","modified_gmt":"2024-05-30T07:56:28","slug":"restaurant_rabarbergaardenslottet","status":"publish","type":"page","link":"https:\/\/dnm.symbiotisk.net\/en\/restaurant_rabarbergaardenslottet\/","title":{"rendered":"Rabarbergaarden Slottet"},"content":{"rendered":"<section id=\"primary-section\">\n\t\t<div class=\"row content-wrapper\">\n\t\t<div class=\"col-12 col-m-12\">\n\t\t\t<img loading=\"lazy\" decoding=\"async\" width=\"1600\" height=\"900\" src=\"https:\/\/dnm.symbiotisk.net\/wp-content\/uploads\/2023\/12\/Oekologiske_Rodfrugter_Marken-kompri-1600x900.jpg\" class=\"attachment-wide-large-crop size-wide-large-crop wp-post-image\" alt=\"\" srcset=\"https:\/\/dnm.symbiotisk.net\/wp-content\/uploads\/2023\/12\/Oekologiske_Rodfrugter_Marken-kompri-1600x900.jpg 1600w, https:\/\/dnm.symbiotisk.net\/wp-content\/uploads\/2023\/12\/Oekologiske_Rodfrugter_Marken-kompri-960x540.jpg 960w, https:\/\/dnm.symbiotisk.net\/wp-content\/uploads\/2023\/12\/Oekologiske_Rodfrugter_Marken-kompri-640x360.jpg 640w, https:\/\/dnm.symbiotisk.net\/wp-content\/uploads\/2023\/12\/Oekologiske_Rodfrugter_Marken-kompri-480x270.jpg 480w, https:\/\/dnm.symbiotisk.net\/wp-content\/uploads\/2023\/12\/Oekologiske_Rodfrugter_Marken-kompri-320x180.jpg 320w\" sizes=\"auto, (max-width: 1600px) 100vw, 1600px\" \/>\t\t\t\t\t<\/div>\n\t<\/div>\n\t    <div class=\"row content-wrapper\">\n        <div class=\"col-6 col-m-6\">\n                        <h1 class=\"page-title\">Rabarbergaarden Slottet<\/h1>\n\t\t\t                                <\/div>\n        <div class=\"col-6 col-m-6\">\n                        <div class=\"intro\"><p>New museum restaurant to open soon!<br \/>\nBooking of tables will open in mid-January.<\/p>\n<\/div>\n            <div class=\"content\"><\/div>\n\t\t\t                    <\/div>\n    <\/div>\n<\/section>\n<section id=\"section-1\">\n\t<div class=\"content-wrapper\">\n\t\n<div class=\"row\">\n\t<div class=\"col-6 col-m-6\">\n\t\t<div class=\"tile tile-type\">\n\t\t\t<div class=\"content\">\n\t\t\t\t<div class=\"image\">\n\t<img decoding=\"async\" src=\"https:\/\/dnm.symbiotisk.net\/wp-content\/uploads\/2023\/09\/Makrel_groen_Olie_forret-1350x900.jpg\" srcset=\"https:\/\/dnm.symbiotisk.net\/wp-content\/uploads\/2023\/09\/Makrel_groen_Olie_forret-1350x900.jpg 1350w, https:\/\/dnm.symbiotisk.net\/wp-content\/uploads\/2023\/09\/Makrel_groen_Olie_forret-600x400.jpg 600w, https:\/\/dnm.symbiotisk.net\/wp-content\/uploads\/2023\/09\/Makrel_groen_Olie_forret-1600x1067.jpg 1600w, https:\/\/dnm.symbiotisk.net\/wp-content\/uploads\/2023\/09\/Makrel_groen_Olie_forret-768x512.jpg 768w, https:\/\/dnm.symbiotisk.net\/wp-content\/uploads\/2023\/09\/Makrel_groen_Olie_forret-1536x1024.jpg 1536w, https:\/\/dnm.symbiotisk.net\/wp-content\/uploads\/2023\/09\/Makrel_groen_Olie_forret-2048x1365.jpg 2048w, https:\/\/dnm.symbiotisk.net\/wp-content\/uploads\/2023\/09\/Makrel_groen_Olie_forret-40x27.jpg 40w, https:\/\/dnm.symbiotisk.net\/wp-content\/uploads\/2023\/09\/Makrel_groen_Olie_forret-810x540.jpg 810w, https:\/\/dnm.symbiotisk.net\/wp-content\/uploads\/2023\/09\/Makrel_groen_Olie_forret-540x360.jpg 540w, https:\/\/dnm.symbiotisk.net\/wp-content\/uploads\/2023\/09\/Makrel_groen_Olie_forret-405x270.jpg 405w, https:\/\/dnm.symbiotisk.net\/wp-content\/uploads\/2023\/09\/Makrel_groen_Olie_forret-270x180.jpg 270w, https:\/\/dnm.symbiotisk.net\/wp-content\/uploads\/2023\/09\/Makrel_groen_Olie_forret-300x200.jpg 300w\" sizes=\"(max-width: 1350px) 100vw, 1350px\" class=\"\" alt=\"\">\t<\/div>\n\t\t\t<\/div>\n\t\t<\/div>\n\t<\/div>\n\t<div class=\"col-6 col-m-6\">\n\t\t<div class=\"tile tile-type\">\n\t\t\t<div class=\"content\">\n\t\t\t\t<p>Rabarbergaarden Slottet (meaning The Rhubarb Farm) is Frederiksborg&#8217;s new organic restaurant, located in a former carriage house at the Castle area. Rabarbergaarden is known for its self-sufficient and idyllic restaurant, farm shop, and bakery in Vejby, North Zealand. At Frederiksborg, Rabarbergaarden Slottet provides a sustainable gastronomic experience in the museum restaurant. Look forward to local, organic ingredients from a sustainable farm-to-table kitchen!<\/p>\n<p>Opening hours: Monday \u2013 Sunday 10:00-17:00 Lunch reservations 11:30-15:30<\/p>\n<p>It is a good idea to book a table as the restaurant is very popular. Please note that the restaurant will be closed on June 4th for renovations. We refer to Hiller\u00f8d&#8217;s wide range of dining options.<\/p>\n<p>Learn more about <a href=\"https:\/\/www.rabarbergaarden.dk\/\">Rabarbergaarden Slottet<\/a>. Booking at <a href=\"https:\/\/www.rabarbergaarden.dk\/\">Rabarbergaarden Slottet<\/a>.<\/p>\n\t\t\t<\/div>\n\t\t<\/div>\n\t<\/div>\n<\/div>\n\n\t<\/div>\n<\/section>\n<section id=\"section-2\">\n\t<div class=\"content-wrapper\">\n\t\n<div class=\"row\">\n\t<div class=\"col-6 col-m-6\">\n\t\t<div class=\"tile tile-type\">\n\t\t\t<div class=\"content\">\n\t\t\t\t<div class=\"image\">\n\t<img decoding=\"async\" src=\"https:\/\/dnm.symbiotisk.net\/wp-content\/uploads\/2023\/09\/Kartoffelmad_frokost-1349x900.jpg\" srcset=\"https:\/\/dnm.symbiotisk.net\/wp-content\/uploads\/2023\/09\/Kartoffelmad_frokost-1349x900.jpg 1349w, https:\/\/dnm.symbiotisk.net\/wp-content\/uploads\/2023\/09\/Kartoffelmad_frokost-600x400.jpg 600w, https:\/\/dnm.symbiotisk.net\/wp-content\/uploads\/2023\/09\/Kartoffelmad_frokost-1600x1068.jpg 1600w, https:\/\/dnm.symbiotisk.net\/wp-content\/uploads\/2023\/09\/Kartoffelmad_frokost-768x513.jpg 768w, https:\/\/dnm.symbiotisk.net\/wp-content\/uploads\/2023\/09\/Kartoffelmad_frokost-1536x1025.jpg 1536w, https:\/\/dnm.symbiotisk.net\/wp-content\/uploads\/2023\/09\/Kartoffelmad_frokost-2048x1367.jpg 2048w, https:\/\/dnm.symbiotisk.net\/wp-content\/uploads\/2023\/09\/Kartoffelmad_frokost-40x27.jpg 40w, https:\/\/dnm.symbiotisk.net\/wp-content\/uploads\/2023\/09\/Kartoffelmad_frokost-809x540.jpg 809w, https:\/\/dnm.symbiotisk.net\/wp-content\/uploads\/2023\/09\/Kartoffelmad_frokost-539x360.jpg 539w, https:\/\/dnm.symbiotisk.net\/wp-content\/uploads\/2023\/09\/Kartoffelmad_frokost-405x270.jpg 405w, https:\/\/dnm.symbiotisk.net\/wp-content\/uploads\/2023\/09\/Kartoffelmad_frokost-270x180.jpg 270w, https:\/\/dnm.symbiotisk.net\/wp-content\/uploads\/2023\/09\/Kartoffelmad_frokost-300x200.jpg 300w\" sizes=\"(max-width: 1349px) 100vw, 1349px\" class=\"\" alt=\"\">\t<\/div>\n\t\t\t<\/div>\n\t\t<\/div>\n\t<\/div>\n\t<div class=\"col-6 col-m-6\">\n\t\t<div class=\"tile tile-type\">\n\t\t\t<div class=\"content\">\n\t\t\t\t<p>Booking of tables is expected to open in mid-January. When booking opens, it can be reached from this page. For booking of major parties (both lunch and dinner) at Rabarbergaarden at the castle, you can already contact Rabarbergaarden through <a href=\"mailto:slottet@rabarbergaarden.dk\"><strong><em>slottet@rabarbergaarden.dk<\/em><\/strong><\/a>.<\/p>\n<p>Read more about Rabarbergaarden <a href=\"https:\/\/www.rabarbergaarden.dk\/\">here<\/a>.<\/p>\n\t\t\t<\/div>\n\t\t<\/div>\n\t<\/div>\n<\/div>\n\n\t<\/div>\n<\/section>\n<section id=\"secondary-content\">\n\n\t<div class=\"happenings\">\n<div class=\"content-wrapper\">\n  <div class=\"happening-row\">\n    <div class=\"row\">\n        <div class=\"col-m-12 col-12\">\n\t       <h2 class=\"section-header\">Exhibitions<\/h2>\n        <\/div>\n    <\/div>\n\t<div class=\"row happening fullwidth\">\n\t\t\t\t\t<div class=\"col-m-4 col-4 tile\">\n\t\t\t\t<a href=\"https:\/\/dnm.symbiotisk.net\/en\/event\/iconic-into-history\/\">\n    <div class=\"aspect-img\">\n\t   <img loading=\"lazy\" decoding=\"async\" width=\"640\" height=\"360\" src=\"https:\/\/dnm.symbiotisk.net\/wp-content\/uploads\/2025\/09\/Ikonisk-presse-640x360.png\" class=\"attachment-wide-2_3-crop size-wide-2_3-crop wp-post-image\" alt=\"\" srcset=\"https:\/\/dnm.symbiotisk.net\/wp-content\/uploads\/2025\/09\/Ikonisk-presse-640x360.png 640w, https:\/\/dnm.symbiotisk.net\/wp-content\/uploads\/2025\/09\/Ikonisk-presse-600x337.png 600w, https:\/\/dnm.symbiotisk.net\/wp-content\/uploads\/2025\/09\/Ikonisk-presse-768x432.png 768w, https:\/\/dnm.symbiotisk.net\/wp-content\/uploads\/2025\/09\/Ikonisk-presse-40x22.png 40w, https:\/\/dnm.symbiotisk.net\/wp-content\/uploads\/2025\/09\/Ikonisk-presse-960x540.png 960w, https:\/\/dnm.symbiotisk.net\/wp-content\/uploads\/2025\/09\/Ikonisk-presse-480x270.png 480w, https:\/\/dnm.symbiotisk.net\/wp-content\/uploads\/2025\/09\/Ikonisk-presse-320x180.png 320w, https:\/\/dnm.symbiotisk.net\/wp-content\/uploads\/2025\/09\/Ikonisk-presse-300x169.png 300w, https:\/\/dnm.symbiotisk.net\/wp-content\/uploads\/2025\/09\/Ikonisk-presse.png 1366w\" sizes=\"auto, (max-width: 640px) 100vw, 640px\" \/>    <\/div>\n    <div class=\"tile-content\">\n                <div class=\"date\">From 10 October<\/div>\n                <h3>ICONIC \u2013 Into History<\/h3>\n        <p>Seven works. Seven windows into Denmark\u2019s history.<\/p>\n\n    <\/div>\n    <div class=\"read-more\">\n            <span>Read more<\/span>\n    <\/div>\n<\/a>\n\t\t\t<\/div>\n\t\t\t\t\t\t<div class=\"col-m-4 col-4 tile\">\n\t\t\t\t<a href=\"https:\/\/dnm.symbiotisk.net\/en\/event\/gods-recreated\/\">\n    <div class=\"aspect-img\">\n\t   <img loading=\"lazy\" decoding=\"async\" width=\"640\" height=\"360\" src=\"https:\/\/dnm.symbiotisk.net\/wp-content\/uploads\/2023\/10\/16-9-guder-genskabt-640x360.jpg\" class=\"attachment-wide-2_3-crop size-wide-2_3-crop wp-post-image\" alt=\"\" srcset=\"https:\/\/dnm.symbiotisk.net\/wp-content\/uploads\/2023\/10\/16-9-guder-genskabt-640x360.jpg 640w, https:\/\/dnm.symbiotisk.net\/wp-content\/uploads\/2023\/10\/16-9-guder-genskabt-600x338.jpg 600w, https:\/\/dnm.symbiotisk.net\/wp-content\/uploads\/2023\/10\/16-9-guder-genskabt-1600x900.jpg 1600w, https:\/\/dnm.symbiotisk.net\/wp-content\/uploads\/2023\/10\/16-9-guder-genskabt-768x432.jpg 768w, https:\/\/dnm.symbiotisk.net\/wp-content\/uploads\/2023\/10\/16-9-guder-genskabt-1536x864.jpg 1536w, https:\/\/dnm.symbiotisk.net\/wp-content\/uploads\/2023\/10\/16-9-guder-genskabt-2048x1152.jpg 2048w, https:\/\/dnm.symbiotisk.net\/wp-content\/uploads\/2023\/10\/16-9-guder-genskabt-40x23.jpg 40w, https:\/\/dnm.symbiotisk.net\/wp-content\/uploads\/2023\/10\/16-9-guder-genskabt-960x540.jpg 960w, https:\/\/dnm.symbiotisk.net\/wp-content\/uploads\/2023\/10\/16-9-guder-genskabt-480x270.jpg 480w, https:\/\/dnm.symbiotisk.net\/wp-content\/uploads\/2023\/10\/16-9-guder-genskabt-320x180.jpg 320w, https:\/\/dnm.symbiotisk.net\/wp-content\/uploads\/2023\/10\/16-9-guder-genskabt-300x169.jpg 300w\" sizes=\"auto, (max-width: 640px) 100vw, 640px\" \/>    <\/div>\n    <div class=\"tile-content\">\n                <div class=\"date\">09\/02 2024 - 03\/07 2028<\/div>\n                <h3>Gods Recreated<\/h3>\n        <p>Special exhibition showcases the striking facade sculptures of Frederiksborg Castle and the extensive restoration effort currently underway.<\/p>\n\n    <\/div>\n    <div class=\"read-more\">\n            <span>Read more<\/span>\n    <\/div>\n<\/a>\n\t\t\t<\/div>\n\t\t\t\t<\/div>\n\t\t<a href=\"https:\/\/dnm.symbiotisk.net\/en\/events\/category\/exhibitions\/\" class=\"button\">View all exhibitions<\/a>\n\t<\/div>\n<\/div>\n<\/div>\n<div class=\"happenings\">\n<div class=\"content-wrapper\">\n  <div class=\"happening-row\">\n    <div class=\"row\">\n        <div class=\"col-m-12 col-12\">\n\t       <h2 class=\"section-header\">What's On<\/h2>\n        <\/div>\n    <\/div>\n\t<div class=\"row happening fullwidth\">\n\t\t\t\t\t<div class=\"col-m-4 col-4 tile\">\n\t\t\t\t<a href=\"https:\/\/dnm.symbiotisk.net\/en\/event\/frederiksborg-speaks\/\">\n    <div class=\"aspect-img\">\n\t   <img loading=\"lazy\" decoding=\"async\" width=\"640\" height=\"360\" src=\"https:\/\/dnm.symbiotisk.net\/wp-content\/uploads\/2025\/06\/JD_DNM_Sommer1777-640x360.jpg\" class=\"attachment-wide-2_3-crop size-wide-2_3-crop wp-post-image\" alt=\"\" srcset=\"https:\/\/dnm.symbiotisk.net\/wp-content\/uploads\/2025\/06\/JD_DNM_Sommer1777-640x360.jpg 640w, https:\/\/dnm.symbiotisk.net\/wp-content\/uploads\/2025\/06\/JD_DNM_Sommer1777-1600x900.jpg 1600w, https:\/\/dnm.symbiotisk.net\/wp-content\/uploads\/2025\/06\/JD_DNM_Sommer1777-960x540.jpg 960w, https:\/\/dnm.symbiotisk.net\/wp-content\/uploads\/2025\/06\/JD_DNM_Sommer1777-480x270.jpg 480w, https:\/\/dnm.symbiotisk.net\/wp-content\/uploads\/2025\/06\/JD_DNM_Sommer1777-320x180.jpg 320w\" sizes=\"auto, (max-width: 640px) 100vw, 640px\" \/>    <\/div>\n    <div class=\"tile-content\">\n                <div class=\"date\">On weekdays<\/div>\n                <h3>Frederiksborg Speaks<\/h3>\n        <p>A unique, guided experience \u2013 every weekday at 1 PM<\/p>\n\n    <\/div>\n    <div class=\"read-more\">\n            <span>Read more<\/span>\n    <\/div>\n<\/a>\n\t\t\t<\/div>\n\t\t\t\t\t\t<div class=\"col-m-4 col-4 tile\">\n\t\t\t\t<a href=\"https:\/\/dnm.symbiotisk.net\/en\/event\/fantastic-frederiksborg-for-children\/\">\n    <div class=\"aspect-img\">\n\t   <img loading=\"lazy\" decoding=\"async\" width=\"640\" height=\"360\" src=\"https:\/\/dnm.symbiotisk.net\/wp-content\/uploads\/2025\/01\/JD_DNM_Sommer1892-640x360.jpg\" class=\"attachment-wide-2_3-crop size-wide-2_3-crop wp-post-image\" alt=\"\" srcset=\"https:\/\/dnm.symbiotisk.net\/wp-content\/uploads\/2025\/01\/JD_DNM_Sommer1892-640x360.jpg 640w, https:\/\/dnm.symbiotisk.net\/wp-content\/uploads\/2025\/01\/JD_DNM_Sommer1892-1600x900.jpg 1600w, https:\/\/dnm.symbiotisk.net\/wp-content\/uploads\/2025\/01\/JD_DNM_Sommer1892-960x540.jpg 960w, https:\/\/dnm.symbiotisk.net\/wp-content\/uploads\/2025\/01\/JD_DNM_Sommer1892-480x270.jpg 480w, https:\/\/dnm.symbiotisk.net\/wp-content\/uploads\/2025\/01\/JD_DNM_Sommer1892-320x180.jpg 320w\" sizes=\"auto, (max-width: 640px) 100vw, 640px\" \/>    <\/div>\n    <div class=\"tile-content\">\n                <div class=\"date\">Every Day<\/div>\n                <h3>Fantastic Frederiksborg for Children<\/h3>\n        <p>Frederiksborg is full of quirky details just waiting to be discovered<\/p>\n\n    <\/div>\n    <div class=\"read-more\">\n            <span>Read more<\/span>\n    <\/div>\n<\/a>\n\t\t\t<\/div>\n\t\t\t\t<\/div>\n\t\t<a href=\"https:\/\/dnm.symbiotisk.net\/en\/events\/\" class=\"button\">View calendar<\/a>\n\t<\/div>\n<\/div>\n<\/div>\n<div class=\"tiles\">\n\t<div class=\"content-wrapper\">\n\t\t<div class=\"row\"><h2>Before your visit<\/h2><\/div>\n\t\t<div class=\"row happening related\">\n\t<div class=\"col-m-4 col-4 tile\">\n\t<a href=\"https:\/\/dnm.symbiotisk.net\/en\/tc-events\/entry\/\" >\n    <div class=\"aspect-img\">\n                    <img decoding=\"async\" src=\"https:\/\/dnm.symbiotisk.net\/wp-content\/uploads\/2023\/11\/Udsigt-fra-fangetaarn-i-snevejr-RED_AN-320x180.png\" srcset=\"https:\/\/dnm.symbiotisk.net\/wp-content\/uploads\/2023\/11\/Udsigt-fra-fangetaarn-i-snevejr-RED_AN-320x180.png 320w, https:\/\/dnm.symbiotisk.net\/wp-content\/uploads\/2023\/11\/Udsigt-fra-fangetaarn-i-snevejr-RED_AN-1600x900.png 1600w, https:\/\/dnm.symbiotisk.net\/wp-content\/uploads\/2023\/11\/Udsigt-fra-fangetaarn-i-snevejr-RED_AN-960x540.png 960w, https:\/\/dnm.symbiotisk.net\/wp-content\/uploads\/2023\/11\/Udsigt-fra-fangetaarn-i-snevejr-RED_AN-640x360.png 640w, https:\/\/dnm.symbiotisk.net\/wp-content\/uploads\/2023\/11\/Udsigt-fra-fangetaarn-i-snevejr-RED_AN-480x270.png 480w\" sizes=\"(max-width: 320px) 100vw, 320px\" class=\"\" alt=\"\">            <\/div>\n    <div class=\"tile-content \">\n                <h3>Buy ticket<\/h3>\n                    <p>Buy your ticket here.<br \/>\nA ticket is valid for the entire day.<\/p>\n            <\/div>\n        <div class=\"read-more\">\n        <span>Buy now<\/span>\n    <\/div>\n    <\/a>\n\t<\/div>\n\t<\/div>\n\t<\/div>\n<\/div>\n\t\n<\/section>\n","protected":false},"excerpt":{"rendered":"<p>Rabarbergaarden Slottet New museum restaurant to open soon! Booking of tables will open in mid-January. Rabarbergaarden Slottet (meaning The Rhubarb Farm) is Frederiksborg&#8217;s new organic restaurant, located in a former carriage house at the Castle area. Rabarbergaarden is known for its self-sufficient and idyllic restaurant, farm shop, and bakery in Vejby, North Zealand. At Frederiksborg, [&hellip;]<\/p>\n","protected":false},"author":41,"featured_media":133727,"parent":0,"menu_order":0,"comment_status":"closed","ping_status":"closed","template":"","meta":{"_acf_changed":false,"_relevanssi_hide_post":"","_relevanssi_hide_content":"","_relevanssi_pin_for_all":"","_relevanssi_pin_keywords":"","_relevanssi_unpin_keywords":"","_relevanssi_related_keywords":"","_relevanssi_related_include_ids":"","_relevanssi_related_exclude_ids":"","_relevanssi_related_no_append":"","_relevanssi_related_not_related":"","_relevanssi_related_posts":"","_relevanssi_noindex_reason":"","footnotes":""},"class_list":["post-134250","page","type-page","status-publish","has-post-thumbnail","hentry"],"acf":[],"yoast_head":"<!-- This site is optimized with the Yoast SEO plugin v27.3 - https:\/\/yoast.com\/product\/yoast-seo-wordpress\/ -->\n<title>Rabarbergaarden Slottet<\/title>\n<meta name=\"robots\" content=\"noindex, follow, max-snippet:-1, max-image-preview:large, max-video-preview:-1\" \/>\n<meta property=\"og:locale\" content=\"en_US\" \/>\n<meta property=\"og:type\" content=\"article\" \/>\n<meta property=\"og:title\" content=\"Rabarbergaarden Slottet\" \/>\n<meta property=\"og:description\" content=\"Det Nationalhistoriske Museum byder p\u00e5 en lang r\u00e6kke oplevelser i b\u00f8rneh\u00f8jde. Bes\u00f8g B\u00f8rnenes Danmarkshistorie i den gamle vink\u00e6lder eller deltag i museets mange s\u00e6son- og ferieaktiviteter.\" \/>\n<meta property=\"og:url\" content=\"https:\/\/dnm.symbiotisk.net\/en\/restaurant_rabarbergaardenslottet\/\" \/>\n<meta property=\"og:site_name\" content=\"Frederiksborg\" \/>\n<meta property=\"article:modified_time\" content=\"2024-05-30T07:56:28+00:00\" \/>\n<meta property=\"og:image\" content=\"https:\/\/dnm.symbiotisk.net\/wp-content\/uploads\/2018\/05\/mew_04847.jpg\" \/>\n\t<meta property=\"og:image:width\" content=\"3584\" \/>\n\t<meta property=\"og:image:height\" content=\"2389\" \/>\n\t<meta property=\"og:image:type\" content=\"image\/jpeg\" \/>\n<meta name=\"twitter:card\" content=\"summary_large_image\" \/>\n<meta name=\"twitter:label1\" content=\"Est. reading time\" \/>\n\t<meta name=\"twitter:data1\" content=\"1 minute\" \/>\n<script type=\"application\/ld+json\" class=\"yoast-schema-graph\">{\"@context\":\"https:\\\/\\\/schema.org\",\"@graph\":[{\"@type\":\"WebPage\",\"@id\":\"https:\\\/\\\/dnm.symbiotisk.net\\\/en\\\/restaurant_rabarbergaardenslottet\\\/\",\"url\":\"https:\\\/\\\/dnm.symbiotisk.net\\\/en\\\/restaurant_rabarbergaardenslottet\\\/\",\"name\":\"Rabarbergaarden Slottet\",\"isPartOf\":{\"@id\":\"https:\\\/\\\/dnm.symbiotisk.net\\\/#website\"},\"primaryImageOfPage\":{\"@id\":\"https:\\\/\\\/dnm.symbiotisk.net\\\/en\\\/restaurant_rabarbergaardenslottet\\\/#primaryimage\"},\"image\":{\"@id\":\"https:\\\/\\\/dnm.symbiotisk.net\\\/en\\\/restaurant_rabarbergaardenslottet\\\/#primaryimage\"},\"thumbnailUrl\":\"https:\\\/\\\/dnm.symbiotisk.net\\\/wp-content\\\/uploads\\\/2023\\\/12\\\/Oekologiske_Rodfrugter_Marken-kompri-e1706701993387.jpg\",\"datePublished\":\"2023-12-12T08:06:35+00:00\",\"dateModified\":\"2024-05-30T07:56:28+00:00\",\"breadcrumb\":{\"@id\":\"https:\\\/\\\/dnm.symbiotisk.net\\\/en\\\/restaurant_rabarbergaardenslottet\\\/#breadcrumb\"},\"inLanguage\":\"en-US\",\"potentialAction\":[{\"@type\":\"ReadAction\",\"target\":[\"https:\\\/\\\/dnm.symbiotisk.net\\\/en\\\/restaurant_rabarbergaardenslottet\\\/\"]}]},{\"@type\":\"ImageObject\",\"inLanguage\":\"en-US\",\"@id\":\"https:\\\/\\\/dnm.symbiotisk.net\\\/en\\\/restaurant_rabarbergaardenslottet\\\/#primaryimage\",\"url\":\"https:\\\/\\\/dnm.symbiotisk.net\\\/wp-content\\\/uploads\\\/2023\\\/12\\\/Oekologiske_Rodfrugter_Marken-kompri-e1706701993387.jpg\",\"contentUrl\":\"https:\\\/\\\/dnm.symbiotisk.net\\\/wp-content\\\/uploads\\\/2023\\\/12\\\/Oekologiske_Rodfrugter_Marken-kompri-e1706701993387.jpg\",\"width\":4961,\"height\":3307},{\"@type\":\"BreadcrumbList\",\"@id\":\"https:\\\/\\\/dnm.symbiotisk.net\\\/en\\\/restaurant_rabarbergaardenslottet\\\/#breadcrumb\",\"itemListElement\":[{\"@type\":\"ListItem\",\"position\":1,\"name\":\"Hjem\",\"item\":\"https:\\\/\\\/dnm.symbiotisk.net\\\/en\\\/\"},{\"@type\":\"ListItem\",\"position\":2,\"name\":\"Rabarbergaarden Slottet\"}]},{\"@type\":\"WebSite\",\"@id\":\"https:\\\/\\\/dnm.symbiotisk.net\\\/#website\",\"url\":\"https:\\\/\\\/dnm.symbiotisk.net\\\/\",\"name\":\"Frederiksborg\",\"description\":\"Frederiksborg \u2219 Nationalhistorisk Museum\",\"potentialAction\":[{\"@type\":\"SearchAction\",\"target\":{\"@type\":\"EntryPoint\",\"urlTemplate\":\"https:\\\/\\\/dnm.symbiotisk.net\\\/?s={search_term_string}\"},\"query-input\":{\"@type\":\"PropertyValueSpecification\",\"valueRequired\":true,\"valueName\":\"search_term_string\"}}],\"inLanguage\":\"en-US\"}]}<\/script>\n<!-- \/ Yoast SEO plugin. -->","yoast_head_json":{"title":"Rabarbergaarden Slottet","robots":{"index":"noindex","follow":"follow","max-snippet":"max-snippet:-1","max-image-preview":"max-image-preview:large","max-video-preview":"max-video-preview:-1"},"og_locale":"en_US","og_type":"article","og_title":"Rabarbergaarden Slottet","og_description":"Det Nationalhistoriske Museum byder p\u00e5 en lang r\u00e6kke oplevelser i b\u00f8rneh\u00f8jde. Bes\u00f8g B\u00f8rnenes Danmarkshistorie i den gamle vink\u00e6lder eller deltag i museets mange s\u00e6son- og ferieaktiviteter.","og_url":"https:\/\/dnm.symbiotisk.net\/en\/restaurant_rabarbergaardenslottet\/","og_site_name":"Frederiksborg","article_modified_time":"2024-05-30T07:56:28+00:00","og_image":[{"width":3584,"height":2389,"url":"https:\/\/dnm.symbiotisk.net\/wp-content\/uploads\/2018\/05\/mew_04847.jpg","type":"image\/jpeg"}],"twitter_card":"summary_large_image","twitter_misc":{"Est. reading time":"1 minute"},"schema":{"@context":"https:\/\/schema.org","@graph":[{"@type":"WebPage","@id":"https:\/\/dnm.symbiotisk.net\/en\/restaurant_rabarbergaardenslottet\/","url":"https:\/\/dnm.symbiotisk.net\/en\/restaurant_rabarbergaardenslottet\/","name":"Rabarbergaarden Slottet","isPartOf":{"@id":"https:\/\/dnm.symbiotisk.net\/#website"},"primaryImageOfPage":{"@id":"https:\/\/dnm.symbiotisk.net\/en\/restaurant_rabarbergaardenslottet\/#primaryimage"},"image":{"@id":"https:\/\/dnm.symbiotisk.net\/en\/restaurant_rabarbergaardenslottet\/#primaryimage"},"thumbnailUrl":"https:\/\/dnm.symbiotisk.net\/wp-content\/uploads\/2023\/12\/Oekologiske_Rodfrugter_Marken-kompri-e1706701993387.jpg","datePublished":"2023-12-12T08:06:35+00:00","dateModified":"2024-05-30T07:56:28+00:00","breadcrumb":{"@id":"https:\/\/dnm.symbiotisk.net\/en\/restaurant_rabarbergaardenslottet\/#breadcrumb"},"inLanguage":"en-US","potentialAction":[{"@type":"ReadAction","target":["https:\/\/dnm.symbiotisk.net\/en\/restaurant_rabarbergaardenslottet\/"]}]},{"@type":"ImageObject","inLanguage":"en-US","@id":"https:\/\/dnm.symbiotisk.net\/en\/restaurant_rabarbergaardenslottet\/#primaryimage","url":"https:\/\/dnm.symbiotisk.net\/wp-content\/uploads\/2023\/12\/Oekologiske_Rodfrugter_Marken-kompri-e1706701993387.jpg","contentUrl":"https:\/\/dnm.symbiotisk.net\/wp-content\/uploads\/2023\/12\/Oekologiske_Rodfrugter_Marken-kompri-e1706701993387.jpg","width":4961,"height":3307},{"@type":"BreadcrumbList","@id":"https:\/\/dnm.symbiotisk.net\/en\/restaurant_rabarbergaardenslottet\/#breadcrumb","itemListElement":[{"@type":"ListItem","position":1,"name":"Hjem","item":"https:\/\/dnm.symbiotisk.net\/en\/"},{"@type":"ListItem","position":2,"name":"Rabarbergaarden Slottet"}]},{"@type":"WebSite","@id":"https:\/\/dnm.symbiotisk.net\/#website","url":"https:\/\/dnm.symbiotisk.net\/","name":"Frederiksborg","description":"Frederiksborg \u2219 Nationalhistorisk Museum","potentialAction":[{"@type":"SearchAction","target":{"@type":"EntryPoint","urlTemplate":"https:\/\/dnm.symbiotisk.net\/?s={search_term_string}"},"query-input":{"@type":"PropertyValueSpecification","valueRequired":true,"valueName":"search_term_string"}}],"inLanguage":"en-US"}]}},"_links":{"self":[{"href":"https:\/\/dnm.symbiotisk.net\/en\/wp-json\/wp\/v2\/pages\/134250","targetHints":{"allow":["GET"]}}],"collection":[{"href":"https:\/\/dnm.symbiotisk.net\/en\/wp-json\/wp\/v2\/pages"}],"about":[{"href":"https:\/\/dnm.symbiotisk.net\/en\/wp-json\/wp\/v2\/types\/page"}],"author":[{"embeddable":true,"href":"https:\/\/dnm.symbiotisk.net\/en\/wp-json\/wp\/v2\/users\/41"}],"replies":[{"embeddable":true,"href":"https:\/\/dnm.symbiotisk.net\/en\/wp-json\/wp\/v2\/comments?post=134250"}],"version-history":[{"count":0,"href":"https:\/\/dnm.symbiotisk.net\/en\/wp-json\/wp\/v2\/pages\/134250\/revisions"}],"wp:featuredmedia":[{"embeddable":true,"href":"https:\/\/dnm.symbiotisk.net\/en\/wp-json\/wp\/v2\/media\/133727"}],"wp:attachment":[{"href":"https:\/\/dnm.symbiotisk.net\/en\/wp-json\/wp\/v2\/media?parent=134250"}],"curies":[{"name":"wp","href":"https:\/\/api.w.org\/{rel}","templated":true}]}}