{"id":20882,"date":"2018-02-13T15:53:12","date_gmt":"2018-02-13T14:53:12","guid":{"rendered":"https:\/\/dnm.symbiotisk.net\/fotosalg\/"},"modified":"2025-02-13T13:48:16","modified_gmt":"2025-02-13T12:48:16","slug":"fotoservice","status":"publish","type":"page","link":"https:\/\/dnm.symbiotisk.net\/de\/fotoservice\/","title":{"rendered":"Fotoservice"},"content":{"rendered":"<section id=\"primary-section\">\n\t\t<div class=\"row content-wrapper\">\n\t\t<div class=\"col-12 col-m-12\">\n\t\t\t<img loading=\"lazy\" decoding=\"async\" width=\"1024\" height=\"686\" src=\"https:\/\/dnm.symbiotisk.net\/wp-content\/uploads\/2014\/08\/den-grundlovgivende-rigsforsamling.jpg\" class=\"attachment-wide-large-crop size-wide-large-crop wp-post-image\" alt=\"\" srcset=\"https:\/\/dnm.symbiotisk.net\/wp-content\/uploads\/2014\/08\/den-grundlovgivende-rigsforsamling.jpg 1024w, https:\/\/dnm.symbiotisk.net\/wp-content\/uploads\/2014\/08\/den-grundlovgivende-rigsforsamling-600x402.jpg 600w, https:\/\/dnm.symbiotisk.net\/wp-content\/uploads\/2014\/08\/den-grundlovgivende-rigsforsamling-768x515.jpg 768w, https:\/\/dnm.symbiotisk.net\/wp-content\/uploads\/2014\/08\/den-grundlovgivende-rigsforsamling-40x27.jpg 40w, https:\/\/dnm.symbiotisk.net\/wp-content\/uploads\/2014\/08\/den-grundlovgivende-rigsforsamling-806x540.jpg 806w, https:\/\/dnm.symbiotisk.net\/wp-content\/uploads\/2014\/08\/den-grundlovgivende-rigsforsamling-537x360.jpg 537w, https:\/\/dnm.symbiotisk.net\/wp-content\/uploads\/2014\/08\/den-grundlovgivende-rigsforsamling-403x270.jpg 403w, https:\/\/dnm.symbiotisk.net\/wp-content\/uploads\/2014\/08\/den-grundlovgivende-rigsforsamling-269x180.jpg 269w, https:\/\/dnm.symbiotisk.net\/wp-content\/uploads\/2014\/08\/den-grundlovgivende-rigsforsamling-300x201.jpg 300w\" sizes=\"auto, (max-width: 1024px) 100vw, 1024px\" \/>\t\t\t\t\t<\/div>\n\t<\/div>\n\t    <div class=\"row content-wrapper\">\n        <div class=\"col-6 col-m-6\">\n                        <h1 class=\"page-title\">Fotoservice<\/h1>\n\t\t\t                                <\/div>\n        <div class=\"col-6 col-m-6\">\n                        <div class=\"intro\"><\/div>\n            <div class=\"content\"><p data-start=\"0\" data-end=\"288\">Frederiksborg stellt Bilder der Werke und Objekte des Museums Privatpersonen, \u00f6ffentlichen Institutionen und Unternehmen kostenlos zur Verf\u00fcgung.<br data-start=\"145\" data-end=\"148\" \/>Digitale Dateien werden sowohl im TIFF- als auch im JPEG-Format geliefert. Bei gr\u00f6\u00dferen Bestellungen kann eine Verwaltungsgeb\u00fchr anfallen.<\/p>\n<p data-start=\"290\" data-end=\"619\">Falls von einem Werk noch keine Fotoaufnahme existiert, ist es m\u00f6glich, gegen Bezahlung eine neue Aufnahme von Gem\u00e4lden und Objekten im Besitz des Museums zu bestellen. Bitte beachten Sie, dass sich die Bearbeitungszeit bei der Bestellung neuer Aufnahmen verl\u00e4ngert. Der Preis f\u00fcr eine neue Aufnahme betr\u00e4gt 750 DKK.<\/p>\n<p data-start=\"621\" data-end=\"708\">Anfragen per E-Mail sind an May-Britt Raarup Bundsgaard unter <a rel=\"noopener\" data-start=\"683\" data-end=\"694\">foto@dnm.dk<\/a> zu richten.<\/p>\n<p data-start=\"710\" data-end=\"788\" data-is-last-node=\"\">Bei der Bestellung neuer Aufnahmen muss die Rechnungsadresse angegeben werden.<\/p>\n<\/div>\n\t\t\t                    <\/div>\n    <\/div>\n<\/section>\n<section id=\"secondary-content\">\n\n\t<div class=\"textpanel fullwidth\">\n\t<div class=\"content-wrapper\">\n\t\t\t\t\t\t\t\t<p>Das Nationalhistorische Museum wurde vom Gr\u00fcnder der Carlsberg Brauerei, J. C. Jacobsen, in 1878 errichtet und ist eine eigene Abteilung der Carlsberg Stiftung.<\/p>\n\t\t\t\t<a href=\"https:\/\/dnm.symbiotisk.net\/de\/das-museum\/\" class=\"button\">Lesen Sie mehr<\/a>\n\t\t\t<\/div>\n<\/div>\n\t\n<\/section>\n","protected":false},"excerpt":{"rendered":"<p>Fotoservice Frederiksborg stellt Bilder der Werke und Objekte des Museums Privatpersonen, \u00f6ffentlichen Institutionen und Unternehmen kostenlos zur Verf\u00fcgung.Digitale Dateien werden sowohl im TIFF- als auch im JPEG-Format geliefert. Bei gr\u00f6\u00dferen Bestellungen kann eine Verwaltungsgeb\u00fchr anfallen. Falls von einem Werk noch keine Fotoaufnahme existiert, ist es m\u00f6glich, gegen Bezahlung eine neue Aufnahme von Gem\u00e4lden und Objekten [&hellip;]<\/p>\n","protected":false},"author":5,"featured_media":2574,"parent":0,"menu_order":0,"comment_status":"closed","ping_status":"closed","template":"","meta":{"_acf_changed":false,"_relevanssi_hide_post":"","_relevanssi_hide_content":"","_relevanssi_pin_for_all":"","_relevanssi_pin_keywords":"","_relevanssi_unpin_keywords":"","_relevanssi_related_keywords":"","_relevanssi_related_include_ids":"","_relevanssi_related_exclude_ids":"","_relevanssi_related_no_append":"","_relevanssi_related_not_related":"","_relevanssi_related_posts":"","_relevanssi_noindex_reason":"","footnotes":""},"class_list":["post-20882","page","type-page","status-publish","has-post-thumbnail","hentry"],"acf":[],"yoast_head":"<!-- This site is optimized with the Yoast SEO plugin v27.3 - https:\/\/yoast.com\/product\/yoast-seo-wordpress\/ -->\n<title>Fotoservice - Frederiksborg<\/title>\n<meta name=\"robots\" content=\"noindex, follow, max-snippet:-1, max-image-preview:large, max-video-preview:-1\" \/>\n<meta property=\"og:locale\" content=\"de_DE\" \/>\n<meta property=\"og:type\" content=\"article\" \/>\n<meta property=\"og:title\" content=\"Fotoservice - Frederiksborg\" \/>\n<meta property=\"og:description\" content=\"Fotoservice Frederiksborg stellt Bilder der Werke und Objekte des Museums Privatpersonen, \u00f6ffentlichen Institutionen und Unternehmen kostenlos zur Verf\u00fcgung.Digitale Dateien werden sowohl im TIFF- als auch im JPEG-Format geliefert. Bei gr\u00f6\u00dferen Bestellungen kann eine Verwaltungsgeb\u00fchr anfallen. Falls von einem Werk noch keine Fotoaufnahme existiert, ist es m\u00f6glich, gegen Bezahlung eine neue Aufnahme von Gem\u00e4lden und Objekten [&hellip;]\" \/>\n<meta property=\"og:url\" content=\"https:\/\/dnm.symbiotisk.net\/de\/fotoservice\/\" \/>\n<meta property=\"og:site_name\" content=\"Frederiksborg\" \/>\n<meta property=\"article:modified_time\" content=\"2025-02-13T12:48:16+00:00\" \/>\n<meta property=\"og:image\" content=\"https:\/\/dnm.symbiotisk.net\/wp-content\/uploads\/2014\/08\/den-grundlovgivende-rigsforsamling.jpg\" \/>\n\t<meta property=\"og:image:width\" content=\"1024\" \/>\n\t<meta property=\"og:image:height\" content=\"686\" \/>\n\t<meta property=\"og:image:type\" content=\"image\/jpeg\" \/>\n<meta name=\"twitter:card\" content=\"summary_large_image\" \/>\n<meta name=\"twitter:label1\" content=\"Gesch\u00e4tzte Lesezeit\" \/>\n\t<meta name=\"twitter:data1\" content=\"1\u00a0Minute\" \/>\n<script type=\"application\/ld+json\" class=\"yoast-schema-graph\">{\"@context\":\"https:\\\/\\\/schema.org\",\"@graph\":[{\"@type\":\"WebPage\",\"@id\":\"https:\\\/\\\/dnm.symbiotisk.net\\\/de\\\/fotoservice\\\/\",\"url\":\"https:\\\/\\\/dnm.symbiotisk.net\\\/de\\\/fotoservice\\\/\",\"name\":\"Fotoservice - Frederiksborg\",\"isPartOf\":{\"@id\":\"https:\\\/\\\/dnm.symbiotisk.net\\\/#website\"},\"primaryImageOfPage\":{\"@id\":\"https:\\\/\\\/dnm.symbiotisk.net\\\/de\\\/fotoservice\\\/#primaryimage\"},\"image\":{\"@id\":\"https:\\\/\\\/dnm.symbiotisk.net\\\/de\\\/fotoservice\\\/#primaryimage\"},\"thumbnailUrl\":\"https:\\\/\\\/dnm.symbiotisk.net\\\/wp-content\\\/uploads\\\/2014\\\/08\\\/den-grundlovgivende-rigsforsamling.jpg\",\"datePublished\":\"2018-02-13T14:53:12+00:00\",\"dateModified\":\"2025-02-13T12:48:16+00:00\",\"breadcrumb\":{\"@id\":\"https:\\\/\\\/dnm.symbiotisk.net\\\/de\\\/fotoservice\\\/#breadcrumb\"},\"inLanguage\":\"de\",\"potentialAction\":[{\"@type\":\"ReadAction\",\"target\":[\"https:\\\/\\\/dnm.symbiotisk.net\\\/de\\\/fotoservice\\\/\"]}]},{\"@type\":\"ImageObject\",\"inLanguage\":\"de\",\"@id\":\"https:\\\/\\\/dnm.symbiotisk.net\\\/de\\\/fotoservice\\\/#primaryimage\",\"url\":\"https:\\\/\\\/dnm.symbiotisk.net\\\/wp-content\\\/uploads\\\/2014\\\/08\\\/den-grundlovgivende-rigsforsamling.jpg\",\"contentUrl\":\"https:\\\/\\\/dnm.symbiotisk.net\\\/wp-content\\\/uploads\\\/2014\\\/08\\\/den-grundlovgivende-rigsforsamling.jpg\",\"width\":1024,\"height\":686},{\"@type\":\"BreadcrumbList\",\"@id\":\"https:\\\/\\\/dnm.symbiotisk.net\\\/de\\\/fotoservice\\\/#breadcrumb\",\"itemListElement\":[{\"@type\":\"ListItem\",\"position\":1,\"name\":\"Hjem\",\"item\":\"https:\\\/\\\/dnm.symbiotisk.net\\\/de\\\/\"},{\"@type\":\"ListItem\",\"position\":2,\"name\":\"Fotoservice\"}]},{\"@type\":\"WebSite\",\"@id\":\"https:\\\/\\\/dnm.symbiotisk.net\\\/#website\",\"url\":\"https:\\\/\\\/dnm.symbiotisk.net\\\/\",\"name\":\"Frederiksborg\",\"description\":\"Frederiksborg \u2219 Nationalhistorisk Museum\",\"potentialAction\":[{\"@type\":\"SearchAction\",\"target\":{\"@type\":\"EntryPoint\",\"urlTemplate\":\"https:\\\/\\\/dnm.symbiotisk.net\\\/?s={search_term_string}\"},\"query-input\":{\"@type\":\"PropertyValueSpecification\",\"valueRequired\":true,\"valueName\":\"search_term_string\"}}],\"inLanguage\":\"de\"}]}<\/script>\n<!-- \/ Yoast SEO plugin. -->","yoast_head_json":{"title":"Fotoservice - Frederiksborg","robots":{"index":"noindex","follow":"follow","max-snippet":"max-snippet:-1","max-image-preview":"max-image-preview:large","max-video-preview":"max-video-preview:-1"},"og_locale":"de_DE","og_type":"article","og_title":"Fotoservice - Frederiksborg","og_description":"Fotoservice Frederiksborg stellt Bilder der Werke und Objekte des Museums Privatpersonen, \u00f6ffentlichen Institutionen und Unternehmen kostenlos zur Verf\u00fcgung.Digitale Dateien werden sowohl im TIFF- als auch im JPEG-Format geliefert. Bei gr\u00f6\u00dferen Bestellungen kann eine Verwaltungsgeb\u00fchr anfallen. Falls von einem Werk noch keine Fotoaufnahme existiert, ist es m\u00f6glich, gegen Bezahlung eine neue Aufnahme von Gem\u00e4lden und Objekten [&hellip;]","og_url":"https:\/\/dnm.symbiotisk.net\/de\/fotoservice\/","og_site_name":"Frederiksborg","article_modified_time":"2025-02-13T12:48:16+00:00","og_image":[{"width":1024,"height":686,"url":"https:\/\/dnm.symbiotisk.net\/wp-content\/uploads\/2014\/08\/den-grundlovgivende-rigsforsamling.jpg","type":"image\/jpeg"}],"twitter_card":"summary_large_image","twitter_misc":{"Gesch\u00e4tzte Lesezeit":"1\u00a0Minute"},"schema":{"@context":"https:\/\/schema.org","@graph":[{"@type":"WebPage","@id":"https:\/\/dnm.symbiotisk.net\/de\/fotoservice\/","url":"https:\/\/dnm.symbiotisk.net\/de\/fotoservice\/","name":"Fotoservice - Frederiksborg","isPartOf":{"@id":"https:\/\/dnm.symbiotisk.net\/#website"},"primaryImageOfPage":{"@id":"https:\/\/dnm.symbiotisk.net\/de\/fotoservice\/#primaryimage"},"image":{"@id":"https:\/\/dnm.symbiotisk.net\/de\/fotoservice\/#primaryimage"},"thumbnailUrl":"https:\/\/dnm.symbiotisk.net\/wp-content\/uploads\/2014\/08\/den-grundlovgivende-rigsforsamling.jpg","datePublished":"2018-02-13T14:53:12+00:00","dateModified":"2025-02-13T12:48:16+00:00","breadcrumb":{"@id":"https:\/\/dnm.symbiotisk.net\/de\/fotoservice\/#breadcrumb"},"inLanguage":"de","potentialAction":[{"@type":"ReadAction","target":["https:\/\/dnm.symbiotisk.net\/de\/fotoservice\/"]}]},{"@type":"ImageObject","inLanguage":"de","@id":"https:\/\/dnm.symbiotisk.net\/de\/fotoservice\/#primaryimage","url":"https:\/\/dnm.symbiotisk.net\/wp-content\/uploads\/2014\/08\/den-grundlovgivende-rigsforsamling.jpg","contentUrl":"https:\/\/dnm.symbiotisk.net\/wp-content\/uploads\/2014\/08\/den-grundlovgivende-rigsforsamling.jpg","width":1024,"height":686},{"@type":"BreadcrumbList","@id":"https:\/\/dnm.symbiotisk.net\/de\/fotoservice\/#breadcrumb","itemListElement":[{"@type":"ListItem","position":1,"name":"Hjem","item":"https:\/\/dnm.symbiotisk.net\/de\/"},{"@type":"ListItem","position":2,"name":"Fotoservice"}]},{"@type":"WebSite","@id":"https:\/\/dnm.symbiotisk.net\/#website","url":"https:\/\/dnm.symbiotisk.net\/","name":"Frederiksborg","description":"Frederiksborg \u2219 Nationalhistorisk Museum","potentialAction":[{"@type":"SearchAction","target":{"@type":"EntryPoint","urlTemplate":"https:\/\/dnm.symbiotisk.net\/?s={search_term_string}"},"query-input":{"@type":"PropertyValueSpecification","valueRequired":true,"valueName":"search_term_string"}}],"inLanguage":"de"}]}},"_links":{"self":[{"href":"https:\/\/dnm.symbiotisk.net\/de\/wp-json\/wp\/v2\/pages\/20882","targetHints":{"allow":["GET"]}}],"collection":[{"href":"https:\/\/dnm.symbiotisk.net\/de\/wp-json\/wp\/v2\/pages"}],"about":[{"href":"https:\/\/dnm.symbiotisk.net\/de\/wp-json\/wp\/v2\/types\/page"}],"author":[{"embeddable":true,"href":"https:\/\/dnm.symbiotisk.net\/de\/wp-json\/wp\/v2\/users\/5"}],"replies":[{"embeddable":true,"href":"https:\/\/dnm.symbiotisk.net\/de\/wp-json\/wp\/v2\/comments?post=20882"}],"version-history":[{"count":0,"href":"https:\/\/dnm.symbiotisk.net\/de\/wp-json\/wp\/v2\/pages\/20882\/revisions"}],"wp:featuredmedia":[{"embeddable":true,"href":"https:\/\/dnm.symbiotisk.net\/de\/wp-json\/wp\/v2\/media\/2574"}],"wp:attachment":[{"href":"https:\/\/dnm.symbiotisk.net\/de\/wp-json\/wp\/v2\/media?parent=20882"}],"curies":[{"name":"wp","href":"https:\/\/api.w.org\/{rel}","templated":true}]}}