{"id":20878,"date":"2017-11-17T10:35:07","date_gmt":"2017-11-17T09:35:07","guid":{"rendered":"https:\/\/dnm.symbiotisk.net\/frederiksborg-slot\/"},"modified":"2018-02-15T12:25:05","modified_gmt":"2018-02-15T11:25:05","slug":"frederiksborg-slot","status":"publish","type":"page","link":"https:\/\/dnm.symbiotisk.net\/de\/frederiksborg-slot\/","title":{"rendered":"Schloss Frederiksborg"},"content":{"rendered":"<section id=\"primary-section\">\n\t\t<div class=\"row content-wrapper\">\n\t\t<div class=\"col-12 col-m-12\">\n\t\t\t<img loading=\"lazy\" decoding=\"async\" width=\"1200\" height=\"800\" src=\"https:\/\/dnm.symbiotisk.net\/wp-content\/uploads\/2017\/11\/Frederiksborg-Slot.-Foto-Charlotte-Dahl.jpg\" class=\"attachment-wide-large-crop size-wide-large-crop wp-post-image\" alt=\"\" srcset=\"https:\/\/dnm.symbiotisk.net\/wp-content\/uploads\/2017\/11\/Frederiksborg-Slot.-Foto-Charlotte-Dahl.jpg 1200w, https:\/\/dnm.symbiotisk.net\/wp-content\/uploads\/2017\/11\/Frederiksborg-Slot.-Foto-Charlotte-Dahl-600x400.jpg 600w, https:\/\/dnm.symbiotisk.net\/wp-content\/uploads\/2017\/11\/Frederiksborg-Slot.-Foto-Charlotte-Dahl-768x512.jpg 768w, https:\/\/dnm.symbiotisk.net\/wp-content\/uploads\/2017\/11\/Frederiksborg-Slot.-Foto-Charlotte-Dahl-40x27.jpg 40w, https:\/\/dnm.symbiotisk.net\/wp-content\/uploads\/2017\/11\/Frederiksborg-Slot.-Foto-Charlotte-Dahl-810x540.jpg 810w, https:\/\/dnm.symbiotisk.net\/wp-content\/uploads\/2017\/11\/Frederiksborg-Slot.-Foto-Charlotte-Dahl-540x360.jpg 540w, https:\/\/dnm.symbiotisk.net\/wp-content\/uploads\/2017\/11\/Frederiksborg-Slot.-Foto-Charlotte-Dahl-405x270.jpg 405w, https:\/\/dnm.symbiotisk.net\/wp-content\/uploads\/2017\/11\/Frederiksborg-Slot.-Foto-Charlotte-Dahl-270x180.jpg 270w, https:\/\/dnm.symbiotisk.net\/wp-content\/uploads\/2017\/11\/Frederiksborg-Slot.-Foto-Charlotte-Dahl-300x200.jpg 300w\" sizes=\"auto, (max-width: 1200px) 100vw, 1200px\" \/>\t\t\t\t\t<\/div>\n\t<\/div>\n\t    <div class=\"row content-wrapper\">\n        <div class=\"col-6 col-m-6\">\n                        <h1 class=\"page-title\">Schloss Frederiksborg<\/h1>\n\t\t\t                        <a href=\"https:\/\/dnm.symbiotisk.net\/de\/tc-events\/entre\/\" class=\"button\">Ticket kaufen<\/a>\n                                <\/div>\n        <div class=\"col-6 col-m-6\">\n                        <div class=\"intro\"><p>Frederiksborg Slot ligger smukt p\u00e5 tre sm\u00e5 holme i Slotss\u00f8en i Hiller\u00f8d. Inden for slottets mure venter store kulturelle oplevelser for hele familien, mens de natursk\u00f8nne omgivelser indbyder til fredfyldte havevandringer og sejlture.<\/p>\n<\/div>\n            <div class=\"content\"><p>Frederiksborg Slot blev bygget af Christian 4. i 1600-tallets f\u00f8rste \u00e5rtier og er Nordens st\u00f8rste ren\u00e6ssanceanl\u00e6g. Det nye byggeri skulle fremh\u00e6ve og styrke Christian 4.s position som en magtfuld europ\u00e6isk monark. Derfor er slottet rigt udsmykket med symbolske og dekorative elementer som det imponerende Neptunspringvand og Kongefl\u00f8jens marmorgalleri.<\/p>\n<p>Siden 1878 har Frederiksborg Slot rummet Det Nationalhistoriske Museum, der fort\u00e6ller 500 \u00e5rs danmarkshistorie gennem en samling af portr\u00e6tter, historiemalerier, m\u00f8bler og kunstindustri. Museet blev etableret af Carlsbergs grundl\u00e6gger, brygger J. C. Jacobsen, og har siden v\u00e6ret en selvst\u00e6ndig afdeling af\u00a0<a href=\"http:\/\/www.carlsbergfondet.dk\/\" target=\"_blank\" rel=\"noopener\">Carlsbergfondet<\/a>. Skiftende s\u00e6rudstillinger er p\u00e5 programmet \u00e5ret rundt.<\/p>\n<\/div>\n\t\t\t                    <\/div>\n    <\/div>\n<\/section>\n<section id=\"section-1\">\n\t<div class=\"content-wrapper\">\n\t\n<div class=\"row\">\n\t<div class=\"col-6 col-m-6\">\n\t\t<div class=\"tile tile-type\">\n\t\t\t<div class=\"content\">\n\t\t\t\t\t\t\t<\/div>\n\t\t<\/div>\n\t<\/div>\n\t<div class=\"col-6 col-m-6\">\n\t\t<div class=\"tile tile-type\">\n\t\t\t<div class=\"content\">\n\t\t\t\t<h2>Frederiksborg Slots historie<\/h2>\n<h3>1560 &#8211; 1620:\u00a0Frederiksborg bliver opf\u00f8rt<\/h3>\n<p>I 1560 erhvervede Frederik 2. herreg\u00e5rden Hiller\u00f8dsholm og opf\u00f8rte f\u00f8rste del af Frederiksborg Slot. Men i \u00e5rene 1600-1620 rev\u00a0hans s\u00f8n Christian 4. slottet ned og\u00a0byggede i stedet det ren\u00e6ssanceslot, vi kender i dag.<\/p>\n<p>Mens slottet blev bygget, boede Christian 4. i et stort italienskinspireret lystslot kaldet Sparepenge, som han havde f\u00e5et bygget p\u00e5 den anden side af s\u00f8en.\u00a0Frederiksborg Slot blev brugt som kongebolig i de f\u00f8lgende hundrede \u00e5r.<\/p>\n<h3>1700 &#8211; 1859:\u00a0Forandringens tid<\/h3>\n<p>I 1720 blev Christian 4.s\u00a0lystslot Sparepenge revet ned, og man anlagde i stedet en smuk barokhave. Selve slottet blev ogs\u00e5 renoveret i\u00a01730erne, men slottet gik af brug som kongelig bolig ved udgangen af 1700-tallet. I stedet blev det p\u00e5 Frederiksborg, at den kongelige portr\u00e6tsamling blev samlet.<\/p>\n<p>I midten af 1800-tallet kom der nyt liv p\u00e5 Frederiksborg Slot, da Frederik 7. flyttede ind. Her blev han gift med Louise Rasmussen, der senere blev kendt som grevinde Danner.<\/p>\n<p>Det kongelige par ombyggede slottet for at g\u00f8re boligen mere tidssvarende. Blandt andet fik de installeret flere kaminer og kakkelovne for at kunne opvarme de store rum. Det var dog en af disse nye varmekilder, der i 1859 for\u00e5rsagede den store slotsbrand. Store dele af interi\u00f8ret br\u00e6ndte ud, og flere steder stod kun de tykke mure tilbage. Kirken og Audienssalen blev sk\u00e5net.<\/p>\n<h3>1860 &#8211; i dag: Bryggerens museum<\/h3>\n<p>Da Frederiksborg Slot skulle genopbygges efter branden i 1859, blev der foranstaltet b\u00e5de en landsindsamling og et lotteri til fordel for slottet.<\/p>\n<p>Kongefamilien besluttede, at de ikke l\u00e6ngere ville benytte slottet som bolig, og det blev derfor et \u00e5bent sp\u00f8rgsm\u00e5l, hvad slottet skulle bruges til. Carlsbergs grundl\u00e6gger, brygger J. C. Jacobsen, foreslog, at der blev etableret et nationalhistorisk museum p\u00e5 slottet, og han tilb\u00f8d at betale for\u00a0indretningen af museet og dets videre udgifter.<\/p>\n<p>&nbsp;<\/p>\n\t\t\t<\/div>\n\t\t<\/div>\n\t<\/div>\n<\/div>\n\n\t<\/div>\n<\/section>\n<section id=\"section-2\">\n\t<div class=\"content-wrapper\">\n\t\n<div class=\"row\">\n\t<div class=\"col-6 col-m-6\">\n\t\t<div class=\"tile tile-type\">\n\t\t\t<div class=\"content\">\n\t\t\t\t<div class=\"image\">\n\t<img decoding=\"async\" src=\"https:\/\/dnm.symbiotisk.net\/wp-content\/uploads\/2017\/11\/Frederiksborg-Slotshave.-Foto-Mew-1350x900.jpg\" srcset=\"https:\/\/dnm.symbiotisk.net\/wp-content\/uploads\/2017\/11\/Frederiksborg-Slotshave.-Foto-Mew-1350x900.jpg 1350w, https:\/\/dnm.symbiotisk.net\/wp-content\/uploads\/2017\/11\/Frederiksborg-Slotshave.-Foto-Mew-600x400.jpg 600w, https:\/\/dnm.symbiotisk.net\/wp-content\/uploads\/2017\/11\/Frederiksborg-Slotshave.-Foto-Mew-768x512.jpg 768w, https:\/\/dnm.symbiotisk.net\/wp-content\/uploads\/2017\/11\/Frederiksborg-Slotshave.-Foto-Mew-40x27.jpg 40w, https:\/\/dnm.symbiotisk.net\/wp-content\/uploads\/2017\/11\/Frederiksborg-Slotshave.-Foto-Mew-810x540.jpg 810w, https:\/\/dnm.symbiotisk.net\/wp-content\/uploads\/2017\/11\/Frederiksborg-Slotshave.-Foto-Mew-540x360.jpg 540w, https:\/\/dnm.symbiotisk.net\/wp-content\/uploads\/2017\/11\/Frederiksborg-Slotshave.-Foto-Mew-405x270.jpg 405w, https:\/\/dnm.symbiotisk.net\/wp-content\/uploads\/2017\/11\/Frederiksborg-Slotshave.-Foto-Mew-270x180.jpg 270w, https:\/\/dnm.symbiotisk.net\/wp-content\/uploads\/2017\/11\/Frederiksborg-Slotshave.-Foto-Mew-300x200.jpg 300w, https:\/\/dnm.symbiotisk.net\/wp-content\/uploads\/2017\/11\/Frederiksborg-Slotshave.-Foto-Mew.jpg 1500w\" sizes=\"(max-width: 1350px) 100vw, 1350px\" class=\"\" alt=\"\">\t<\/div>\n\t\t\t<\/div>\n\t\t<\/div>\n\t<\/div>\n\t<div class=\"col-6 col-m-6\">\n\t\t<div class=\"tile tile-type\">\n\t\t\t<div class=\"content\">\n\t\t\t\t<h2>Frederiksborg Slotskirke<\/h2>\n<p>Frederiksborg Slotskirke er et enest\u00e5ende rum med sin originaludsmykning fra Christian 4.s tid, men kirken rummer ogs\u00e5 flere historiske skatte. Mens store dele af slottets indre blev \u00f8delagt ved branden i 1859, gik kirken n\u00e6sten fri.<\/p>\n<p>Den imponerende altertavle i guld, s\u00f8lv og ibenholt blev fremstillet af guldsmeden Jacob Mores fra Hamborg\u00a0i 1606. I galleriet st\u00e5r det\u00a0historiske Compenius-orgel, der blev bygget i\u00a01610 af Esajas Compenius.\u00a0Hver torsdag kl. 13.30 er der koncert p\u00e5 Compenius-orglet. Koncerten er gratis for museets g\u00e6ster.<\/p>\n<p>Under enev\u00e6lden (1660-1848) blev de danske konger kronet i Slotskirken, og siden 1693 har her v\u00e6ret ridderkapel for Elefantordenen og Dannebrogordenen.\u00a0Blandt de v\u00e5bens- og ordensskjolde, der pryder v\u00e6ggene, findes flere, der er sk\u00e6nket til internationale statsoverhoveder som Nelson Mandela og fremtr\u00e6dende danskere som M\u00e6rsk McKinney M\u00f8ller og Niels Bohr.<\/p>\n<p>Fra galleriet er der adgang til Kongens Bedekammer, der var et af de pr\u00e6gtigste rum p\u00e5 Christian 4.s slot, men som desv\u00e6rre blev \u00f8delagt ved slotsbranden i 1859.\u00a0Rummet blev imidlertid genskabt med panelernes intarsia og lofternes elfenbensudsmykning, s\u00e5 det i dag n\u00e6sten ser ud som f\u00f8r branden.\u00a0Kunstneren Carl Bloch udf\u00f8rte i perioden 1865-1879 23 malerier med motiver fra Kristi liv, som blev h\u00e6ngt op i Bedekammeret.<\/p>\n<p>Frederiksborg Slotskirke har siden Christian 4.s tid fungeret som sognekirke og g\u00f8r det stadig.<\/p>\n\t\t\t<\/div>\n\t\t<\/div>\n\t<\/div>\n<\/div>\n\n\t<\/div>\n<\/section>\n<section id=\"secondary-content\">\n\n\t<div class=\"textpanel fullwidth\">\n\t<div class=\"content-wrapper\">\n\t\t\t\t\t\t\t\t<p>Das Nationalhistorische Museum wurde vom Gr\u00fcnder der Carlsberg Brauerei, J. C. Jacobsen, in 1878 errichtet und ist eine eigene Abteilung der Carlsberg Stiftung.<\/p>\n\t\t\t\t<a href=\"https:\/\/dnm.symbiotisk.net\/de\/das-museum\/\" class=\"button\">Lesen Sie mehr<\/a>\n\t\t\t<\/div>\n<\/div>\n\t\n<\/section>\n","protected":false},"excerpt":{"rendered":"<p>Schloss Frederiksborg Ticket kaufen Frederiksborg Slot ligger smukt p\u00e5 tre sm\u00e5 holme i Slotss\u00f8en i Hiller\u00f8d. Inden for slottets mure venter store kulturelle oplevelser for hele familien, mens de natursk\u00f8nne omgivelser indbyder til fredfyldte havevandringer og sejlture. Frederiksborg Slot blev bygget af Christian 4. i 1600-tallets f\u00f8rste \u00e5rtier og er Nordens st\u00f8rste ren\u00e6ssanceanl\u00e6g. Det nye [&hellip;]<\/p>\n","protected":false},"author":5,"featured_media":2850,"parent":0,"menu_order":0,"comment_status":"closed","ping_status":"closed","template":"","meta":{"_acf_changed":false,"_relevanssi_hide_post":"","_relevanssi_hide_content":"","_relevanssi_pin_for_all":"","_relevanssi_pin_keywords":"","_relevanssi_unpin_keywords":"","_relevanssi_related_keywords":"","_relevanssi_related_include_ids":"","_relevanssi_related_exclude_ids":"","_relevanssi_related_no_append":"","_relevanssi_related_not_related":"","_relevanssi_related_posts":"","_relevanssi_noindex_reason":"","footnotes":""},"class_list":["post-20878","page","type-page","status-publish","has-post-thumbnail","hentry"],"acf":[],"yoast_head":"<!-- This site is optimized with the Yoast SEO plugin v27.3 - https:\/\/yoast.com\/product\/yoast-seo-wordpress\/ -->\n<title>Schloss Frederiksborg - Frederiksborg<\/title>\n<meta name=\"robots\" content=\"noindex, follow, max-snippet:-1, max-image-preview:large, max-video-preview:-1\" \/>\n<meta property=\"og:locale\" content=\"de_DE\" \/>\n<meta property=\"og:type\" content=\"article\" \/>\n<meta property=\"og:title\" content=\"Schloss Frederiksborg - Frederiksborg\" \/>\n<meta property=\"og:description\" content=\"Schloss Frederiksborg Ticket kaufen Frederiksborg Slot ligger smukt p\u00e5 tre sm\u00e5 holme i Slotss\u00f8en i Hiller\u00f8d. Inden for slottets mure venter store kulturelle oplevelser for hele familien, mens de natursk\u00f8nne omgivelser indbyder til fredfyldte havevandringer og sejlture. Frederiksborg Slot blev bygget af Christian 4. i 1600-tallets f\u00f8rste \u00e5rtier og er Nordens st\u00f8rste ren\u00e6ssanceanl\u00e6g. Det nye [&hellip;]\" \/>\n<meta property=\"og:url\" content=\"https:\/\/dnm.symbiotisk.net\/de\/frederiksborg-slot\/\" \/>\n<meta property=\"og:site_name\" content=\"Frederiksborg\" \/>\n<meta property=\"article:modified_time\" content=\"2018-02-15T11:25:05+00:00\" \/>\n<meta property=\"og:image\" content=\"https:\/\/dnm.symbiotisk.net\/wp-content\/uploads\/2017\/11\/Frederiksborg-Slot.-Foto-Charlotte-Dahl.jpg\" \/>\n\t<meta property=\"og:image:width\" content=\"1200\" \/>\n\t<meta property=\"og:image:height\" content=\"800\" \/>\n\t<meta property=\"og:image:type\" content=\"image\/jpeg\" \/>\n<meta name=\"twitter:card\" content=\"summary_large_image\" \/>\n<script type=\"application\/ld+json\" class=\"yoast-schema-graph\">{\"@context\":\"https:\\\/\\\/schema.org\",\"@graph\":[{\"@type\":\"WebPage\",\"@id\":\"https:\\\/\\\/dnm.symbiotisk.net\\\/de\\\/frederiksborg-slot\\\/\",\"url\":\"https:\\\/\\\/dnm.symbiotisk.net\\\/de\\\/frederiksborg-slot\\\/\",\"name\":\"Schloss Frederiksborg - Frederiksborg\",\"isPartOf\":{\"@id\":\"https:\\\/\\\/dnm.symbiotisk.net\\\/#website\"},\"primaryImageOfPage\":{\"@id\":\"https:\\\/\\\/dnm.symbiotisk.net\\\/de\\\/frederiksborg-slot\\\/#primaryimage\"},\"image\":{\"@id\":\"https:\\\/\\\/dnm.symbiotisk.net\\\/de\\\/frederiksborg-slot\\\/#primaryimage\"},\"thumbnailUrl\":\"https:\\\/\\\/dnm.symbiotisk.net\\\/wp-content\\\/uploads\\\/2017\\\/11\\\/Frederiksborg-Slot.-Foto-Charlotte-Dahl.jpg\",\"datePublished\":\"2017-11-17T09:35:07+00:00\",\"dateModified\":\"2018-02-15T11:25:05+00:00\",\"breadcrumb\":{\"@id\":\"https:\\\/\\\/dnm.symbiotisk.net\\\/de\\\/frederiksborg-slot\\\/#breadcrumb\"},\"inLanguage\":\"de\",\"potentialAction\":[{\"@type\":\"ReadAction\",\"target\":[\"https:\\\/\\\/dnm.symbiotisk.net\\\/de\\\/frederiksborg-slot\\\/\"]}]},{\"@type\":\"ImageObject\",\"inLanguage\":\"de\",\"@id\":\"https:\\\/\\\/dnm.symbiotisk.net\\\/de\\\/frederiksborg-slot\\\/#primaryimage\",\"url\":\"https:\\\/\\\/dnm.symbiotisk.net\\\/wp-content\\\/uploads\\\/2017\\\/11\\\/Frederiksborg-Slot.-Foto-Charlotte-Dahl.jpg\",\"contentUrl\":\"https:\\\/\\\/dnm.symbiotisk.net\\\/wp-content\\\/uploads\\\/2017\\\/11\\\/Frederiksborg-Slot.-Foto-Charlotte-Dahl.jpg\",\"width\":1200,\"height\":800},{\"@type\":\"BreadcrumbList\",\"@id\":\"https:\\\/\\\/dnm.symbiotisk.net\\\/de\\\/frederiksborg-slot\\\/#breadcrumb\",\"itemListElement\":[{\"@type\":\"ListItem\",\"position\":1,\"name\":\"Hjem\",\"item\":\"https:\\\/\\\/dnm.symbiotisk.net\\\/de\\\/\"},{\"@type\":\"ListItem\",\"position\":2,\"name\":\"Schloss Frederiksborg\"}]},{\"@type\":\"WebSite\",\"@id\":\"https:\\\/\\\/dnm.symbiotisk.net\\\/#website\",\"url\":\"https:\\\/\\\/dnm.symbiotisk.net\\\/\",\"name\":\"Frederiksborg\",\"description\":\"Frederiksborg \u2219 Nationalhistorisk Museum\",\"potentialAction\":[{\"@type\":\"SearchAction\",\"target\":{\"@type\":\"EntryPoint\",\"urlTemplate\":\"https:\\\/\\\/dnm.symbiotisk.net\\\/?s={search_term_string}\"},\"query-input\":{\"@type\":\"PropertyValueSpecification\",\"valueRequired\":true,\"valueName\":\"search_term_string\"}}],\"inLanguage\":\"de\"}]}<\/script>\n<!-- \/ Yoast SEO plugin. -->","yoast_head_json":{"title":"Schloss Frederiksborg - Frederiksborg","robots":{"index":"noindex","follow":"follow","max-snippet":"max-snippet:-1","max-image-preview":"max-image-preview:large","max-video-preview":"max-video-preview:-1"},"og_locale":"de_DE","og_type":"article","og_title":"Schloss Frederiksborg - Frederiksborg","og_description":"Schloss Frederiksborg Ticket kaufen Frederiksborg Slot ligger smukt p\u00e5 tre sm\u00e5 holme i Slotss\u00f8en i Hiller\u00f8d. Inden for slottets mure venter store kulturelle oplevelser for hele familien, mens de natursk\u00f8nne omgivelser indbyder til fredfyldte havevandringer og sejlture. Frederiksborg Slot blev bygget af Christian 4. i 1600-tallets f\u00f8rste \u00e5rtier og er Nordens st\u00f8rste ren\u00e6ssanceanl\u00e6g. Det nye [&hellip;]","og_url":"https:\/\/dnm.symbiotisk.net\/de\/frederiksborg-slot\/","og_site_name":"Frederiksborg","article_modified_time":"2018-02-15T11:25:05+00:00","og_image":[{"width":1200,"height":800,"url":"https:\/\/dnm.symbiotisk.net\/wp-content\/uploads\/2017\/11\/Frederiksborg-Slot.-Foto-Charlotte-Dahl.jpg","type":"image\/jpeg"}],"twitter_card":"summary_large_image","schema":{"@context":"https:\/\/schema.org","@graph":[{"@type":"WebPage","@id":"https:\/\/dnm.symbiotisk.net\/de\/frederiksborg-slot\/","url":"https:\/\/dnm.symbiotisk.net\/de\/frederiksborg-slot\/","name":"Schloss Frederiksborg - Frederiksborg","isPartOf":{"@id":"https:\/\/dnm.symbiotisk.net\/#website"},"primaryImageOfPage":{"@id":"https:\/\/dnm.symbiotisk.net\/de\/frederiksborg-slot\/#primaryimage"},"image":{"@id":"https:\/\/dnm.symbiotisk.net\/de\/frederiksborg-slot\/#primaryimage"},"thumbnailUrl":"https:\/\/dnm.symbiotisk.net\/wp-content\/uploads\/2017\/11\/Frederiksborg-Slot.-Foto-Charlotte-Dahl.jpg","datePublished":"2017-11-17T09:35:07+00:00","dateModified":"2018-02-15T11:25:05+00:00","breadcrumb":{"@id":"https:\/\/dnm.symbiotisk.net\/de\/frederiksborg-slot\/#breadcrumb"},"inLanguage":"de","potentialAction":[{"@type":"ReadAction","target":["https:\/\/dnm.symbiotisk.net\/de\/frederiksborg-slot\/"]}]},{"@type":"ImageObject","inLanguage":"de","@id":"https:\/\/dnm.symbiotisk.net\/de\/frederiksborg-slot\/#primaryimage","url":"https:\/\/dnm.symbiotisk.net\/wp-content\/uploads\/2017\/11\/Frederiksborg-Slot.-Foto-Charlotte-Dahl.jpg","contentUrl":"https:\/\/dnm.symbiotisk.net\/wp-content\/uploads\/2017\/11\/Frederiksborg-Slot.-Foto-Charlotte-Dahl.jpg","width":1200,"height":800},{"@type":"BreadcrumbList","@id":"https:\/\/dnm.symbiotisk.net\/de\/frederiksborg-slot\/#breadcrumb","itemListElement":[{"@type":"ListItem","position":1,"name":"Hjem","item":"https:\/\/dnm.symbiotisk.net\/de\/"},{"@type":"ListItem","position":2,"name":"Schloss Frederiksborg"}]},{"@type":"WebSite","@id":"https:\/\/dnm.symbiotisk.net\/#website","url":"https:\/\/dnm.symbiotisk.net\/","name":"Frederiksborg","description":"Frederiksborg \u2219 Nationalhistorisk Museum","potentialAction":[{"@type":"SearchAction","target":{"@type":"EntryPoint","urlTemplate":"https:\/\/dnm.symbiotisk.net\/?s={search_term_string}"},"query-input":{"@type":"PropertyValueSpecification","valueRequired":true,"valueName":"search_term_string"}}],"inLanguage":"de"}]}},"_links":{"self":[{"href":"https:\/\/dnm.symbiotisk.net\/de\/wp-json\/wp\/v2\/pages\/20878","targetHints":{"allow":["GET"]}}],"collection":[{"href":"https:\/\/dnm.symbiotisk.net\/de\/wp-json\/wp\/v2\/pages"}],"about":[{"href":"https:\/\/dnm.symbiotisk.net\/de\/wp-json\/wp\/v2\/types\/page"}],"author":[{"embeddable":true,"href":"https:\/\/dnm.symbiotisk.net\/de\/wp-json\/wp\/v2\/users\/5"}],"replies":[{"embeddable":true,"href":"https:\/\/dnm.symbiotisk.net\/de\/wp-json\/wp\/v2\/comments?post=20878"}],"version-history":[{"count":0,"href":"https:\/\/dnm.symbiotisk.net\/de\/wp-json\/wp\/v2\/pages\/20878\/revisions"}],"wp:featuredmedia":[{"embeddable":true,"href":"https:\/\/dnm.symbiotisk.net\/de\/wp-json\/wp\/v2\/media\/2850"}],"wp:attachment":[{"href":"https:\/\/dnm.symbiotisk.net\/de\/wp-json\/wp\/v2\/media?parent=20878"}],"curies":[{"name":"wp","href":"https:\/\/api.w.org\/{rel}","templated":true}]}}