{"id":181513,"date":"2025-03-04T14:18:16","date_gmt":"2025-03-04T13:18:16","guid":{"rendered":"https:\/\/dnm.symbiotisk.net\/?page_id=181513"},"modified":"2025-03-04T14:32:24","modified_gmt":"2025-03-04T13:32:24","slug":"ueber-frederiksborg","status":"publish","type":"page","link":"https:\/\/dnm.symbiotisk.net\/de\/ueber-frederiksborg\/","title":{"rendered":"\u00dcber Frederiksborg"},"content":{"rendered":"<section id=\"primary-section\">\n\t    <div class=\"row content-wrapper\">\n        <div class=\"col-6 col-m-6\">\n                        <h1 class=\"page-title\">\u00dcber Frederiksborg<\/h1>\n\t\t\t                                <\/div>\n        <div class=\"col-6 col-m-6\">\n                        <div class=\"intro\"><\/div>\n            <div class=\"content\"><\/div>\n\t\t\t                    <\/div>\n    <\/div>\n<\/section>\n<section id=\"section-1\">\n\t<div class=\"content-wrapper\">\n\t\n<div class=\"row\">\n\t<div class=\"col-6 col-m-6\">\n\t\t<div class=\"tile tile-type\">\n\t\t\t<div class=\"content\">\n\t\t\t\t<div class=\"gallery-slider\">\n\t<div class=\"slider-wrapper\">\n\t<div class=\"gallery-image\">\n\t\t<img decoding=\"async\" src=\"https:\/\/dnm.symbiotisk.net\/wp-content\/uploads\/2024\/01\/Frederiksborg-Drone-4-e1741095127235-600x572.jpg\" srcset=\"https:\/\/dnm.symbiotisk.net\/wp-content\/uploads\/2024\/01\/Frederiksborg-Drone-4-e1741095127235-600x572.jpg 600w, https:\/\/dnm.symbiotisk.net\/wp-content\/uploads\/2024\/01\/Frederiksborg-Drone-4-e1741095127235-1600x1524.jpg 1600w, https:\/\/dnm.symbiotisk.net\/wp-content\/uploads\/2024\/01\/Frederiksborg-Drone-4-e1741095127235-768x732.jpg 768w, https:\/\/dnm.symbiotisk.net\/wp-content\/uploads\/2024\/01\/Frederiksborg-Drone-4-e1741095127235-1536x1463.jpg 1536w, https:\/\/dnm.symbiotisk.net\/wp-content\/uploads\/2024\/01\/Frederiksborg-Drone-4-e1741095127235-2048x1951.jpg 2048w, https:\/\/dnm.symbiotisk.net\/wp-content\/uploads\/2024\/01\/Frederiksborg-Drone-4-e1741095127235-40x38.jpg 40w, https:\/\/dnm.symbiotisk.net\/wp-content\/uploads\/2024\/01\/Frederiksborg-Drone-4-e1741095127235-945x900.jpg 945w, https:\/\/dnm.symbiotisk.net\/wp-content\/uploads\/2024\/01\/Frederiksborg-Drone-4-e1741095127235-567x540.jpg 567w, https:\/\/dnm.symbiotisk.net\/wp-content\/uploads\/2024\/01\/Frederiksborg-Drone-4-e1741095127235-378x360.jpg 378w, https:\/\/dnm.symbiotisk.net\/wp-content\/uploads\/2024\/01\/Frederiksborg-Drone-4-e1741095127235-283x270.jpg 283w, https:\/\/dnm.symbiotisk.net\/wp-content\/uploads\/2024\/01\/Frederiksborg-Drone-4-e1741095127235-189x180.jpg 189w, https:\/\/dnm.symbiotisk.net\/wp-content\/uploads\/2024\/01\/Frederiksborg-Drone-4-e1741095127235-300x286.jpg 300w\" sizes=\"(max-width: 600px) 100vw, 600px\" class=\"\" alt=\"\">\t\t\t<\/div>\n\t<div class=\"gallery-image\">\n\t\t<img decoding=\"async\" src=\"https:\/\/dnm.symbiotisk.net\/wp-content\/uploads\/2024\/01\/Frederiksborg-Drone-35-600x450.jpg\" srcset=\"https:\/\/dnm.symbiotisk.net\/wp-content\/uploads\/2024\/01\/Frederiksborg-Drone-35-600x450.jpg 600w, https:\/\/dnm.symbiotisk.net\/wp-content\/uploads\/2024\/01\/Frederiksborg-Drone-35-1600x1199.jpg 1600w, https:\/\/dnm.symbiotisk.net\/wp-content\/uploads\/2024\/01\/Frederiksborg-Drone-35-768x576.jpg 768w, https:\/\/dnm.symbiotisk.net\/wp-content\/uploads\/2024\/01\/Frederiksborg-Drone-35-1536x1151.jpg 1536w, https:\/\/dnm.symbiotisk.net\/wp-content\/uploads\/2024\/01\/Frederiksborg-Drone-35-2048x1535.jpg 2048w, https:\/\/dnm.symbiotisk.net\/wp-content\/uploads\/2024\/01\/Frederiksborg-Drone-35-40x30.jpg 40w, https:\/\/dnm.symbiotisk.net\/wp-content\/uploads\/2024\/01\/Frederiksborg-Drone-35-1201x900.jpg 1201w, https:\/\/dnm.symbiotisk.net\/wp-content\/uploads\/2024\/01\/Frederiksborg-Drone-35-720x540.jpg 720w, https:\/\/dnm.symbiotisk.net\/wp-content\/uploads\/2024\/01\/Frederiksborg-Drone-35-480x360.jpg 480w, https:\/\/dnm.symbiotisk.net\/wp-content\/uploads\/2024\/01\/Frederiksborg-Drone-35-360x270.jpg 360w, https:\/\/dnm.symbiotisk.net\/wp-content\/uploads\/2024\/01\/Frederiksborg-Drone-35-240x180.jpg 240w, https:\/\/dnm.symbiotisk.net\/wp-content\/uploads\/2024\/01\/Frederiksborg-Drone-35-300x225.jpg 300w\" sizes=\"(max-width: 600px) 100vw, 600px\" class=\"\" alt=\"\">\t\t\t\t<p class=\"caption\">Photo: 24Copenhagen<\/p>\n\t\t\t<\/div>\n\t<div class=\"gallery-image\">\n\t\t<img decoding=\"async\" src=\"https:\/\/dnm.symbiotisk.net\/wp-content\/uploads\/2024\/10\/Frederiksborg-Slot-3-600x449.jpg\" srcset=\"https:\/\/dnm.symbiotisk.net\/wp-content\/uploads\/2024\/10\/Frederiksborg-Slot-3-600x449.jpg 600w, https:\/\/dnm.symbiotisk.net\/wp-content\/uploads\/2024\/10\/Frederiksborg-Slot-3-1600x1198.jpg 1600w, https:\/\/dnm.symbiotisk.net\/wp-content\/uploads\/2024\/10\/Frederiksborg-Slot-3-768x575.jpg 768w, https:\/\/dnm.symbiotisk.net\/wp-content\/uploads\/2024\/10\/Frederiksborg-Slot-3-1536x1151.jpg 1536w, https:\/\/dnm.symbiotisk.net\/wp-content\/uploads\/2024\/10\/Frederiksborg-Slot-3-40x30.jpg 40w, https:\/\/dnm.symbiotisk.net\/wp-content\/uploads\/2024\/10\/Frederiksborg-Slot-3-1202x900.jpg 1202w, https:\/\/dnm.symbiotisk.net\/wp-content\/uploads\/2024\/10\/Frederiksborg-Slot-3-721x540.jpg 721w, https:\/\/dnm.symbiotisk.net\/wp-content\/uploads\/2024\/10\/Frederiksborg-Slot-3-481x360.jpg 481w, https:\/\/dnm.symbiotisk.net\/wp-content\/uploads\/2024\/10\/Frederiksborg-Slot-3-360x270.jpg 360w, https:\/\/dnm.symbiotisk.net\/wp-content\/uploads\/2024\/10\/Frederiksborg-Slot-3-240x180.jpg 240w, https:\/\/dnm.symbiotisk.net\/wp-content\/uploads\/2024\/10\/Frederiksborg-Slot-3-300x225.jpg 300w, https:\/\/dnm.symbiotisk.net\/wp-content\/uploads\/2024\/10\/Frederiksborg-Slot-3.jpg 2048w\" sizes=\"(max-width: 600px) 100vw, 600px\" class=\"\" alt=\"\">\t\t\t<\/div>\n\t<\/div>\n\t<nav class=\"slider-navigation\">\n\t\t<div class=\"pagination\"><span class=\"current-slide\">1<\/span>\/3<\/div>\n\t<\/nav>\n<\/div>\t\t\t<\/div>\n\t\t<\/div>\n\t<\/div>\n\t<div class=\"col-6 col-m-6\">\n\t\t<div class=\"tile tile-type\">\n\t\t\t<div class=\"content\">\n\t\t\t\t<p>Schloss Frederiksborg liegt in wundersch\u00f6ner Lage auf drei kleinen Holmen im Schlosssee von Hiller\u00f8d. Hinter den Schlossmauern erwarten Sie gro\u00dfartige kulturelle Erlebnisse f\u00fcr die ganze Familie, w\u00e4hrend die sch\u00f6ne Natur rund um das Schloss zu stillen, ruhigen Gartenspazierg\u00e4ngen und Rundfahrten auf dem Schlosssee einl\u00e4dt.<\/p>\n<p>Schloss Frederiksborg wurde in den ersten Jahrzehnten des 17. Jahrhunderts vom K\u00f6nig Christian IV. erbaut und ist heute das gr\u00f6\u00dfte Renaissanceschloss Skandinaviens. Der neue Bau sollte die Position von Christian IV. als machtvoller, europ\u00e4ischer Monarch hervorheben und st\u00e4rken. Dies zeigt sich an der reichen Ausschm\u00fcckung mit symbolischen und dekorativen Elementen, wie dem beeindruckenden Neptunbrunnen sowie der Marmorgalerie im K\u00f6nigsfl\u00fcgel.<\/p>\n<p>Seit dem Jahr 1878 beherbergt Schloss Frederiksborg das Nationalhistorische Museum. Ein Rundgang durch das Museum ist eine Reise durch 500 Jahre d\u00e4nische Geschichte, veranschaulicht durch eine reichhaltige Sammlung von Portr\u00e4ts, Historiengem\u00e4lden, M\u00f6beln und Kunstgewerbe. Das Museum wurde auf Initiative des Carlsberg-Gr\u00fcnders Brauer J. C. Jacobsen errichtet und ist seither eine eigenst\u00e4ndige Abteilung der\u00a0<a href=\"http:\/\/www.carlsbergfondet.dk\/en\" target=\"_blank\" rel=\"noopener\">Carlsberg-Stiftung<\/a>.<\/p>\n\t\t\t<\/div>\n\t\t<\/div>\n\t<\/div>\n<\/div>\n\n\t<\/div>\n<\/section>\n","protected":false},"excerpt":{"rendered":"<p>\u00dcber Frederiksborg Photo: 24Copenhagen 1\/3 Schloss Frederiksborg liegt in wundersch\u00f6ner Lage auf drei kleinen Holmen im Schlosssee von Hiller\u00f8d. Hinter den Schlossmauern erwarten Sie gro\u00dfartige kulturelle Erlebnisse f\u00fcr die ganze Familie, w\u00e4hrend die sch\u00f6ne Natur rund um das Schloss zu stillen, ruhigen Gartenspazierg\u00e4ngen und Rundfahrten auf dem Schlosssee einl\u00e4dt. Schloss Frederiksborg wurde in den ersten [&hellip;]<\/p>\n","protected":false},"author":45,"featured_media":0,"parent":0,"menu_order":0,"comment_status":"closed","ping_status":"closed","template":"","meta":{"_acf_changed":false,"_relevanssi_hide_post":"","_relevanssi_hide_content":"","_relevanssi_pin_for_all":"","_relevanssi_pin_keywords":"","_relevanssi_unpin_keywords":"","_relevanssi_related_keywords":"","_relevanssi_related_include_ids":"","_relevanssi_related_exclude_ids":"","_relevanssi_related_no_append":"","_relevanssi_related_not_related":"","_relevanssi_related_posts":"","_relevanssi_noindex_reason":"","footnotes":""},"class_list":["post-181513","page","type-page","status-publish","hentry"],"acf":[],"yoast_head":"<!-- This site is optimized with the Yoast SEO plugin v27.3 - https:\/\/yoast.com\/product\/yoast-seo-wordpress\/ -->\n<title>\u00dcber Frederiksborg - Frederiksborg<\/title>\n<meta name=\"robots\" content=\"noindex, follow, max-snippet:-1, max-image-preview:large, max-video-preview:-1\" \/>\n<meta property=\"og:locale\" content=\"de_DE\" \/>\n<meta property=\"og:type\" content=\"article\" \/>\n<meta property=\"og:title\" content=\"\u00dcber Frederiksborg - Frederiksborg\" \/>\n<meta property=\"og:description\" content=\"\u00dcber Frederiksborg Photo: 24Copenhagen 1\/3 Schloss Frederiksborg liegt in wundersch\u00f6ner Lage auf drei kleinen Holmen im Schlosssee von Hiller\u00f8d. Hinter den Schlossmauern erwarten Sie gro\u00dfartige kulturelle Erlebnisse f\u00fcr die ganze Familie, w\u00e4hrend die sch\u00f6ne Natur rund um das Schloss zu stillen, ruhigen Gartenspazierg\u00e4ngen und Rundfahrten auf dem Schlosssee einl\u00e4dt. Schloss Frederiksborg wurde in den ersten [&hellip;]\" \/>\n<meta property=\"og:url\" content=\"https:\/\/dnm.symbiotisk.net\/de\/ueber-frederiksborg\/\" \/>\n<meta property=\"og:site_name\" content=\"Frederiksborg\" \/>\n<meta property=\"article:modified_time\" content=\"2025-03-04T13:32:24+00:00\" \/>\n<meta name=\"twitter:card\" content=\"summary_large_image\" \/>\n<script type=\"application\/ld+json\" class=\"yoast-schema-graph\">{\"@context\":\"https:\\\/\\\/schema.org\",\"@graph\":[{\"@type\":\"WebPage\",\"@id\":\"https:\\\/\\\/dnm.symbiotisk.net\\\/de\\\/ueber-frederiksborg\\\/\",\"url\":\"https:\\\/\\\/dnm.symbiotisk.net\\\/de\\\/ueber-frederiksborg\\\/\",\"name\":\"\u00dcber Frederiksborg - Frederiksborg\",\"isPartOf\":{\"@id\":\"https:\\\/\\\/dnm.symbiotisk.net\\\/#website\"},\"datePublished\":\"2025-03-04T13:18:16+00:00\",\"dateModified\":\"2025-03-04T13:32:24+00:00\",\"breadcrumb\":{\"@id\":\"https:\\\/\\\/dnm.symbiotisk.net\\\/de\\\/ueber-frederiksborg\\\/#breadcrumb\"},\"inLanguage\":\"de\",\"potentialAction\":[{\"@type\":\"ReadAction\",\"target\":[\"https:\\\/\\\/dnm.symbiotisk.net\\\/de\\\/ueber-frederiksborg\\\/\"]}]},{\"@type\":\"BreadcrumbList\",\"@id\":\"https:\\\/\\\/dnm.symbiotisk.net\\\/de\\\/ueber-frederiksborg\\\/#breadcrumb\",\"itemListElement\":[{\"@type\":\"ListItem\",\"position\":1,\"name\":\"Hjem\",\"item\":\"https:\\\/\\\/dnm.symbiotisk.net\\\/de\\\/\"},{\"@type\":\"ListItem\",\"position\":2,\"name\":\"\u00dcber Frederiksborg\"}]},{\"@type\":\"WebSite\",\"@id\":\"https:\\\/\\\/dnm.symbiotisk.net\\\/#website\",\"url\":\"https:\\\/\\\/dnm.symbiotisk.net\\\/\",\"name\":\"Frederiksborg\",\"description\":\"Frederiksborg \u2219 Nationalhistorisk Museum\",\"potentialAction\":[{\"@type\":\"SearchAction\",\"target\":{\"@type\":\"EntryPoint\",\"urlTemplate\":\"https:\\\/\\\/dnm.symbiotisk.net\\\/?s={search_term_string}\"},\"query-input\":{\"@type\":\"PropertyValueSpecification\",\"valueRequired\":true,\"valueName\":\"search_term_string\"}}],\"inLanguage\":\"de\"}]}<\/script>\n<!-- \/ Yoast SEO plugin. -->","yoast_head_json":{"title":"\u00dcber Frederiksborg - Frederiksborg","robots":{"index":"noindex","follow":"follow","max-snippet":"max-snippet:-1","max-image-preview":"max-image-preview:large","max-video-preview":"max-video-preview:-1"},"og_locale":"de_DE","og_type":"article","og_title":"\u00dcber Frederiksborg - Frederiksborg","og_description":"\u00dcber Frederiksborg Photo: 24Copenhagen 1\/3 Schloss Frederiksborg liegt in wundersch\u00f6ner Lage auf drei kleinen Holmen im Schlosssee von Hiller\u00f8d. Hinter den Schlossmauern erwarten Sie gro\u00dfartige kulturelle Erlebnisse f\u00fcr die ganze Familie, w\u00e4hrend die sch\u00f6ne Natur rund um das Schloss zu stillen, ruhigen Gartenspazierg\u00e4ngen und Rundfahrten auf dem Schlosssee einl\u00e4dt. Schloss Frederiksborg wurde in den ersten [&hellip;]","og_url":"https:\/\/dnm.symbiotisk.net\/de\/ueber-frederiksborg\/","og_site_name":"Frederiksborg","article_modified_time":"2025-03-04T13:32:24+00:00","twitter_card":"summary_large_image","schema":{"@context":"https:\/\/schema.org","@graph":[{"@type":"WebPage","@id":"https:\/\/dnm.symbiotisk.net\/de\/ueber-frederiksborg\/","url":"https:\/\/dnm.symbiotisk.net\/de\/ueber-frederiksborg\/","name":"\u00dcber Frederiksborg - Frederiksborg","isPartOf":{"@id":"https:\/\/dnm.symbiotisk.net\/#website"},"datePublished":"2025-03-04T13:18:16+00:00","dateModified":"2025-03-04T13:32:24+00:00","breadcrumb":{"@id":"https:\/\/dnm.symbiotisk.net\/de\/ueber-frederiksborg\/#breadcrumb"},"inLanguage":"de","potentialAction":[{"@type":"ReadAction","target":["https:\/\/dnm.symbiotisk.net\/de\/ueber-frederiksborg\/"]}]},{"@type":"BreadcrumbList","@id":"https:\/\/dnm.symbiotisk.net\/de\/ueber-frederiksborg\/#breadcrumb","itemListElement":[{"@type":"ListItem","position":1,"name":"Hjem","item":"https:\/\/dnm.symbiotisk.net\/de\/"},{"@type":"ListItem","position":2,"name":"\u00dcber Frederiksborg"}]},{"@type":"WebSite","@id":"https:\/\/dnm.symbiotisk.net\/#website","url":"https:\/\/dnm.symbiotisk.net\/","name":"Frederiksborg","description":"Frederiksborg \u2219 Nationalhistorisk Museum","potentialAction":[{"@type":"SearchAction","target":{"@type":"EntryPoint","urlTemplate":"https:\/\/dnm.symbiotisk.net\/?s={search_term_string}"},"query-input":{"@type":"PropertyValueSpecification","valueRequired":true,"valueName":"search_term_string"}}],"inLanguage":"de"}]}},"_links":{"self":[{"href":"https:\/\/dnm.symbiotisk.net\/de\/wp-json\/wp\/v2\/pages\/181513","targetHints":{"allow":["GET"]}}],"collection":[{"href":"https:\/\/dnm.symbiotisk.net\/de\/wp-json\/wp\/v2\/pages"}],"about":[{"href":"https:\/\/dnm.symbiotisk.net\/de\/wp-json\/wp\/v2\/types\/page"}],"author":[{"embeddable":true,"href":"https:\/\/dnm.symbiotisk.net\/de\/wp-json\/wp\/v2\/users\/45"}],"replies":[{"embeddable":true,"href":"https:\/\/dnm.symbiotisk.net\/de\/wp-json\/wp\/v2\/comments?post=181513"}],"version-history":[{"count":0,"href":"https:\/\/dnm.symbiotisk.net\/de\/wp-json\/wp\/v2\/pages\/181513\/revisions"}],"wp:attachment":[{"href":"https:\/\/dnm.symbiotisk.net\/de\/wp-json\/wp\/v2\/media?parent=181513"}],"curies":[{"name":"wp","href":"https:\/\/api.w.org\/{rel}","templated":true}]}}