{"id":181427,"date":"2025-03-03T14:31:10","date_gmt":"2025-03-03T13:31:10","guid":{"rendered":"https:\/\/dnm.symbiotisk.net\/?page_id=181427"},"modified":"2025-03-03T14:31:10","modified_gmt":"2025-03-03T13:31:10","slug":"die-kleine-faehre","status":"publish","type":"page","link":"https:\/\/dnm.symbiotisk.net\/de\/die-kleine-faehre\/","title":{"rendered":"Die kleine F\u00e4hre"},"content":{"rendered":"<section id=\"primary-section\">\n\t\t<div class=\"row content-wrapper\">\n\t\t<div class=\"col-12 col-m-12\">\n\t\t\t<img loading=\"lazy\" decoding=\"async\" width=\"1600\" height=\"900\" src=\"https:\/\/dnm.symbiotisk.net\/wp-content\/uploads\/2025\/03\/Den-lille-faerge.-Frederiksborg-Slot.-Ann-Joergensen-f.-VisitNordsjaelland-1600x900.jpg\" class=\"attachment-wide-large-crop size-wide-large-crop wp-post-image\" alt=\"\" srcset=\"https:\/\/dnm.symbiotisk.net\/wp-content\/uploads\/2025\/03\/Den-lille-faerge.-Frederiksborg-Slot.-Ann-Joergensen-f.-VisitNordsjaelland-1600x900.jpg 1600w, https:\/\/dnm.symbiotisk.net\/wp-content\/uploads\/2025\/03\/Den-lille-faerge.-Frederiksborg-Slot.-Ann-Joergensen-f.-VisitNordsjaelland-960x540.jpg 960w, https:\/\/dnm.symbiotisk.net\/wp-content\/uploads\/2025\/03\/Den-lille-faerge.-Frederiksborg-Slot.-Ann-Joergensen-f.-VisitNordsjaelland-640x360.jpg 640w, https:\/\/dnm.symbiotisk.net\/wp-content\/uploads\/2025\/03\/Den-lille-faerge.-Frederiksborg-Slot.-Ann-Joergensen-f.-VisitNordsjaelland-480x270.jpg 480w, https:\/\/dnm.symbiotisk.net\/wp-content\/uploads\/2025\/03\/Den-lille-faerge.-Frederiksborg-Slot.-Ann-Joergensen-f.-VisitNordsjaelland-320x180.jpg 320w\" sizes=\"auto, (max-width: 1600px) 100vw, 1600px\" \/>\t\t\t\t\t<\/div>\n\t<\/div>\n\t    <div class=\"row content-wrapper\">\n        <div class=\"col-6 col-m-6\">\n                        <h1 class=\"page-title\">Die kleine F\u00e4hre<\/h1>\n\t\t\t                                <\/div>\n        <div class=\"col-6 col-m-6\">\n                        <div class=\"intro\"><\/div>\n            <div class=\"content\"><p>Vom Zentrum Hiller\u00f8d aus f\u00fchrt eine F\u00e4hre durch die sch\u00f6nste Seemeile D\u00e4nemarks zum Schlosssee von Schloss Frederiksborg. Die kleine F\u00e4hre legt von\u00a0<em>Hiller\u00f8d Torv\u00a0<\/em>(Marktplatz Hiller\u00f8d) ab und dauert bis zur Ankunft beim Barockgarten ca. 30 Minuten. Der Betrieb der F\u00e4hre wird jeweils \u00fcber eine Flagge bei den Anlegestellen\u00a0<em>Hiller\u00f8d Torv\u00a0<\/em>und\u00a0<em>Barokhaven<\/em>\u00a0angezeigt und kostet pro \u00dcberfahrt DKK 40 f\u00fcr Erwachsene und DKK 10 Kinder.<\/p>\n<p><a href=\"https:\/\/www.partrederiet.dk\/english.html\" target=\"_blank\" rel=\"noopener\">Hier erfahren Sie mehr \u00fcber die Schlossf\u00e4hre und den Fahrplan.<\/a><\/p>\n<\/div>\n\t\t\t                    <\/div>\n    <\/div>\n<\/section>\n","protected":false},"excerpt":{"rendered":"<p>Die kleine F\u00e4hre Vom Zentrum Hiller\u00f8d aus f\u00fchrt eine F\u00e4hre durch die sch\u00f6nste Seemeile D\u00e4nemarks zum Schlosssee von Schloss Frederiksborg. Die kleine F\u00e4hre legt von\u00a0Hiller\u00f8d Torv\u00a0(Marktplatz Hiller\u00f8d) ab und dauert bis zur Ankunft beim Barockgarten ca. 30 Minuten. Der Betrieb der F\u00e4hre wird jeweils \u00fcber eine Flagge bei den Anlegestellen\u00a0Hiller\u00f8d Torv\u00a0und\u00a0Barokhaven\u00a0angezeigt und kostet pro \u00dcberfahrt [&hellip;]<\/p>\n","protected":false},"author":41,"featured_media":181436,"parent":0,"menu_order":0,"comment_status":"closed","ping_status":"closed","template":"","meta":{"_acf_changed":false,"_relevanssi_hide_post":"","_relevanssi_hide_content":"","_relevanssi_pin_for_all":"","_relevanssi_pin_keywords":"","_relevanssi_unpin_keywords":"","_relevanssi_related_keywords":"","_relevanssi_related_include_ids":"","_relevanssi_related_exclude_ids":"","_relevanssi_related_no_append":"","_relevanssi_related_not_related":"","_relevanssi_related_posts":"","_relevanssi_noindex_reason":"","footnotes":""},"class_list":["post-181427","page","type-page","status-publish","has-post-thumbnail","hentry"],"acf":[],"yoast_head":"<!-- This site is optimized with the Yoast SEO plugin v27.3 - https:\/\/yoast.com\/product\/yoast-seo-wordpress\/ -->\n<title>Die kleine F\u00e4hre - Frederiksborg<\/title>\n<meta name=\"robots\" content=\"noindex, follow, max-snippet:-1, max-image-preview:large, max-video-preview:-1\" \/>\n<meta property=\"og:locale\" content=\"de_DE\" \/>\n<meta property=\"og:type\" content=\"article\" \/>\n<meta property=\"og:title\" content=\"Die kleine F\u00e4hre - Frederiksborg\" \/>\n<meta property=\"og:description\" content=\"Die kleine F\u00e4hre Vom Zentrum Hiller\u00f8d aus f\u00fchrt eine F\u00e4hre durch die sch\u00f6nste Seemeile D\u00e4nemarks zum Schlosssee von Schloss Frederiksborg. Die kleine F\u00e4hre legt von\u00a0Hiller\u00f8d Torv\u00a0(Marktplatz Hiller\u00f8d) ab und dauert bis zur Ankunft beim Barockgarten ca. 30 Minuten. Der Betrieb der F\u00e4hre wird jeweils \u00fcber eine Flagge bei den Anlegestellen\u00a0Hiller\u00f8d Torv\u00a0und\u00a0Barokhaven\u00a0angezeigt und kostet pro \u00dcberfahrt [&hellip;]\" \/>\n<meta property=\"og:url\" content=\"https:\/\/dnm.symbiotisk.net\/de\/die-kleine-faehre\/\" \/>\n<meta property=\"og:site_name\" content=\"Frederiksborg\" \/>\n<meta property=\"og:image\" content=\"https:\/\/dnm.symbiotisk.net\/wp-content\/uploads\/2025\/03\/Den-lille-faerge.-Frederiksborg-Slot.-Ann-Joergensen-f.-VisitNordsjaelland-1600x1200.jpg\" \/>\n\t<meta property=\"og:image:width\" content=\"1600\" \/>\n\t<meta property=\"og:image:height\" content=\"1200\" \/>\n\t<meta property=\"og:image:type\" content=\"image\/jpeg\" \/>\n<meta name=\"twitter:card\" content=\"summary_large_image\" \/>\n<meta name=\"twitter:label1\" content=\"Gesch\u00e4tzte Lesezeit\" \/>\n\t<meta name=\"twitter:data1\" content=\"1\u00a0Minute\" \/>\n<script type=\"application\/ld+json\" class=\"yoast-schema-graph\">{\"@context\":\"https:\\\/\\\/schema.org\",\"@graph\":[{\"@type\":\"WebPage\",\"@id\":\"https:\\\/\\\/dnm.symbiotisk.net\\\/de\\\/die-kleine-faehre\\\/\",\"url\":\"https:\\\/\\\/dnm.symbiotisk.net\\\/de\\\/die-kleine-faehre\\\/\",\"name\":\"Die kleine F\u00e4hre - Frederiksborg\",\"isPartOf\":{\"@id\":\"https:\\\/\\\/dnm.symbiotisk.net\\\/#website\"},\"primaryImageOfPage\":{\"@id\":\"https:\\\/\\\/dnm.symbiotisk.net\\\/de\\\/die-kleine-faehre\\\/#primaryimage\"},\"image\":{\"@id\":\"https:\\\/\\\/dnm.symbiotisk.net\\\/de\\\/die-kleine-faehre\\\/#primaryimage\"},\"thumbnailUrl\":\"https:\\\/\\\/dnm.symbiotisk.net\\\/wp-content\\\/uploads\\\/2025\\\/03\\\/Den-lille-faerge.-Frederiksborg-Slot.-Ann-Joergensen-f.-VisitNordsjaelland.jpg\",\"datePublished\":\"2025-03-03T13:31:10+00:00\",\"breadcrumb\":{\"@id\":\"https:\\\/\\\/dnm.symbiotisk.net\\\/de\\\/die-kleine-faehre\\\/#breadcrumb\"},\"inLanguage\":\"de\",\"potentialAction\":[{\"@type\":\"ReadAction\",\"target\":[\"https:\\\/\\\/dnm.symbiotisk.net\\\/de\\\/die-kleine-faehre\\\/\"]}]},{\"@type\":\"ImageObject\",\"inLanguage\":\"de\",\"@id\":\"https:\\\/\\\/dnm.symbiotisk.net\\\/de\\\/die-kleine-faehre\\\/#primaryimage\",\"url\":\"https:\\\/\\\/dnm.symbiotisk.net\\\/wp-content\\\/uploads\\\/2025\\\/03\\\/Den-lille-faerge.-Frederiksborg-Slot.-Ann-Joergensen-f.-VisitNordsjaelland.jpg\",\"contentUrl\":\"https:\\\/\\\/dnm.symbiotisk.net\\\/wp-content\\\/uploads\\\/2025\\\/03\\\/Den-lille-faerge.-Frederiksborg-Slot.-Ann-Joergensen-f.-VisitNordsjaelland.jpg\",\"width\":5184,\"height\":3888},{\"@type\":\"BreadcrumbList\",\"@id\":\"https:\\\/\\\/dnm.symbiotisk.net\\\/de\\\/die-kleine-faehre\\\/#breadcrumb\",\"itemListElement\":[{\"@type\":\"ListItem\",\"position\":1,\"name\":\"Hjem\",\"item\":\"https:\\\/\\\/dnm.symbiotisk.net\\\/de\\\/\"},{\"@type\":\"ListItem\",\"position\":2,\"name\":\"Die kleine F\u00e4hre\"}]},{\"@type\":\"WebSite\",\"@id\":\"https:\\\/\\\/dnm.symbiotisk.net\\\/#website\",\"url\":\"https:\\\/\\\/dnm.symbiotisk.net\\\/\",\"name\":\"Frederiksborg\",\"description\":\"Frederiksborg \u2219 Nationalhistorisk Museum\",\"potentialAction\":[{\"@type\":\"SearchAction\",\"target\":{\"@type\":\"EntryPoint\",\"urlTemplate\":\"https:\\\/\\\/dnm.symbiotisk.net\\\/?s={search_term_string}\"},\"query-input\":{\"@type\":\"PropertyValueSpecification\",\"valueRequired\":true,\"valueName\":\"search_term_string\"}}],\"inLanguage\":\"de\"}]}<\/script>\n<!-- \/ Yoast SEO plugin. -->","yoast_head_json":{"title":"Die kleine F\u00e4hre - Frederiksborg","robots":{"index":"noindex","follow":"follow","max-snippet":"max-snippet:-1","max-image-preview":"max-image-preview:large","max-video-preview":"max-video-preview:-1"},"og_locale":"de_DE","og_type":"article","og_title":"Die kleine F\u00e4hre - Frederiksborg","og_description":"Die kleine F\u00e4hre Vom Zentrum Hiller\u00f8d aus f\u00fchrt eine F\u00e4hre durch die sch\u00f6nste Seemeile D\u00e4nemarks zum Schlosssee von Schloss Frederiksborg. Die kleine F\u00e4hre legt von\u00a0Hiller\u00f8d Torv\u00a0(Marktplatz Hiller\u00f8d) ab und dauert bis zur Ankunft beim Barockgarten ca. 30 Minuten. Der Betrieb der F\u00e4hre wird jeweils \u00fcber eine Flagge bei den Anlegestellen\u00a0Hiller\u00f8d Torv\u00a0und\u00a0Barokhaven\u00a0angezeigt und kostet pro \u00dcberfahrt [&hellip;]","og_url":"https:\/\/dnm.symbiotisk.net\/de\/die-kleine-faehre\/","og_site_name":"Frederiksborg","og_image":[{"width":1600,"height":1200,"url":"https:\/\/dnm.symbiotisk.net\/wp-content\/uploads\/2025\/03\/Den-lille-faerge.-Frederiksborg-Slot.-Ann-Joergensen-f.-VisitNordsjaelland-1600x1200.jpg","type":"image\/jpeg"}],"twitter_card":"summary_large_image","twitter_misc":{"Gesch\u00e4tzte Lesezeit":"1\u00a0Minute"},"schema":{"@context":"https:\/\/schema.org","@graph":[{"@type":"WebPage","@id":"https:\/\/dnm.symbiotisk.net\/de\/die-kleine-faehre\/","url":"https:\/\/dnm.symbiotisk.net\/de\/die-kleine-faehre\/","name":"Die kleine F\u00e4hre - Frederiksborg","isPartOf":{"@id":"https:\/\/dnm.symbiotisk.net\/#website"},"primaryImageOfPage":{"@id":"https:\/\/dnm.symbiotisk.net\/de\/die-kleine-faehre\/#primaryimage"},"image":{"@id":"https:\/\/dnm.symbiotisk.net\/de\/die-kleine-faehre\/#primaryimage"},"thumbnailUrl":"https:\/\/dnm.symbiotisk.net\/wp-content\/uploads\/2025\/03\/Den-lille-faerge.-Frederiksborg-Slot.-Ann-Joergensen-f.-VisitNordsjaelland.jpg","datePublished":"2025-03-03T13:31:10+00:00","breadcrumb":{"@id":"https:\/\/dnm.symbiotisk.net\/de\/die-kleine-faehre\/#breadcrumb"},"inLanguage":"de","potentialAction":[{"@type":"ReadAction","target":["https:\/\/dnm.symbiotisk.net\/de\/die-kleine-faehre\/"]}]},{"@type":"ImageObject","inLanguage":"de","@id":"https:\/\/dnm.symbiotisk.net\/de\/die-kleine-faehre\/#primaryimage","url":"https:\/\/dnm.symbiotisk.net\/wp-content\/uploads\/2025\/03\/Den-lille-faerge.-Frederiksborg-Slot.-Ann-Joergensen-f.-VisitNordsjaelland.jpg","contentUrl":"https:\/\/dnm.symbiotisk.net\/wp-content\/uploads\/2025\/03\/Den-lille-faerge.-Frederiksborg-Slot.-Ann-Joergensen-f.-VisitNordsjaelland.jpg","width":5184,"height":3888},{"@type":"BreadcrumbList","@id":"https:\/\/dnm.symbiotisk.net\/de\/die-kleine-faehre\/#breadcrumb","itemListElement":[{"@type":"ListItem","position":1,"name":"Hjem","item":"https:\/\/dnm.symbiotisk.net\/de\/"},{"@type":"ListItem","position":2,"name":"Die kleine F\u00e4hre"}]},{"@type":"WebSite","@id":"https:\/\/dnm.symbiotisk.net\/#website","url":"https:\/\/dnm.symbiotisk.net\/","name":"Frederiksborg","description":"Frederiksborg \u2219 Nationalhistorisk Museum","potentialAction":[{"@type":"SearchAction","target":{"@type":"EntryPoint","urlTemplate":"https:\/\/dnm.symbiotisk.net\/?s={search_term_string}"},"query-input":{"@type":"PropertyValueSpecification","valueRequired":true,"valueName":"search_term_string"}}],"inLanguage":"de"}]}},"_links":{"self":[{"href":"https:\/\/dnm.symbiotisk.net\/de\/wp-json\/wp\/v2\/pages\/181427","targetHints":{"allow":["GET"]}}],"collection":[{"href":"https:\/\/dnm.symbiotisk.net\/de\/wp-json\/wp\/v2\/pages"}],"about":[{"href":"https:\/\/dnm.symbiotisk.net\/de\/wp-json\/wp\/v2\/types\/page"}],"author":[{"embeddable":true,"href":"https:\/\/dnm.symbiotisk.net\/de\/wp-json\/wp\/v2\/users\/41"}],"replies":[{"embeddable":true,"href":"https:\/\/dnm.symbiotisk.net\/de\/wp-json\/wp\/v2\/comments?post=181427"}],"version-history":[{"count":0,"href":"https:\/\/dnm.symbiotisk.net\/de\/wp-json\/wp\/v2\/pages\/181427\/revisions"}],"wp:featuredmedia":[{"embeddable":true,"href":"https:\/\/dnm.symbiotisk.net\/de\/wp-json\/wp\/v2\/media\/181436"}],"wp:attachment":[{"href":"https:\/\/dnm.symbiotisk.net\/de\/wp-json\/wp\/v2\/media?parent=181427"}],"curies":[{"name":"wp","href":"https:\/\/api.w.org\/{rel}","templated":true}]}}