{"id":181426,"date":"2025-03-03T14:21:05","date_gmt":"2025-03-03T13:21:05","guid":{"rendered":"https:\/\/dnm.symbiotisk.net\/?page_id=181426"},"modified":"2025-07-29T11:23:33","modified_gmt":"2025-07-29T09:23:33","slug":"restaurant","status":"publish","type":"page","link":"https:\/\/dnm.symbiotisk.net\/de\/restaurant\/","title":{"rendered":"Restaurant"},"content":{"rendered":"<section id=\"primary-section\">\n\t\t<div class=\"row content-wrapper\">\n\t\t<div class=\"col-12 col-m-12\">\n\t\t\t<img loading=\"lazy\" decoding=\"async\" width=\"1600\" height=\"900\" src=\"https:\/\/dnm.symbiotisk.net\/wp-content\/uploads\/2024\/04\/Rabarbergaarden_Slottet_Foto_Medvind-1600x900.jpg\" class=\"attachment-wide-large-crop size-wide-large-crop wp-post-image\" alt=\"\" srcset=\"https:\/\/dnm.symbiotisk.net\/wp-content\/uploads\/2024\/04\/Rabarbergaarden_Slottet_Foto_Medvind-1600x900.jpg 1600w, https:\/\/dnm.symbiotisk.net\/wp-content\/uploads\/2024\/04\/Rabarbergaarden_Slottet_Foto_Medvind-960x540.jpg 960w, https:\/\/dnm.symbiotisk.net\/wp-content\/uploads\/2024\/04\/Rabarbergaarden_Slottet_Foto_Medvind-640x360.jpg 640w, https:\/\/dnm.symbiotisk.net\/wp-content\/uploads\/2024\/04\/Rabarbergaarden_Slottet_Foto_Medvind-480x270.jpg 480w, https:\/\/dnm.symbiotisk.net\/wp-content\/uploads\/2024\/04\/Rabarbergaarden_Slottet_Foto_Medvind-320x180.jpg 320w\" sizes=\"auto, (max-width: 1600px) 100vw, 1600px\" \/>\t\t\t\t\t<\/div>\n\t<\/div>\n\t    <div class=\"row content-wrapper\">\n        <div class=\"col-6 col-m-6\">\n                        <h1 class=\"page-title\">Restaurant<\/h1>\n\t\t\t                                <\/div>\n        <div class=\"col-6 col-m-6\">\n                        <div class=\"intro\"><\/div>\n            <div class=\"content\"><div class=\"col-6 col-m-6\">\n<div class=\"content\">\n<p data-start=\"39\" data-end=\"124\"><strong data-start=\"39\" data-end=\"57\">\u00d6ffnungszeiten<\/strong><br data-start=\"57\" data-end=\"60\" \/>Freitag\u2013Samstag: 10:00\u201323:00 Uhr<br data-start=\"92\" data-end=\"95\" \/>Abendessen: 17:30\u201321:00 Uhr<\/p>\n<p data-start=\"126\" data-end=\"163\">Sonntag\u2013Donnerstag: 10:00\u201317:00 Uhr<\/p>\n<p data-start=\"165\" data-end=\"279\"><strong data-start=\"165\" data-end=\"183\">Reservierungen<\/strong><br data-start=\"183\" data-end=\"186\" \/>F\u00fcr gr\u00f6\u00dfere Gruppen kontaktieren Sie bitte das Restaurant unter: <a class=\"cursor-pointer\" rel=\"noopener\" data-start=\"251\" data-end=\"277\">slottet@rabarbergaarden.dk<\/a><\/p>\n<p data-start=\"281\" data-end=\"324\">Lesen Sie hier mehr \u00fcber Rabarbergaarden.<\/p>\n<\/div>\n<\/div>\n<p>&nbsp;<\/p>\n<\/div>\n\t\t\t                    <\/div>\n    <\/div>\n<\/section>\n","protected":false},"excerpt":{"rendered":"<p>Restaurant \u00d6ffnungszeitenFreitag\u2013Samstag: 10:00\u201323:00 UhrAbendessen: 17:30\u201321:00 Uhr Sonntag\u2013Donnerstag: 10:00\u201317:00 Uhr ReservierungenF\u00fcr gr\u00f6\u00dfere Gruppen kontaktieren Sie bitte das Restaurant unter: slottet@rabarbergaarden.dk Lesen Sie hier mehr \u00fcber Rabarbergaarden. &nbsp;<\/p>\n","protected":false},"author":41,"featured_media":144347,"parent":0,"menu_order":0,"comment_status":"closed","ping_status":"closed","template":"","meta":{"_acf_changed":false,"_relevanssi_hide_post":"","_relevanssi_hide_content":"","_relevanssi_pin_for_all":"","_relevanssi_pin_keywords":"","_relevanssi_unpin_keywords":"","_relevanssi_related_keywords":"","_relevanssi_related_include_ids":"","_relevanssi_related_exclude_ids":"","_relevanssi_related_no_append":"","_relevanssi_related_not_related":"","_relevanssi_related_posts":"","_relevanssi_noindex_reason":"","footnotes":""},"class_list":["post-181426","page","type-page","status-publish","has-post-thumbnail","hentry"],"acf":[],"yoast_head":"<!-- This site is optimized with the Yoast SEO plugin v27.3 - https:\/\/yoast.com\/product\/yoast-seo-wordpress\/ -->\n<title>Restaurant - Frederiksborg<\/title>\n<meta name=\"robots\" content=\"noindex, follow, max-snippet:-1, max-image-preview:large, max-video-preview:-1\" \/>\n<meta property=\"og:locale\" content=\"de_DE\" \/>\n<meta property=\"og:type\" content=\"article\" \/>\n<meta property=\"og:title\" content=\"Restaurant - Frederiksborg\" \/>\n<meta property=\"og:description\" content=\"Restaurant \u00d6ffnungszeitenFreitag\u2013Samstag: 10:00\u201323:00 UhrAbendessen: 17:30\u201321:00 Uhr Sonntag\u2013Donnerstag: 10:00\u201317:00 Uhr ReservierungenF\u00fcr gr\u00f6\u00dfere Gruppen kontaktieren Sie bitte das Restaurant unter: slottet@rabarbergaarden.dk Lesen Sie hier mehr \u00fcber Rabarbergaarden. &nbsp;\" \/>\n<meta property=\"og:url\" content=\"https:\/\/dnm.symbiotisk.net\/de\/restaurant\/\" \/>\n<meta property=\"og:site_name\" content=\"Frederiksborg\" \/>\n<meta property=\"article:modified_time\" content=\"2025-07-29T09:23:33+00:00\" \/>\n<meta property=\"og:image\" content=\"https:\/\/dnm.symbiotisk.net\/wp-content\/uploads\/2024\/04\/Rabarbergaarden_Slottet_Foto_Medvind-1067x1600.jpg\" \/>\n\t<meta property=\"og:image:width\" content=\"1067\" \/>\n\t<meta property=\"og:image:height\" content=\"1600\" \/>\n\t<meta property=\"og:image:type\" content=\"image\/jpeg\" \/>\n<meta name=\"twitter:card\" content=\"summary_large_image\" \/>\n<meta name=\"twitter:label1\" content=\"Gesch\u00e4tzte Lesezeit\" \/>\n\t<meta name=\"twitter:data1\" content=\"1\u00a0Minute\" \/>\n<script type=\"application\/ld+json\" class=\"yoast-schema-graph\">{\"@context\":\"https:\\\/\\\/schema.org\",\"@graph\":[{\"@type\":\"WebPage\",\"@id\":\"https:\\\/\\\/dnm.symbiotisk.net\\\/de\\\/restaurant\\\/\",\"url\":\"https:\\\/\\\/dnm.symbiotisk.net\\\/de\\\/restaurant\\\/\",\"name\":\"Restaurant - Frederiksborg\",\"isPartOf\":{\"@id\":\"https:\\\/\\\/dnm.symbiotisk.net\\\/#website\"},\"primaryImageOfPage\":{\"@id\":\"https:\\\/\\\/dnm.symbiotisk.net\\\/de\\\/restaurant\\\/#primaryimage\"},\"image\":{\"@id\":\"https:\\\/\\\/dnm.symbiotisk.net\\\/de\\\/restaurant\\\/#primaryimage\"},\"thumbnailUrl\":\"https:\\\/\\\/dnm.symbiotisk.net\\\/wp-content\\\/uploads\\\/2024\\\/04\\\/Rabarbergaarden_Slottet_Foto_Medvind.jpg\",\"datePublished\":\"2025-03-03T13:21:05+00:00\",\"dateModified\":\"2025-07-29T09:23:33+00:00\",\"breadcrumb\":{\"@id\":\"https:\\\/\\\/dnm.symbiotisk.net\\\/de\\\/restaurant\\\/#breadcrumb\"},\"inLanguage\":\"de\",\"potentialAction\":[{\"@type\":\"ReadAction\",\"target\":[\"https:\\\/\\\/dnm.symbiotisk.net\\\/de\\\/restaurant\\\/\"]}]},{\"@type\":\"ImageObject\",\"inLanguage\":\"de\",\"@id\":\"https:\\\/\\\/dnm.symbiotisk.net\\\/de\\\/restaurant\\\/#primaryimage\",\"url\":\"https:\\\/\\\/dnm.symbiotisk.net\\\/wp-content\\\/uploads\\\/2024\\\/04\\\/Rabarbergaarden_Slottet_Foto_Medvind.jpg\",\"contentUrl\":\"https:\\\/\\\/dnm.symbiotisk.net\\\/wp-content\\\/uploads\\\/2024\\\/04\\\/Rabarbergaarden_Slottet_Foto_Medvind.jpg\",\"width\":3572,\"height\":5358},{\"@type\":\"BreadcrumbList\",\"@id\":\"https:\\\/\\\/dnm.symbiotisk.net\\\/de\\\/restaurant\\\/#breadcrumb\",\"itemListElement\":[{\"@type\":\"ListItem\",\"position\":1,\"name\":\"Hjem\",\"item\":\"https:\\\/\\\/dnm.symbiotisk.net\\\/de\\\/\"},{\"@type\":\"ListItem\",\"position\":2,\"name\":\"Restaurant\"}]},{\"@type\":\"WebSite\",\"@id\":\"https:\\\/\\\/dnm.symbiotisk.net\\\/#website\",\"url\":\"https:\\\/\\\/dnm.symbiotisk.net\\\/\",\"name\":\"Frederiksborg\",\"description\":\"Frederiksborg \u2219 Nationalhistorisk Museum\",\"potentialAction\":[{\"@type\":\"SearchAction\",\"target\":{\"@type\":\"EntryPoint\",\"urlTemplate\":\"https:\\\/\\\/dnm.symbiotisk.net\\\/?s={search_term_string}\"},\"query-input\":{\"@type\":\"PropertyValueSpecification\",\"valueRequired\":true,\"valueName\":\"search_term_string\"}}],\"inLanguage\":\"de\"}]}<\/script>\n<!-- \/ Yoast SEO plugin. -->","yoast_head_json":{"title":"Restaurant - Frederiksborg","robots":{"index":"noindex","follow":"follow","max-snippet":"max-snippet:-1","max-image-preview":"max-image-preview:large","max-video-preview":"max-video-preview:-1"},"og_locale":"de_DE","og_type":"article","og_title":"Restaurant - Frederiksborg","og_description":"Restaurant \u00d6ffnungszeitenFreitag\u2013Samstag: 10:00\u201323:00 UhrAbendessen: 17:30\u201321:00 Uhr Sonntag\u2013Donnerstag: 10:00\u201317:00 Uhr ReservierungenF\u00fcr gr\u00f6\u00dfere Gruppen kontaktieren Sie bitte das Restaurant unter: slottet@rabarbergaarden.dk Lesen Sie hier mehr \u00fcber Rabarbergaarden. &nbsp;","og_url":"https:\/\/dnm.symbiotisk.net\/de\/restaurant\/","og_site_name":"Frederiksborg","article_modified_time":"2025-07-29T09:23:33+00:00","og_image":[{"width":1067,"height":1600,"url":"https:\/\/dnm.symbiotisk.net\/wp-content\/uploads\/2024\/04\/Rabarbergaarden_Slottet_Foto_Medvind-1067x1600.jpg","type":"image\/jpeg"}],"twitter_card":"summary_large_image","twitter_misc":{"Gesch\u00e4tzte Lesezeit":"1\u00a0Minute"},"schema":{"@context":"https:\/\/schema.org","@graph":[{"@type":"WebPage","@id":"https:\/\/dnm.symbiotisk.net\/de\/restaurant\/","url":"https:\/\/dnm.symbiotisk.net\/de\/restaurant\/","name":"Restaurant - Frederiksborg","isPartOf":{"@id":"https:\/\/dnm.symbiotisk.net\/#website"},"primaryImageOfPage":{"@id":"https:\/\/dnm.symbiotisk.net\/de\/restaurant\/#primaryimage"},"image":{"@id":"https:\/\/dnm.symbiotisk.net\/de\/restaurant\/#primaryimage"},"thumbnailUrl":"https:\/\/dnm.symbiotisk.net\/wp-content\/uploads\/2024\/04\/Rabarbergaarden_Slottet_Foto_Medvind.jpg","datePublished":"2025-03-03T13:21:05+00:00","dateModified":"2025-07-29T09:23:33+00:00","breadcrumb":{"@id":"https:\/\/dnm.symbiotisk.net\/de\/restaurant\/#breadcrumb"},"inLanguage":"de","potentialAction":[{"@type":"ReadAction","target":["https:\/\/dnm.symbiotisk.net\/de\/restaurant\/"]}]},{"@type":"ImageObject","inLanguage":"de","@id":"https:\/\/dnm.symbiotisk.net\/de\/restaurant\/#primaryimage","url":"https:\/\/dnm.symbiotisk.net\/wp-content\/uploads\/2024\/04\/Rabarbergaarden_Slottet_Foto_Medvind.jpg","contentUrl":"https:\/\/dnm.symbiotisk.net\/wp-content\/uploads\/2024\/04\/Rabarbergaarden_Slottet_Foto_Medvind.jpg","width":3572,"height":5358},{"@type":"BreadcrumbList","@id":"https:\/\/dnm.symbiotisk.net\/de\/restaurant\/#breadcrumb","itemListElement":[{"@type":"ListItem","position":1,"name":"Hjem","item":"https:\/\/dnm.symbiotisk.net\/de\/"},{"@type":"ListItem","position":2,"name":"Restaurant"}]},{"@type":"WebSite","@id":"https:\/\/dnm.symbiotisk.net\/#website","url":"https:\/\/dnm.symbiotisk.net\/","name":"Frederiksborg","description":"Frederiksborg \u2219 Nationalhistorisk Museum","potentialAction":[{"@type":"SearchAction","target":{"@type":"EntryPoint","urlTemplate":"https:\/\/dnm.symbiotisk.net\/?s={search_term_string}"},"query-input":{"@type":"PropertyValueSpecification","valueRequired":true,"valueName":"search_term_string"}}],"inLanguage":"de"}]}},"_links":{"self":[{"href":"https:\/\/dnm.symbiotisk.net\/de\/wp-json\/wp\/v2\/pages\/181426","targetHints":{"allow":["GET"]}}],"collection":[{"href":"https:\/\/dnm.symbiotisk.net\/de\/wp-json\/wp\/v2\/pages"}],"about":[{"href":"https:\/\/dnm.symbiotisk.net\/de\/wp-json\/wp\/v2\/types\/page"}],"author":[{"embeddable":true,"href":"https:\/\/dnm.symbiotisk.net\/de\/wp-json\/wp\/v2\/users\/41"}],"replies":[{"embeddable":true,"href":"https:\/\/dnm.symbiotisk.net\/de\/wp-json\/wp\/v2\/comments?post=181426"}],"version-history":[{"count":0,"href":"https:\/\/dnm.symbiotisk.net\/de\/wp-json\/wp\/v2\/pages\/181426\/revisions"}],"wp:featuredmedia":[{"embeddable":true,"href":"https:\/\/dnm.symbiotisk.net\/de\/wp-json\/wp\/v2\/media\/144347"}],"wp:attachment":[{"href":"https:\/\/dnm.symbiotisk.net\/de\/wp-json\/wp\/v2\/media?parent=181426"}],"curies":[{"name":"wp","href":"https:\/\/api.w.org\/{rel}","templated":true}]}}