{"id":181424,"date":"2025-03-03T14:10:41","date_gmt":"2025-03-03T13:10:41","guid":{"rendered":"https:\/\/dnm.symbiotisk.net\/?page_id=181424"},"modified":"2025-03-03T14:17:20","modified_gmt":"2025-03-03T13:17:20","slug":"museumsshop","status":"publish","type":"page","link":"https:\/\/dnm.symbiotisk.net\/de\/museumsshop\/","title":{"rendered":"Museumsshop"},"content":{"rendered":"<section id=\"primary-section\">\n\t\t<div class=\"row content-wrapper\">\n\t\t<div class=\"col-12 col-m-12\">\n\t\t\t<img loading=\"lazy\" decoding=\"async\" width=\"1386\" height=\"900\" src=\"https:\/\/dnm.symbiotisk.net\/wp-content\/uploads\/2025\/01\/A-9899-1386x900.jpg\" class=\"attachment-wide-large-crop size-wide-large-crop wp-post-image\" alt=\"\" \/>\t\t\t\t\t\t\t<div class=\"caption\">\n\t\t\t\t\tKasper Eistrup. Lancier, 2018. \t\t\t\t<\/div>\n\t\t\t\t\t<\/div>\n\t<\/div>\n\t    <div class=\"row content-wrapper\">\n        <div class=\"col-6 col-m-6\">\n                        <h1 class=\"page-title\">Museumsshop<\/h1>\n\t\t\t                                <\/div>\n        <div class=\"col-6 col-m-6\">\n                        <div class=\"intro\"><\/div>\n            <div class=\"content\"><p>Der Museumsshop bietet eine Vielfalt an sch\u00f6nen Geschenkartikeln, interessanten B\u00fcchern, Souvenirs, Postkarten und Postern und hat dieselben \u00d6ffnungszeiten wie das Museum.<\/p>\n<p>Der Shop kann \u00fcber die E-Mail-Adresse\u00a0<a href=\"mailto:butik@dnm.dk\">butik@dnm.dk<\/a>\u00a0oder unter der Nummer +45 4820 1454 telefonisch kontaktiert werden.<\/p>\n<\/div>\n\t\t\t                    <\/div>\n    <\/div>\n<\/section>\n","protected":false},"excerpt":{"rendered":"<p>Kasper Eistrup. Lancier, 2018. Museumsshop Der Museumsshop bietet eine Vielfalt an sch\u00f6nen Geschenkartikeln, interessanten B\u00fcchern, Souvenirs, Postkarten und Postern und hat dieselben \u00d6ffnungszeiten wie das Museum. Der Shop kann \u00fcber die E-Mail-Adresse\u00a0butik@dnm.dk\u00a0oder unter der Nummer +45 4820 1454 telefonisch kontaktiert werden.<\/p>\n","protected":false},"author":41,"featured_media":178575,"parent":0,"menu_order":0,"comment_status":"closed","ping_status":"closed","template":"","meta":{"_acf_changed":false,"_relevanssi_hide_post":"","_relevanssi_hide_content":"","_relevanssi_pin_for_all":"","_relevanssi_pin_keywords":"","_relevanssi_unpin_keywords":"","_relevanssi_related_keywords":"","_relevanssi_related_include_ids":"","_relevanssi_related_exclude_ids":"","_relevanssi_related_no_append":"","_relevanssi_related_not_related":"","_relevanssi_related_posts":"","_relevanssi_noindex_reason":"","footnotes":""},"class_list":["post-181424","page","type-page","status-publish","has-post-thumbnail","hentry"],"acf":[],"yoast_head":"<!-- This site is optimized with the Yoast SEO plugin v27.3 - https:\/\/yoast.com\/product\/yoast-seo-wordpress\/ -->\n<title>Museumsshop - Frederiksborg<\/title>\n<meta name=\"robots\" content=\"noindex, follow, max-snippet:-1, max-image-preview:large, max-video-preview:-1\" \/>\n<meta property=\"og:locale\" content=\"de_DE\" \/>\n<meta property=\"og:type\" content=\"article\" \/>\n<meta property=\"og:title\" content=\"Museumsshop - Frederiksborg\" \/>\n<meta property=\"og:description\" content=\"Kasper Eistrup. Lancier, 2018. Museumsshop Der Museumsshop bietet eine Vielfalt an sch\u00f6nen Geschenkartikeln, interessanten B\u00fcchern, Souvenirs, Postkarten und Postern und hat dieselben \u00d6ffnungszeiten wie das Museum. Der Shop kann \u00fcber die E-Mail-Adresse\u00a0butik@dnm.dk\u00a0oder unter der Nummer +45 4820 1454 telefonisch kontaktiert werden.\" \/>\n<meta property=\"og:url\" content=\"https:\/\/dnm.symbiotisk.net\/de\/museumsshop\/\" \/>\n<meta property=\"og:site_name\" content=\"Frederiksborg\" \/>\n<meta property=\"article:modified_time\" content=\"2025-03-03T13:17:20+00:00\" \/>\n<meta property=\"og:image\" content=\"https:\/\/dnm.symbiotisk.net\/wp-content\/uploads\/2025\/01\/A-9899.jpg\" \/>\n\t<meta property=\"og:image:width\" content=\"1386\" \/>\n\t<meta property=\"og:image:height\" content=\"1041\" \/>\n\t<meta property=\"og:image:type\" content=\"image\/jpeg\" \/>\n<meta name=\"twitter:card\" content=\"summary_large_image\" \/>\n<meta name=\"twitter:label1\" content=\"Gesch\u00e4tzte Lesezeit\" \/>\n\t<meta name=\"twitter:data1\" content=\"1\u00a0Minute\" \/>\n<script type=\"application\/ld+json\" class=\"yoast-schema-graph\">{\"@context\":\"https:\\\/\\\/schema.org\",\"@graph\":[{\"@type\":\"WebPage\",\"@id\":\"https:\\\/\\\/dnm.symbiotisk.net\\\/de\\\/museumsshop\\\/\",\"url\":\"https:\\\/\\\/dnm.symbiotisk.net\\\/de\\\/museumsshop\\\/\",\"name\":\"Museumsshop - Frederiksborg\",\"isPartOf\":{\"@id\":\"https:\\\/\\\/dnm.symbiotisk.net\\\/#website\"},\"primaryImageOfPage\":{\"@id\":\"https:\\\/\\\/dnm.symbiotisk.net\\\/de\\\/museumsshop\\\/#primaryimage\"},\"image\":{\"@id\":\"https:\\\/\\\/dnm.symbiotisk.net\\\/de\\\/museumsshop\\\/#primaryimage\"},\"thumbnailUrl\":\"https:\\\/\\\/dnm.symbiotisk.net\\\/wp-content\\\/uploads\\\/2025\\\/01\\\/A-9899.jpg\",\"datePublished\":\"2025-03-03T13:10:41+00:00\",\"dateModified\":\"2025-03-03T13:17:20+00:00\",\"breadcrumb\":{\"@id\":\"https:\\\/\\\/dnm.symbiotisk.net\\\/de\\\/museumsshop\\\/#breadcrumb\"},\"inLanguage\":\"de\",\"potentialAction\":[{\"@type\":\"ReadAction\",\"target\":[\"https:\\\/\\\/dnm.symbiotisk.net\\\/de\\\/museumsshop\\\/\"]}]},{\"@type\":\"ImageObject\",\"inLanguage\":\"de\",\"@id\":\"https:\\\/\\\/dnm.symbiotisk.net\\\/de\\\/museumsshop\\\/#primaryimage\",\"url\":\"https:\\\/\\\/dnm.symbiotisk.net\\\/wp-content\\\/uploads\\\/2025\\\/01\\\/A-9899.jpg\",\"contentUrl\":\"https:\\\/\\\/dnm.symbiotisk.net\\\/wp-content\\\/uploads\\\/2025\\\/01\\\/A-9899.jpg\",\"width\":1386,\"height\":1041,\"caption\":\"Kasper Eistrup. Lancier, 2018.\"},{\"@type\":\"BreadcrumbList\",\"@id\":\"https:\\\/\\\/dnm.symbiotisk.net\\\/de\\\/museumsshop\\\/#breadcrumb\",\"itemListElement\":[{\"@type\":\"ListItem\",\"position\":1,\"name\":\"Hjem\",\"item\":\"https:\\\/\\\/dnm.symbiotisk.net\\\/de\\\/\"},{\"@type\":\"ListItem\",\"position\":2,\"name\":\"Museumsshop\"}]},{\"@type\":\"WebSite\",\"@id\":\"https:\\\/\\\/dnm.symbiotisk.net\\\/#website\",\"url\":\"https:\\\/\\\/dnm.symbiotisk.net\\\/\",\"name\":\"Frederiksborg\",\"description\":\"Frederiksborg \u2219 Nationalhistorisk Museum\",\"potentialAction\":[{\"@type\":\"SearchAction\",\"target\":{\"@type\":\"EntryPoint\",\"urlTemplate\":\"https:\\\/\\\/dnm.symbiotisk.net\\\/?s={search_term_string}\"},\"query-input\":{\"@type\":\"PropertyValueSpecification\",\"valueRequired\":true,\"valueName\":\"search_term_string\"}}],\"inLanguage\":\"de\"}]}<\/script>\n<!-- \/ Yoast SEO plugin. -->","yoast_head_json":{"title":"Museumsshop - Frederiksborg","robots":{"index":"noindex","follow":"follow","max-snippet":"max-snippet:-1","max-image-preview":"max-image-preview:large","max-video-preview":"max-video-preview:-1"},"og_locale":"de_DE","og_type":"article","og_title":"Museumsshop - Frederiksborg","og_description":"Kasper Eistrup. Lancier, 2018. Museumsshop Der Museumsshop bietet eine Vielfalt an sch\u00f6nen Geschenkartikeln, interessanten B\u00fcchern, Souvenirs, Postkarten und Postern und hat dieselben \u00d6ffnungszeiten wie das Museum. Der Shop kann \u00fcber die E-Mail-Adresse\u00a0butik@dnm.dk\u00a0oder unter der Nummer +45 4820 1454 telefonisch kontaktiert werden.","og_url":"https:\/\/dnm.symbiotisk.net\/de\/museumsshop\/","og_site_name":"Frederiksborg","article_modified_time":"2025-03-03T13:17:20+00:00","og_image":[{"width":1386,"height":1041,"url":"https:\/\/dnm.symbiotisk.net\/wp-content\/uploads\/2025\/01\/A-9899.jpg","type":"image\/jpeg"}],"twitter_card":"summary_large_image","twitter_misc":{"Gesch\u00e4tzte Lesezeit":"1\u00a0Minute"},"schema":{"@context":"https:\/\/schema.org","@graph":[{"@type":"WebPage","@id":"https:\/\/dnm.symbiotisk.net\/de\/museumsshop\/","url":"https:\/\/dnm.symbiotisk.net\/de\/museumsshop\/","name":"Museumsshop - Frederiksborg","isPartOf":{"@id":"https:\/\/dnm.symbiotisk.net\/#website"},"primaryImageOfPage":{"@id":"https:\/\/dnm.symbiotisk.net\/de\/museumsshop\/#primaryimage"},"image":{"@id":"https:\/\/dnm.symbiotisk.net\/de\/museumsshop\/#primaryimage"},"thumbnailUrl":"https:\/\/dnm.symbiotisk.net\/wp-content\/uploads\/2025\/01\/A-9899.jpg","datePublished":"2025-03-03T13:10:41+00:00","dateModified":"2025-03-03T13:17:20+00:00","breadcrumb":{"@id":"https:\/\/dnm.symbiotisk.net\/de\/museumsshop\/#breadcrumb"},"inLanguage":"de","potentialAction":[{"@type":"ReadAction","target":["https:\/\/dnm.symbiotisk.net\/de\/museumsshop\/"]}]},{"@type":"ImageObject","inLanguage":"de","@id":"https:\/\/dnm.symbiotisk.net\/de\/museumsshop\/#primaryimage","url":"https:\/\/dnm.symbiotisk.net\/wp-content\/uploads\/2025\/01\/A-9899.jpg","contentUrl":"https:\/\/dnm.symbiotisk.net\/wp-content\/uploads\/2025\/01\/A-9899.jpg","width":1386,"height":1041,"caption":"Kasper Eistrup. Lancier, 2018."},{"@type":"BreadcrumbList","@id":"https:\/\/dnm.symbiotisk.net\/de\/museumsshop\/#breadcrumb","itemListElement":[{"@type":"ListItem","position":1,"name":"Hjem","item":"https:\/\/dnm.symbiotisk.net\/de\/"},{"@type":"ListItem","position":2,"name":"Museumsshop"}]},{"@type":"WebSite","@id":"https:\/\/dnm.symbiotisk.net\/#website","url":"https:\/\/dnm.symbiotisk.net\/","name":"Frederiksborg","description":"Frederiksborg \u2219 Nationalhistorisk Museum","potentialAction":[{"@type":"SearchAction","target":{"@type":"EntryPoint","urlTemplate":"https:\/\/dnm.symbiotisk.net\/?s={search_term_string}"},"query-input":{"@type":"PropertyValueSpecification","valueRequired":true,"valueName":"search_term_string"}}],"inLanguage":"de"}]}},"_links":{"self":[{"href":"https:\/\/dnm.symbiotisk.net\/de\/wp-json\/wp\/v2\/pages\/181424","targetHints":{"allow":["GET"]}}],"collection":[{"href":"https:\/\/dnm.symbiotisk.net\/de\/wp-json\/wp\/v2\/pages"}],"about":[{"href":"https:\/\/dnm.symbiotisk.net\/de\/wp-json\/wp\/v2\/types\/page"}],"author":[{"embeddable":true,"href":"https:\/\/dnm.symbiotisk.net\/de\/wp-json\/wp\/v2\/users\/41"}],"replies":[{"embeddable":true,"href":"https:\/\/dnm.symbiotisk.net\/de\/wp-json\/wp\/v2\/comments?post=181424"}],"version-history":[{"count":0,"href":"https:\/\/dnm.symbiotisk.net\/de\/wp-json\/wp\/v2\/pages\/181424\/revisions"}],"wp:featuredmedia":[{"embeddable":true,"href":"https:\/\/dnm.symbiotisk.net\/de\/wp-json\/wp\/v2\/media\/178575"}],"wp:attachment":[{"href":"https:\/\/dnm.symbiotisk.net\/de\/wp-json\/wp\/v2\/media?parent=181424"}],"curies":[{"name":"wp","href":"https:\/\/api.w.org\/{rel}","templated":true}]}}