{"id":181423,"date":"2025-03-03T14:05:45","date_gmt":"2025-03-03T13:05:45","guid":{"rendered":"https:\/\/dnm.symbiotisk.net\/?page_id=181423"},"modified":"2025-03-03T14:06:50","modified_gmt":"2025-03-03T13:06:50","slug":"garderoben-und-taschen","status":"publish","type":"page","link":"https:\/\/dnm.symbiotisk.net\/de\/garderoben-und-taschen\/","title":{"rendered":"Garderoben und Taschen"},"content":{"rendered":"<section id=\"primary-section\">\n\t\t<div class=\"row content-wrapper\">\n\t\t<div class=\"col-12 col-m-12\">\n\t\t\t<img loading=\"lazy\" decoding=\"async\" width=\"1600\" height=\"900\" src=\"https:\/\/dnm.symbiotisk.net\/wp-content\/uploads\/2024\/02\/JD_Guder_Genskabt0389-1600x900.jpg\" class=\"attachment-wide-large-crop size-wide-large-crop wp-post-image\" alt=\"\" srcset=\"https:\/\/dnm.symbiotisk.net\/wp-content\/uploads\/2024\/02\/JD_Guder_Genskabt0389-1600x900.jpg 1600w, https:\/\/dnm.symbiotisk.net\/wp-content\/uploads\/2024\/02\/JD_Guder_Genskabt0389-960x540.jpg 960w, https:\/\/dnm.symbiotisk.net\/wp-content\/uploads\/2024\/02\/JD_Guder_Genskabt0389-640x360.jpg 640w, https:\/\/dnm.symbiotisk.net\/wp-content\/uploads\/2024\/02\/JD_Guder_Genskabt0389-480x270.jpg 480w, https:\/\/dnm.symbiotisk.net\/wp-content\/uploads\/2024\/02\/JD_Guder_Genskabt0389-320x180.jpg 320w\" sizes=\"auto, (max-width: 1600px) 100vw, 1600px\" \/>\t\t\t\t\t<\/div>\n\t<\/div>\n\t    <div class=\"row content-wrapper\">\n        <div class=\"col-6 col-m-6\">\n                        <h1 class=\"page-title\">Garderoben und Taschen<\/h1>\n\t\t\t                                <\/div>\n        <div class=\"col-6 col-m-6\">\n                        <div class=\"intro\"><\/div>\n            <div class=\"content\"><h3>Garderobe und Taschen<\/h3>\n<p>Taschen bis zu einer Gr\u00f6\u00dfe von 15 cm x 30 cm x 25 cm, Rucks\u00e4cke, Regenschirme, Wasserflaschen und \u00c4hnliches d\u00fcrfen nicht in das Museum mitgenommen werden. Im Foyer des Museums stehen zu diesem Zweck Garderobeschr\u00e4nke zur Verf\u00fcgung. Eine 20-DKK-M\u00fcnze muss verwendet werden.<\/p>\n<h3>Ess- und Trinkwaren<\/h3>\n<p>Mitgebrachtes Essen darf unter den Bogeng\u00e4ngen des inneren und auf den B\u00e4nken des \u00e4u\u00dferen Schlosshofs konsumiert werden. Entlang der Slotsgade und beim Eingang zum Schlosskomplex stehen zu diesem Zweck Tische und B\u00e4nke zur Verf\u00fcgung. Auch im Schlossgarten gibt es etliche lauschige Pl\u00e4tze f\u00fcr eine Pause und zum Genie\u00dfen der wundersch\u00f6nen Umgebung.<\/p>\n<h3>Kinderwagen und Wickelraum<\/h3>\n<p>Kinderwagen und Buggys d\u00fcrfen nicht in das Museum mitgenommen werden. Das Museumspersonal gibt Ihnen Auskunft, wo sie abgestellt werden d\u00fcrfen. An der Kasse k\u00f6nnen Tragevorrichtungen f\u00fcr die Kleinsten und Buggys bezogen werden. Zudem steht in den Toiletten des inneren Schlosshofs steht ein Wickeltisch zur Verf\u00fcgung.<\/p>\n<\/div>\n\t\t\t                    <\/div>\n    <\/div>\n<\/section>\n","protected":false},"excerpt":{"rendered":"<p>Garderoben und Taschen Garderobe und Taschen Taschen bis zu einer Gr\u00f6\u00dfe von 15 cm x 30 cm x 25 cm, Rucks\u00e4cke, Regenschirme, Wasserflaschen und \u00c4hnliches d\u00fcrfen nicht in das Museum mitgenommen werden. Im Foyer des Museums stehen zu diesem Zweck Garderobeschr\u00e4nke zur Verf\u00fcgung. Eine 20-DKK-M\u00fcnze muss verwendet werden. Ess- und Trinkwaren Mitgebrachtes Essen darf unter [&hellip;]<\/p>\n","protected":false},"author":41,"featured_media":138808,"parent":0,"menu_order":0,"comment_status":"closed","ping_status":"closed","template":"","meta":{"_acf_changed":false,"_relevanssi_hide_post":"","_relevanssi_hide_content":"","_relevanssi_pin_for_all":"","_relevanssi_pin_keywords":"","_relevanssi_unpin_keywords":"","_relevanssi_related_keywords":"","_relevanssi_related_include_ids":"","_relevanssi_related_exclude_ids":"","_relevanssi_related_no_append":"","_relevanssi_related_not_related":"","_relevanssi_related_posts":"","_relevanssi_noindex_reason":"","footnotes":""},"class_list":["post-181423","page","type-page","status-publish","has-post-thumbnail","hentry"],"acf":[],"yoast_head":"<!-- This site is optimized with the Yoast SEO plugin v27.3 - https:\/\/yoast.com\/product\/yoast-seo-wordpress\/ -->\n<title>Garderoben und Taschen - Frederiksborg<\/title>\n<meta name=\"robots\" content=\"noindex, follow, max-snippet:-1, max-image-preview:large, max-video-preview:-1\" \/>\n<meta property=\"og:locale\" content=\"de_DE\" \/>\n<meta property=\"og:type\" content=\"article\" \/>\n<meta property=\"og:title\" content=\"Garderoben und Taschen - Frederiksborg\" \/>\n<meta property=\"og:description\" content=\"Garderoben und Taschen Garderobe und Taschen Taschen bis zu einer Gr\u00f6\u00dfe von 15 cm x 30 cm x 25 cm, Rucks\u00e4cke, Regenschirme, Wasserflaschen und \u00c4hnliches d\u00fcrfen nicht in das Museum mitgenommen werden. Im Foyer des Museums stehen zu diesem Zweck Garderobeschr\u00e4nke zur Verf\u00fcgung. Eine 20-DKK-M\u00fcnze muss verwendet werden. Ess- und Trinkwaren Mitgebrachtes Essen darf unter [&hellip;]\" \/>\n<meta property=\"og:url\" content=\"https:\/\/dnm.symbiotisk.net\/de\/garderoben-und-taschen\/\" \/>\n<meta property=\"og:site_name\" content=\"Frederiksborg\" \/>\n<meta property=\"article:modified_time\" content=\"2025-03-03T13:06:50+00:00\" \/>\n<meta property=\"og:image\" content=\"https:\/\/dnm.symbiotisk.net\/wp-content\/uploads\/2024\/02\/JD_Guder_Genskabt0389-1600x1067.jpg\" \/>\n\t<meta property=\"og:image:width\" content=\"1600\" \/>\n\t<meta property=\"og:image:height\" content=\"1067\" \/>\n\t<meta property=\"og:image:type\" content=\"image\/jpeg\" \/>\n<meta name=\"twitter:card\" content=\"summary_large_image\" \/>\n<meta name=\"twitter:label1\" content=\"Gesch\u00e4tzte Lesezeit\" \/>\n\t<meta name=\"twitter:data1\" content=\"1\u00a0Minute\" \/>\n<script type=\"application\/ld+json\" class=\"yoast-schema-graph\">{\"@context\":\"https:\\\/\\\/schema.org\",\"@graph\":[{\"@type\":\"WebPage\",\"@id\":\"https:\\\/\\\/dnm.symbiotisk.net\\\/de\\\/garderoben-und-taschen\\\/\",\"url\":\"https:\\\/\\\/dnm.symbiotisk.net\\\/de\\\/garderoben-und-taschen\\\/\",\"name\":\"Garderoben und Taschen - Frederiksborg\",\"isPartOf\":{\"@id\":\"https:\\\/\\\/dnm.symbiotisk.net\\\/#website\"},\"primaryImageOfPage\":{\"@id\":\"https:\\\/\\\/dnm.symbiotisk.net\\\/de\\\/garderoben-und-taschen\\\/#primaryimage\"},\"image\":{\"@id\":\"https:\\\/\\\/dnm.symbiotisk.net\\\/de\\\/garderoben-und-taschen\\\/#primaryimage\"},\"thumbnailUrl\":\"https:\\\/\\\/dnm.symbiotisk.net\\\/wp-content\\\/uploads\\\/2024\\\/02\\\/JD_Guder_Genskabt0389-e1716813525209.jpg\",\"datePublished\":\"2025-03-03T13:05:45+00:00\",\"dateModified\":\"2025-03-03T13:06:50+00:00\",\"breadcrumb\":{\"@id\":\"https:\\\/\\\/dnm.symbiotisk.net\\\/de\\\/garderoben-und-taschen\\\/#breadcrumb\"},\"inLanguage\":\"de\",\"potentialAction\":[{\"@type\":\"ReadAction\",\"target\":[\"https:\\\/\\\/dnm.symbiotisk.net\\\/de\\\/garderoben-und-taschen\\\/\"]}]},{\"@type\":\"ImageObject\",\"inLanguage\":\"de\",\"@id\":\"https:\\\/\\\/dnm.symbiotisk.net\\\/de\\\/garderoben-und-taschen\\\/#primaryimage\",\"url\":\"https:\\\/\\\/dnm.symbiotisk.net\\\/wp-content\\\/uploads\\\/2024\\\/02\\\/JD_Guder_Genskabt0389-e1716813525209.jpg\",\"contentUrl\":\"https:\\\/\\\/dnm.symbiotisk.net\\\/wp-content\\\/uploads\\\/2024\\\/02\\\/JD_Guder_Genskabt0389-e1716813525209.jpg\",\"width\":6000,\"height\":4000},{\"@type\":\"BreadcrumbList\",\"@id\":\"https:\\\/\\\/dnm.symbiotisk.net\\\/de\\\/garderoben-und-taschen\\\/#breadcrumb\",\"itemListElement\":[{\"@type\":\"ListItem\",\"position\":1,\"name\":\"Hjem\",\"item\":\"https:\\\/\\\/dnm.symbiotisk.net\\\/de\\\/\"},{\"@type\":\"ListItem\",\"position\":2,\"name\":\"Garderoben und Taschen\"}]},{\"@type\":\"WebSite\",\"@id\":\"https:\\\/\\\/dnm.symbiotisk.net\\\/#website\",\"url\":\"https:\\\/\\\/dnm.symbiotisk.net\\\/\",\"name\":\"Frederiksborg\",\"description\":\"Frederiksborg \u2219 Nationalhistorisk Museum\",\"potentialAction\":[{\"@type\":\"SearchAction\",\"target\":{\"@type\":\"EntryPoint\",\"urlTemplate\":\"https:\\\/\\\/dnm.symbiotisk.net\\\/?s={search_term_string}\"},\"query-input\":{\"@type\":\"PropertyValueSpecification\",\"valueRequired\":true,\"valueName\":\"search_term_string\"}}],\"inLanguage\":\"de\"}]}<\/script>\n<!-- \/ Yoast SEO plugin. -->","yoast_head_json":{"title":"Garderoben und Taschen - Frederiksborg","robots":{"index":"noindex","follow":"follow","max-snippet":"max-snippet:-1","max-image-preview":"max-image-preview:large","max-video-preview":"max-video-preview:-1"},"og_locale":"de_DE","og_type":"article","og_title":"Garderoben und Taschen - Frederiksborg","og_description":"Garderoben und Taschen Garderobe und Taschen Taschen bis zu einer Gr\u00f6\u00dfe von 15 cm x 30 cm x 25 cm, Rucks\u00e4cke, Regenschirme, Wasserflaschen und \u00c4hnliches d\u00fcrfen nicht in das Museum mitgenommen werden. Im Foyer des Museums stehen zu diesem Zweck Garderobeschr\u00e4nke zur Verf\u00fcgung. Eine 20-DKK-M\u00fcnze muss verwendet werden. Ess- und Trinkwaren Mitgebrachtes Essen darf unter [&hellip;]","og_url":"https:\/\/dnm.symbiotisk.net\/de\/garderoben-und-taschen\/","og_site_name":"Frederiksborg","article_modified_time":"2025-03-03T13:06:50+00:00","og_image":[{"width":1600,"height":1067,"url":"https:\/\/dnm.symbiotisk.net\/wp-content\/uploads\/2024\/02\/JD_Guder_Genskabt0389-1600x1067.jpg","type":"image\/jpeg"}],"twitter_card":"summary_large_image","twitter_misc":{"Gesch\u00e4tzte Lesezeit":"1\u00a0Minute"},"schema":{"@context":"https:\/\/schema.org","@graph":[{"@type":"WebPage","@id":"https:\/\/dnm.symbiotisk.net\/de\/garderoben-und-taschen\/","url":"https:\/\/dnm.symbiotisk.net\/de\/garderoben-und-taschen\/","name":"Garderoben und Taschen - Frederiksborg","isPartOf":{"@id":"https:\/\/dnm.symbiotisk.net\/#website"},"primaryImageOfPage":{"@id":"https:\/\/dnm.symbiotisk.net\/de\/garderoben-und-taschen\/#primaryimage"},"image":{"@id":"https:\/\/dnm.symbiotisk.net\/de\/garderoben-und-taschen\/#primaryimage"},"thumbnailUrl":"https:\/\/dnm.symbiotisk.net\/wp-content\/uploads\/2024\/02\/JD_Guder_Genskabt0389-e1716813525209.jpg","datePublished":"2025-03-03T13:05:45+00:00","dateModified":"2025-03-03T13:06:50+00:00","breadcrumb":{"@id":"https:\/\/dnm.symbiotisk.net\/de\/garderoben-und-taschen\/#breadcrumb"},"inLanguage":"de","potentialAction":[{"@type":"ReadAction","target":["https:\/\/dnm.symbiotisk.net\/de\/garderoben-und-taschen\/"]}]},{"@type":"ImageObject","inLanguage":"de","@id":"https:\/\/dnm.symbiotisk.net\/de\/garderoben-und-taschen\/#primaryimage","url":"https:\/\/dnm.symbiotisk.net\/wp-content\/uploads\/2024\/02\/JD_Guder_Genskabt0389-e1716813525209.jpg","contentUrl":"https:\/\/dnm.symbiotisk.net\/wp-content\/uploads\/2024\/02\/JD_Guder_Genskabt0389-e1716813525209.jpg","width":6000,"height":4000},{"@type":"BreadcrumbList","@id":"https:\/\/dnm.symbiotisk.net\/de\/garderoben-und-taschen\/#breadcrumb","itemListElement":[{"@type":"ListItem","position":1,"name":"Hjem","item":"https:\/\/dnm.symbiotisk.net\/de\/"},{"@type":"ListItem","position":2,"name":"Garderoben und Taschen"}]},{"@type":"WebSite","@id":"https:\/\/dnm.symbiotisk.net\/#website","url":"https:\/\/dnm.symbiotisk.net\/","name":"Frederiksborg","description":"Frederiksborg \u2219 Nationalhistorisk Museum","potentialAction":[{"@type":"SearchAction","target":{"@type":"EntryPoint","urlTemplate":"https:\/\/dnm.symbiotisk.net\/?s={search_term_string}"},"query-input":{"@type":"PropertyValueSpecification","valueRequired":true,"valueName":"search_term_string"}}],"inLanguage":"de"}]}},"_links":{"self":[{"href":"https:\/\/dnm.symbiotisk.net\/de\/wp-json\/wp\/v2\/pages\/181423","targetHints":{"allow":["GET"]}}],"collection":[{"href":"https:\/\/dnm.symbiotisk.net\/de\/wp-json\/wp\/v2\/pages"}],"about":[{"href":"https:\/\/dnm.symbiotisk.net\/de\/wp-json\/wp\/v2\/types\/page"}],"author":[{"embeddable":true,"href":"https:\/\/dnm.symbiotisk.net\/de\/wp-json\/wp\/v2\/users\/41"}],"replies":[{"embeddable":true,"href":"https:\/\/dnm.symbiotisk.net\/de\/wp-json\/wp\/v2\/comments?post=181423"}],"version-history":[{"count":0,"href":"https:\/\/dnm.symbiotisk.net\/de\/wp-json\/wp\/v2\/pages\/181423\/revisions"}],"wp:featuredmedia":[{"embeddable":true,"href":"https:\/\/dnm.symbiotisk.net\/de\/wp-json\/wp\/v2\/media\/138808"}],"wp:attachment":[{"href":"https:\/\/dnm.symbiotisk.net\/de\/wp-json\/wp\/v2\/media?parent=181423"}],"curies":[{"name":"wp","href":"https:\/\/api.w.org\/{rel}","templated":true}]}}