{"id":181421,"date":"2025-03-03T13:59:11","date_gmt":"2025-03-03T12:59:11","guid":{"rendered":"https:\/\/dnm.symbiotisk.net\/?page_id=181421"},"modified":"2025-03-03T14:33:09","modified_gmt":"2025-03-03T13:33:09","slug":"zugaenglichkeit","status":"publish","type":"page","link":"https:\/\/dnm.symbiotisk.net\/de\/zugaenglichkeit\/","title":{"rendered":"Zug\u00e4nglichkeit"},"content":{"rendered":"<section id=\"primary-section\">\n\t\t<div class=\"row content-wrapper\">\n\t\t<div class=\"col-12 col-m-12\">\n\t\t\t<img loading=\"lazy\" decoding=\"async\" width=\"1600\" height=\"900\" src=\"https:\/\/dnm.symbiotisk.net\/wp-content\/uploads\/2023\/11\/pynte-trae-1600x900.jpg\" class=\"attachment-wide-large-crop size-wide-large-crop wp-post-image\" alt=\"\" srcset=\"https:\/\/dnm.symbiotisk.net\/wp-content\/uploads\/2023\/11\/pynte-trae-1600x900.jpg 1600w, https:\/\/dnm.symbiotisk.net\/wp-content\/uploads\/2023\/11\/pynte-trae-600x338.jpg 600w, https:\/\/dnm.symbiotisk.net\/wp-content\/uploads\/2023\/11\/pynte-trae-768x432.jpg 768w, https:\/\/dnm.symbiotisk.net\/wp-content\/uploads\/2023\/11\/pynte-trae-1536x864.jpg 1536w, https:\/\/dnm.symbiotisk.net\/wp-content\/uploads\/2023\/11\/pynte-trae-2048x1152.jpg 2048w, https:\/\/dnm.symbiotisk.net\/wp-content\/uploads\/2023\/11\/pynte-trae-40x23.jpg 40w, https:\/\/dnm.symbiotisk.net\/wp-content\/uploads\/2023\/11\/pynte-trae-960x540.jpg 960w, https:\/\/dnm.symbiotisk.net\/wp-content\/uploads\/2023\/11\/pynte-trae-640x360.jpg 640w, https:\/\/dnm.symbiotisk.net\/wp-content\/uploads\/2023\/11\/pynte-trae-480x270.jpg 480w, https:\/\/dnm.symbiotisk.net\/wp-content\/uploads\/2023\/11\/pynte-trae-320x180.jpg 320w, https:\/\/dnm.symbiotisk.net\/wp-content\/uploads\/2023\/11\/pynte-trae-300x169.jpg 300w\" sizes=\"auto, (max-width: 1600px) 100vw, 1600px\" \/>\t\t\t\t\t<\/div>\n\t<\/div>\n\t    <div class=\"row content-wrapper\">\n        <div class=\"col-6 col-m-6\">\n                        <h1 class=\"page-title\">Zug\u00e4nglichkeit<\/h1>\n\t\t\t                                <\/div>\n        <div class=\"col-6 col-m-6\">\n                        <div class=\"intro\"><\/div>\n            <div class=\"content\"><h3>Absetzen und Parken<\/h3>\n<p>F\u00fcr Autos mit Parkausweis f\u00fcr Behinderte stehen im \u00e4u\u00dferen Schlosshof\u00a0(Springbrunnenplatz) rechts des gro\u00dfen Torturm zwei Stellpl\u00e4tze zur Verf\u00fcgung. Besucher mit Gehbehinderung d\u00fcrfen zudem im \u00e4u\u00dferen Schlosshof abgesetzt werden oder mit Erlaubnis des Pf\u00f6rtners direkt zum Schlosseingang im inneren Schlosshofs gefahren werden.<\/p>\n<p>Bitte beachten Sie, dass s\u00e4mtliche Au\u00dfenareale mit Kopfsteinpflaster belegt sind.<\/p>\n<h3>Eingang f\u00fcr Behinderte<\/h3>\n<p>In der Ecke rechts des Haupteingangs gibt es einen Eingang f\u00fcr Rollstuhlfahrerinnen und -fahrer. Auf Knopfdruck erhalten Sie Hilfe.<\/p>\n<h3>Fahrstuhl und Behindertentoilette<\/h3>\n<p>Alle Etagen sind \u00fcber einen Fahrstuhl zug\u00e4nglich. Somit kann das ganze Museum von Rollstuhlfahrerinnen und -fahrern besucht werden. Eine Ausnahme stellen jedoch die Schlosskirche und der Rittersaal dar. Schafft man es, die 4-5 Schritte hochzusteigen, steht im Rittersaal ein Rollstuhl zur Verf\u00fcgung. Die Kinderausstellung \u201eD\u00e4nische Geschichte der Kinder\u201c, die im alten Weinkeller Christians IV. untergebracht ist, ist f\u00fcr Rollstuhlfahrerinnen und -fahrer leider nicht zug\u00e4nglich.<\/p>\n<p>Im Keller des Museums, in den man \u00fcber einen Fahrstuhl gelangen kann, steht eine Behindertentoilette zur Verf\u00fcgung.<\/p>\n<h3>Ausleihe von Rollst\u00fchlen<\/h3>\n<p>Das Museum verf\u00fcgt \u00fcber zwei Rollst\u00fchle, die auf Anfrage an der Kasse ausgeliehen werden k\u00f6nnen.<\/p>\n<h3>Assistenzhunde<\/h3>\n<p>Speziell ausgebildete Blindenf\u00fchrhunde und Assistenzhunde sind im Museum willkommen.<\/p>\n<\/div>\n\t\t\t                    <\/div>\n    <\/div>\n<\/section>\n","protected":false},"excerpt":{"rendered":"<p>Zug\u00e4nglichkeit Absetzen und Parken F\u00fcr Autos mit Parkausweis f\u00fcr Behinderte stehen im \u00e4u\u00dferen Schlosshof\u00a0(Springbrunnenplatz) rechts des gro\u00dfen Torturm zwei Stellpl\u00e4tze zur Verf\u00fcgung. Besucher mit Gehbehinderung d\u00fcrfen zudem im \u00e4u\u00dferen Schlosshof abgesetzt werden oder mit Erlaubnis des Pf\u00f6rtners direkt zum Schlosseingang im inneren Schlosshofs gefahren werden. Bitte beachten Sie, dass s\u00e4mtliche Au\u00dfenareale mit Kopfsteinpflaster belegt sind. [&hellip;]<\/p>\n","protected":false},"author":41,"featured_media":133005,"parent":0,"menu_order":0,"comment_status":"closed","ping_status":"closed","template":"","meta":{"_acf_changed":false,"_relevanssi_hide_post":"","_relevanssi_hide_content":"","_relevanssi_pin_for_all":"","_relevanssi_pin_keywords":"","_relevanssi_unpin_keywords":"","_relevanssi_related_keywords":"","_relevanssi_related_include_ids":"","_relevanssi_related_exclude_ids":"","_relevanssi_related_no_append":"","_relevanssi_related_not_related":"","_relevanssi_related_posts":"","_relevanssi_noindex_reason":"","footnotes":""},"class_list":["post-181421","page","type-page","status-publish","has-post-thumbnail","hentry"],"acf":[],"yoast_head":"<!-- This site is optimized with the Yoast SEO plugin v27.3 - https:\/\/yoast.com\/product\/yoast-seo-wordpress\/ -->\n<title>Zug\u00e4nglichkeit - Frederiksborg<\/title>\n<meta name=\"robots\" content=\"noindex, follow, max-snippet:-1, max-image-preview:large, max-video-preview:-1\" \/>\n<meta property=\"og:locale\" content=\"de_DE\" \/>\n<meta property=\"og:type\" content=\"article\" \/>\n<meta property=\"og:title\" content=\"Zug\u00e4nglichkeit - Frederiksborg\" \/>\n<meta property=\"og:description\" content=\"Zug\u00e4nglichkeit Absetzen und Parken F\u00fcr Autos mit Parkausweis f\u00fcr Behinderte stehen im \u00e4u\u00dferen Schlosshof\u00a0(Springbrunnenplatz) rechts des gro\u00dfen Torturm zwei Stellpl\u00e4tze zur Verf\u00fcgung. Besucher mit Gehbehinderung d\u00fcrfen zudem im \u00e4u\u00dferen Schlosshof abgesetzt werden oder mit Erlaubnis des Pf\u00f6rtners direkt zum Schlosseingang im inneren Schlosshofs gefahren werden. Bitte beachten Sie, dass s\u00e4mtliche Au\u00dfenareale mit Kopfsteinpflaster belegt sind. [&hellip;]\" \/>\n<meta property=\"og:url\" content=\"https:\/\/dnm.symbiotisk.net\/de\/zugaenglichkeit\/\" \/>\n<meta property=\"og:site_name\" content=\"Frederiksborg\" \/>\n<meta property=\"article:modified_time\" content=\"2025-03-03T13:33:09+00:00\" \/>\n<meta property=\"og:image\" content=\"https:\/\/dnm.symbiotisk.net\/wp-content\/uploads\/2023\/11\/pynte-trae-1600x900.jpg\" \/>\n\t<meta property=\"og:image:width\" content=\"1600\" \/>\n\t<meta property=\"og:image:height\" content=\"900\" \/>\n\t<meta property=\"og:image:type\" content=\"image\/jpeg\" \/>\n<meta name=\"twitter:card\" content=\"summary_large_image\" \/>\n<meta name=\"twitter:label1\" content=\"Gesch\u00e4tzte Lesezeit\" \/>\n\t<meta name=\"twitter:data1\" content=\"1\u00a0Minute\" \/>\n<script type=\"application\/ld+json\" class=\"yoast-schema-graph\">{\"@context\":\"https:\\\/\\\/schema.org\",\"@graph\":[{\"@type\":\"WebPage\",\"@id\":\"https:\\\/\\\/dnm.symbiotisk.net\\\/de\\\/zugaenglichkeit\\\/\",\"url\":\"https:\\\/\\\/dnm.symbiotisk.net\\\/de\\\/zugaenglichkeit\\\/\",\"name\":\"Zug\u00e4nglichkeit - Frederiksborg\",\"isPartOf\":{\"@id\":\"https:\\\/\\\/dnm.symbiotisk.net\\\/#website\"},\"primaryImageOfPage\":{\"@id\":\"https:\\\/\\\/dnm.symbiotisk.net\\\/de\\\/zugaenglichkeit\\\/#primaryimage\"},\"image\":{\"@id\":\"https:\\\/\\\/dnm.symbiotisk.net\\\/de\\\/zugaenglichkeit\\\/#primaryimage\"},\"thumbnailUrl\":\"https:\\\/\\\/dnm.symbiotisk.net\\\/wp-content\\\/uploads\\\/2023\\\/11\\\/pynte-trae.jpg\",\"datePublished\":\"2025-03-03T12:59:11+00:00\",\"dateModified\":\"2025-03-03T13:33:09+00:00\",\"breadcrumb\":{\"@id\":\"https:\\\/\\\/dnm.symbiotisk.net\\\/de\\\/zugaenglichkeit\\\/#breadcrumb\"},\"inLanguage\":\"de\",\"potentialAction\":[{\"@type\":\"ReadAction\",\"target\":[\"https:\\\/\\\/dnm.symbiotisk.net\\\/de\\\/zugaenglichkeit\\\/\"]}]},{\"@type\":\"ImageObject\",\"inLanguage\":\"de\",\"@id\":\"https:\\\/\\\/dnm.symbiotisk.net\\\/de\\\/zugaenglichkeit\\\/#primaryimage\",\"url\":\"https:\\\/\\\/dnm.symbiotisk.net\\\/wp-content\\\/uploads\\\/2023\\\/11\\\/pynte-trae.jpg\",\"contentUrl\":\"https:\\\/\\\/dnm.symbiotisk.net\\\/wp-content\\\/uploads\\\/2023\\\/11\\\/pynte-trae.jpg\",\"width\":5280,\"height\":2970},{\"@type\":\"BreadcrumbList\",\"@id\":\"https:\\\/\\\/dnm.symbiotisk.net\\\/de\\\/zugaenglichkeit\\\/#breadcrumb\",\"itemListElement\":[{\"@type\":\"ListItem\",\"position\":1,\"name\":\"Hjem\",\"item\":\"https:\\\/\\\/dnm.symbiotisk.net\\\/de\\\/\"},{\"@type\":\"ListItem\",\"position\":2,\"name\":\"Zug\u00e4nglichkeit\"}]},{\"@type\":\"WebSite\",\"@id\":\"https:\\\/\\\/dnm.symbiotisk.net\\\/#website\",\"url\":\"https:\\\/\\\/dnm.symbiotisk.net\\\/\",\"name\":\"Frederiksborg\",\"description\":\"Frederiksborg \u2219 Nationalhistorisk Museum\",\"potentialAction\":[{\"@type\":\"SearchAction\",\"target\":{\"@type\":\"EntryPoint\",\"urlTemplate\":\"https:\\\/\\\/dnm.symbiotisk.net\\\/?s={search_term_string}\"},\"query-input\":{\"@type\":\"PropertyValueSpecification\",\"valueRequired\":true,\"valueName\":\"search_term_string\"}}],\"inLanguage\":\"de\"}]}<\/script>\n<!-- \/ Yoast SEO plugin. -->","yoast_head_json":{"title":"Zug\u00e4nglichkeit - Frederiksborg","robots":{"index":"noindex","follow":"follow","max-snippet":"max-snippet:-1","max-image-preview":"max-image-preview:large","max-video-preview":"max-video-preview:-1"},"og_locale":"de_DE","og_type":"article","og_title":"Zug\u00e4nglichkeit - Frederiksborg","og_description":"Zug\u00e4nglichkeit Absetzen und Parken F\u00fcr Autos mit Parkausweis f\u00fcr Behinderte stehen im \u00e4u\u00dferen Schlosshof\u00a0(Springbrunnenplatz) rechts des gro\u00dfen Torturm zwei Stellpl\u00e4tze zur Verf\u00fcgung. Besucher mit Gehbehinderung d\u00fcrfen zudem im \u00e4u\u00dferen Schlosshof abgesetzt werden oder mit Erlaubnis des Pf\u00f6rtners direkt zum Schlosseingang im inneren Schlosshofs gefahren werden. Bitte beachten Sie, dass s\u00e4mtliche Au\u00dfenareale mit Kopfsteinpflaster belegt sind. [&hellip;]","og_url":"https:\/\/dnm.symbiotisk.net\/de\/zugaenglichkeit\/","og_site_name":"Frederiksborg","article_modified_time":"2025-03-03T13:33:09+00:00","og_image":[{"width":1600,"height":900,"url":"https:\/\/dnm.symbiotisk.net\/wp-content\/uploads\/2023\/11\/pynte-trae-1600x900.jpg","type":"image\/jpeg"}],"twitter_card":"summary_large_image","twitter_misc":{"Gesch\u00e4tzte Lesezeit":"1\u00a0Minute"},"schema":{"@context":"https:\/\/schema.org","@graph":[{"@type":"WebPage","@id":"https:\/\/dnm.symbiotisk.net\/de\/zugaenglichkeit\/","url":"https:\/\/dnm.symbiotisk.net\/de\/zugaenglichkeit\/","name":"Zug\u00e4nglichkeit - Frederiksborg","isPartOf":{"@id":"https:\/\/dnm.symbiotisk.net\/#website"},"primaryImageOfPage":{"@id":"https:\/\/dnm.symbiotisk.net\/de\/zugaenglichkeit\/#primaryimage"},"image":{"@id":"https:\/\/dnm.symbiotisk.net\/de\/zugaenglichkeit\/#primaryimage"},"thumbnailUrl":"https:\/\/dnm.symbiotisk.net\/wp-content\/uploads\/2023\/11\/pynte-trae.jpg","datePublished":"2025-03-03T12:59:11+00:00","dateModified":"2025-03-03T13:33:09+00:00","breadcrumb":{"@id":"https:\/\/dnm.symbiotisk.net\/de\/zugaenglichkeit\/#breadcrumb"},"inLanguage":"de","potentialAction":[{"@type":"ReadAction","target":["https:\/\/dnm.symbiotisk.net\/de\/zugaenglichkeit\/"]}]},{"@type":"ImageObject","inLanguage":"de","@id":"https:\/\/dnm.symbiotisk.net\/de\/zugaenglichkeit\/#primaryimage","url":"https:\/\/dnm.symbiotisk.net\/wp-content\/uploads\/2023\/11\/pynte-trae.jpg","contentUrl":"https:\/\/dnm.symbiotisk.net\/wp-content\/uploads\/2023\/11\/pynte-trae.jpg","width":5280,"height":2970},{"@type":"BreadcrumbList","@id":"https:\/\/dnm.symbiotisk.net\/de\/zugaenglichkeit\/#breadcrumb","itemListElement":[{"@type":"ListItem","position":1,"name":"Hjem","item":"https:\/\/dnm.symbiotisk.net\/de\/"},{"@type":"ListItem","position":2,"name":"Zug\u00e4nglichkeit"}]},{"@type":"WebSite","@id":"https:\/\/dnm.symbiotisk.net\/#website","url":"https:\/\/dnm.symbiotisk.net\/","name":"Frederiksborg","description":"Frederiksborg \u2219 Nationalhistorisk Museum","potentialAction":[{"@type":"SearchAction","target":{"@type":"EntryPoint","urlTemplate":"https:\/\/dnm.symbiotisk.net\/?s={search_term_string}"},"query-input":{"@type":"PropertyValueSpecification","valueRequired":true,"valueName":"search_term_string"}}],"inLanguage":"de"}]}},"_links":{"self":[{"href":"https:\/\/dnm.symbiotisk.net\/de\/wp-json\/wp\/v2\/pages\/181421","targetHints":{"allow":["GET"]}}],"collection":[{"href":"https:\/\/dnm.symbiotisk.net\/de\/wp-json\/wp\/v2\/pages"}],"about":[{"href":"https:\/\/dnm.symbiotisk.net\/de\/wp-json\/wp\/v2\/types\/page"}],"author":[{"embeddable":true,"href":"https:\/\/dnm.symbiotisk.net\/de\/wp-json\/wp\/v2\/users\/41"}],"replies":[{"embeddable":true,"href":"https:\/\/dnm.symbiotisk.net\/de\/wp-json\/wp\/v2\/comments?post=181421"}],"version-history":[{"count":0,"href":"https:\/\/dnm.symbiotisk.net\/de\/wp-json\/wp\/v2\/pages\/181421\/revisions"}],"wp:featuredmedia":[{"embeddable":true,"href":"https:\/\/dnm.symbiotisk.net\/de\/wp-json\/wp\/v2\/media\/133005"}],"wp:attachment":[{"href":"https:\/\/dnm.symbiotisk.net\/de\/wp-json\/wp\/v2\/media?parent=181421"}],"curies":[{"name":"wp","href":"https:\/\/api.w.org\/{rel}","templated":true}]}}