{"id":181188,"date":"2025-03-03T14:33:26","date_gmt":"2025-03-03T13:33:26","guid":{"rendered":"https:\/\/dnm.symbiotisk.net\/?page_id=181188"},"modified":"2026-01-01T02:30:54","modified_gmt":"2026-01-01T01:30:54","slug":"willkommen","status":"publish","type":"page","link":"https:\/\/dnm.symbiotisk.net\/de\/willkommen\/","title":{"rendered":"Willkommen"},"content":{"rendered":"<section id=\"primary-section\">\n\t    <div class=\"row content-wrapper\">\n        <div class=\"col-6 col-m-6\">\n                        <h1 class=\"page-title\">Willkommen<\/h1>\n\t\t\t                                <\/div>\n        <div class=\"col-6 col-m-6\">\n                        <div class=\"intro\"><\/div>\n            <div class=\"content\"><h2>\u00d6ffnungszeiten<\/h2>\n<p data-start=\"46\" data-end=\"117\"><strong data-start=\"46\" data-end=\"117\">Wir haben das ganze Jahr \u00fcber jeden Tag von 10 bis 17 Uhr ge\u00f6ffnet.<\/strong><\/p>\n<p data-start=\"119\" data-end=\"195\" data-is-last-node=\"\" data-is-only-node=\"\"><strong data-start=\"119\" data-end=\"195\" data-is-last-node=\"\">Am 24., 25., 26., 31. Dezember und am 1. Januar schlie\u00dfen wir um 15 Uhr.<\/strong><\/p>\n<p>&nbsp;<\/p>\n<p>&nbsp;<\/p>\n<p>&nbsp;<\/p>\n<\/div>\n\t\t\t                    <\/div>\n    <\/div>\n<\/section>\n<section id=\"secondary-content\">\n\n\t<div class=\"tiles\">\n\t<div class=\"content-wrapper\">\n\t\t<div class=\"row\"><h2><\/h2><\/div>\n\t\t<div class=\"row happening related\">\n\t<div class=\"col-m-4 col-4 tile\">\n\t<a href=\"https:\/\/dnm.symbiotisk.net\/de\/eintrittspreise\/\">\n    <div class=\"aspect-img\">\n                    <img decoding=\"async\" src=\"https:\/\/dnm.symbiotisk.net\/wp-content\/uploads\/2023\/12\/loengangen-320x180.png\" srcset=\"https:\/\/dnm.symbiotisk.net\/wp-content\/uploads\/2023\/12\/loengangen-320x180.png 320w, https:\/\/dnm.symbiotisk.net\/wp-content\/uploads\/2023\/12\/loengangen-1600x900.png 1600w, https:\/\/dnm.symbiotisk.net\/wp-content\/uploads\/2023\/12\/loengangen-960x540.png 960w, https:\/\/dnm.symbiotisk.net\/wp-content\/uploads\/2023\/12\/loengangen-640x360.png 640w, https:\/\/dnm.symbiotisk.net\/wp-content\/uploads\/2023\/12\/loengangen-480x270.png 480w\" sizes=\"(max-width: 320px) 100vw, 320px\" class=\"\" alt=\"\">            <\/div>\n    <div class=\"tile-content\">\n        <h3>Eintrittspreise<\/h3>\n            <\/div>\n        <div class=\"read-more\">\n        <span>Lesen Sie mehr<\/span>\n    <\/div>\n    <\/a>\n\t<\/div>\n\t<div class=\"col-m-4 col-4 tile\">\n\t<a href=\"https:\/\/dnm.symbiotisk.net\/de\/anfahrt-und-parken\/\">\n    <div class=\"aspect-img\">\n                    <img decoding=\"async\" src=\"https:\/\/dnm.symbiotisk.net\/wp-content\/uploads\/2024\/09\/Frederiksborg-Kamera_39_WEB-320x180.jpg\" srcset=\"https:\/\/dnm.symbiotisk.net\/wp-content\/uploads\/2024\/09\/Frederiksborg-Kamera_39_WEB-320x180.jpg 320w, https:\/\/dnm.symbiotisk.net\/wp-content\/uploads\/2024\/09\/Frederiksborg-Kamera_39_WEB-1600x900.jpg 1600w, https:\/\/dnm.symbiotisk.net\/wp-content\/uploads\/2024\/09\/Frederiksborg-Kamera_39_WEB-960x540.jpg 960w, https:\/\/dnm.symbiotisk.net\/wp-content\/uploads\/2024\/09\/Frederiksborg-Kamera_39_WEB-640x360.jpg 640w, https:\/\/dnm.symbiotisk.net\/wp-content\/uploads\/2024\/09\/Frederiksborg-Kamera_39_WEB-480x270.jpg 480w\" sizes=\"(max-width: 320px) 100vw, 320px\" class=\"\" alt=\"\">            <\/div>\n    <div class=\"tile-content\">\n        <h3>Anfahrt und Parken<\/h3>\n            <\/div>\n        <div class=\"read-more\">\n        <span>Lesen Sie mehr<\/span>\n    <\/div>\n    <\/a>\n\t<\/div>\n\t<div class=\"col-m-4 col-4 tile\">\n\t<a href=\"https:\/\/dnm.symbiotisk.net\/de\/erforschen\/\">\n    <div class=\"aspect-img\">\n                    <img decoding=\"async\" src=\"https:\/\/dnm.symbiotisk.net\/wp-content\/uploads\/2023\/12\/smartify-320x180.png\" srcset=\"https:\/\/dnm.symbiotisk.net\/wp-content\/uploads\/2023\/12\/smartify-320x180.png 320w, https:\/\/dnm.symbiotisk.net\/wp-content\/uploads\/2023\/12\/smartify-600x338.png 600w, https:\/\/dnm.symbiotisk.net\/wp-content\/uploads\/2023\/12\/smartify-1600x900.png 1600w, https:\/\/dnm.symbiotisk.net\/wp-content\/uploads\/2023\/12\/smartify-768x432.png 768w, https:\/\/dnm.symbiotisk.net\/wp-content\/uploads\/2023\/12\/smartify-1536x864.png 1536w, https:\/\/dnm.symbiotisk.net\/wp-content\/uploads\/2023\/12\/smartify-40x23.png 40w, https:\/\/dnm.symbiotisk.net\/wp-content\/uploads\/2023\/12\/smartify-960x540.png 960w, https:\/\/dnm.symbiotisk.net\/wp-content\/uploads\/2023\/12\/smartify-640x360.png 640w, https:\/\/dnm.symbiotisk.net\/wp-content\/uploads\/2023\/12\/smartify-480x270.png 480w, https:\/\/dnm.symbiotisk.net\/wp-content\/uploads\/2023\/12\/smartify-300x169.png 300w, https:\/\/dnm.symbiotisk.net\/wp-content\/uploads\/2023\/12\/smartify.png 1920w\" sizes=\"(max-width: 320px) 100vw, 320px\" class=\"\" alt=\"\">            <\/div>\n    <div class=\"tile-content\">\n        <h3>Erforschen<\/h3>\n            <\/div>\n        <div class=\"read-more\">\n        <span>Lesen Sie mehr<\/span>\n    <\/div>\n    <\/a>\n\t<\/div>\n\t<div class=\"col-m-4 col-4 tile\">\n\t<a href=\"https:\/\/dnm.symbiotisk.net\/de\/zugaenglichkeit\/\">\n    <div class=\"aspect-img\">\n                    <img decoding=\"async\" src=\"https:\/\/dnm.symbiotisk.net\/wp-content\/uploads\/2023\/11\/pynte-trae-320x180.jpg\" srcset=\"https:\/\/dnm.symbiotisk.net\/wp-content\/uploads\/2023\/11\/pynte-trae-320x180.jpg 320w, https:\/\/dnm.symbiotisk.net\/wp-content\/uploads\/2023\/11\/pynte-trae-600x338.jpg 600w, https:\/\/dnm.symbiotisk.net\/wp-content\/uploads\/2023\/11\/pynte-trae-1600x900.jpg 1600w, https:\/\/dnm.symbiotisk.net\/wp-content\/uploads\/2023\/11\/pynte-trae-768x432.jpg 768w, https:\/\/dnm.symbiotisk.net\/wp-content\/uploads\/2023\/11\/pynte-trae-1536x864.jpg 1536w, https:\/\/dnm.symbiotisk.net\/wp-content\/uploads\/2023\/11\/pynte-trae-2048x1152.jpg 2048w, https:\/\/dnm.symbiotisk.net\/wp-content\/uploads\/2023\/11\/pynte-trae-40x23.jpg 40w, https:\/\/dnm.symbiotisk.net\/wp-content\/uploads\/2023\/11\/pynte-trae-960x540.jpg 960w, https:\/\/dnm.symbiotisk.net\/wp-content\/uploads\/2023\/11\/pynte-trae-640x360.jpg 640w, https:\/\/dnm.symbiotisk.net\/wp-content\/uploads\/2023\/11\/pynte-trae-480x270.jpg 480w, https:\/\/dnm.symbiotisk.net\/wp-content\/uploads\/2023\/11\/pynte-trae-300x169.jpg 300w\" sizes=\"(max-width: 320px) 100vw, 320px\" class=\"\" alt=\"\">            <\/div>\n    <div class=\"tile-content\">\n        <h3>Zug\u00e4nglichkeit<\/h3>\n            <\/div>\n        <div class=\"read-more\">\n        <span>Lesen Sie mehr<\/span>\n    <\/div>\n    <\/a>\n\t<\/div>\n\t<div class=\"col-m-4 col-4 tile\">\n\t<a href=\"https:\/\/dnm.symbiotisk.net\/de\/garderoben-und-taschen\/\">\n    <div class=\"aspect-img\">\n                    <img decoding=\"async\" src=\"https:\/\/dnm.symbiotisk.net\/wp-content\/uploads\/2024\/02\/JD_Guder_Genskabt0389-320x180.jpg\" srcset=\"https:\/\/dnm.symbiotisk.net\/wp-content\/uploads\/2024\/02\/JD_Guder_Genskabt0389-320x180.jpg 320w, https:\/\/dnm.symbiotisk.net\/wp-content\/uploads\/2024\/02\/JD_Guder_Genskabt0389-1600x900.jpg 1600w, https:\/\/dnm.symbiotisk.net\/wp-content\/uploads\/2024\/02\/JD_Guder_Genskabt0389-960x540.jpg 960w, https:\/\/dnm.symbiotisk.net\/wp-content\/uploads\/2024\/02\/JD_Guder_Genskabt0389-640x360.jpg 640w, https:\/\/dnm.symbiotisk.net\/wp-content\/uploads\/2024\/02\/JD_Guder_Genskabt0389-480x270.jpg 480w\" sizes=\"(max-width: 320px) 100vw, 320px\" class=\"\" alt=\"\">            <\/div>\n    <div class=\"tile-content\">\n        <h3>Garderoben und Taschen<\/h3>\n            <\/div>\n        <div class=\"read-more\">\n        <span>Lesen Sie mehr<\/span>\n    <\/div>\n    <\/a>\n\t<\/div>\n\t<div class=\"col-m-4 col-4 tile\">\n\t<a href=\"https:\/\/dnm.symbiotisk.net\/de\/museumsshop\/\">\n    <div class=\"aspect-img\">\n                    <img decoding=\"async\" src=\"https:\/\/dnm.symbiotisk.net\/wp-content\/uploads\/2025\/01\/A-9899-320x180.jpg\" srcset=\"https:\/\/dnm.symbiotisk.net\/wp-content\/uploads\/2025\/01\/A-9899-320x180.jpg 320w, https:\/\/dnm.symbiotisk.net\/wp-content\/uploads\/2025\/01\/A-9899-960x540.jpg 960w, https:\/\/dnm.symbiotisk.net\/wp-content\/uploads\/2025\/01\/A-9899-640x360.jpg 640w, https:\/\/dnm.symbiotisk.net\/wp-content\/uploads\/2025\/01\/A-9899-480x270.jpg 480w\" sizes=\"(max-width: 320px) 100vw, 320px\" class=\"\" alt=\"\">            <\/div>\n    <div class=\"tile-content\">\n        <h3>Museumsshop<\/h3>\n            <\/div>\n        <div class=\"read-more\">\n        <span>Lesen Sie mehr<\/span>\n    <\/div>\n    <\/a>\n\t<\/div>\n\t<div class=\"col-m-4 col-4 tile\">\n\t<a href=\"https:\/\/dnm.symbiotisk.net\/de\/restaurant\/\">\n    <div class=\"aspect-img\">\n                    <img decoding=\"async\" src=\"https:\/\/dnm.symbiotisk.net\/wp-content\/uploads\/2024\/04\/DSC_6323-copy-1-320x180.jpg\" srcset=\"https:\/\/dnm.symbiotisk.net\/wp-content\/uploads\/2024\/04\/DSC_6323-copy-1-320x180.jpg 320w, https:\/\/dnm.symbiotisk.net\/wp-content\/uploads\/2024\/04\/DSC_6323-copy-1-1600x900.jpg 1600w, https:\/\/dnm.symbiotisk.net\/wp-content\/uploads\/2024\/04\/DSC_6323-copy-1-960x540.jpg 960w, https:\/\/dnm.symbiotisk.net\/wp-content\/uploads\/2024\/04\/DSC_6323-copy-1-640x360.jpg 640w, https:\/\/dnm.symbiotisk.net\/wp-content\/uploads\/2024\/04\/DSC_6323-copy-1-480x270.jpg 480w\" sizes=\"(max-width: 320px) 100vw, 320px\" class=\"\" alt=\"\">            <\/div>\n    <div class=\"tile-content\">\n        <h3>Restaurant<\/h3>\n            <\/div>\n        <div class=\"read-more\">\n        <span>Lesen Sie mehr<\/span>\n    <\/div>\n    <\/a>\n\t<\/div>\n\t<div class=\"col-m-4 col-4 tile\">\n\t<a href=\"https:\/\/dnm.symbiotisk.net\/de\/die-kleine-faehre\/\">\n    <div class=\"aspect-img\">\n                    <img decoding=\"async\" src=\"https:\/\/dnm.symbiotisk.net\/wp-content\/uploads\/2025\/03\/Den-lille-faerge.-Frederiksborg-Slot.-Ann-Joergensen-f.-VisitNordsjaelland-320x180.jpg\" srcset=\"https:\/\/dnm.symbiotisk.net\/wp-content\/uploads\/2025\/03\/Den-lille-faerge.-Frederiksborg-Slot.-Ann-Joergensen-f.-VisitNordsjaelland-320x180.jpg 320w, https:\/\/dnm.symbiotisk.net\/wp-content\/uploads\/2025\/03\/Den-lille-faerge.-Frederiksborg-Slot.-Ann-Joergensen-f.-VisitNordsjaelland-1600x900.jpg 1600w, https:\/\/dnm.symbiotisk.net\/wp-content\/uploads\/2025\/03\/Den-lille-faerge.-Frederiksborg-Slot.-Ann-Joergensen-f.-VisitNordsjaelland-960x540.jpg 960w, https:\/\/dnm.symbiotisk.net\/wp-content\/uploads\/2025\/03\/Den-lille-faerge.-Frederiksborg-Slot.-Ann-Joergensen-f.-VisitNordsjaelland-640x360.jpg 640w, https:\/\/dnm.symbiotisk.net\/wp-content\/uploads\/2025\/03\/Den-lille-faerge.-Frederiksborg-Slot.-Ann-Joergensen-f.-VisitNordsjaelland-480x270.jpg 480w\" sizes=\"(max-width: 320px) 100vw, 320px\" class=\"\" alt=\"\">            <\/div>\n    <div class=\"tile-content\">\n        <h3>Die kleine F\u00e4hre<\/h3>\n            <\/div>\n        <div class=\"read-more\">\n        <span>Lesen Sie mehr<\/span>\n    <\/div>\n    <\/a>\n\t<\/div>\n\t<\/div>\n\t<\/div>\n<\/div>\n\t\n<\/section>\n","protected":false},"excerpt":{"rendered":"<p>Willkommen \u00d6ffnungszeiten Wir haben das ganze Jahr \u00fcber jeden Tag von 10 bis 17 Uhr ge\u00f6ffnet. Am 24., 25., 26., 31. Dezember und am 1. Januar schlie\u00dfen wir um 15 Uhr. &nbsp; &nbsp; &nbsp; Eintrittspreise Lesen Sie mehr Anfahrt und Parken Lesen Sie mehr Erforschen Lesen Sie mehr Zug\u00e4nglichkeit Lesen Sie mehr Garderoben und Taschen [&hellip;]<\/p>\n","protected":false},"author":41,"featured_media":0,"parent":0,"menu_order":0,"comment_status":"closed","ping_status":"closed","template":"","meta":{"_acf_changed":false,"_relevanssi_hide_post":"","_relevanssi_hide_content":"","_relevanssi_pin_for_all":"","_relevanssi_pin_keywords":"","_relevanssi_unpin_keywords":"","_relevanssi_related_keywords":"","_relevanssi_related_include_ids":"","_relevanssi_related_exclude_ids":"","_relevanssi_related_no_append":"","_relevanssi_related_not_related":"","_relevanssi_related_posts":"","_relevanssi_noindex_reason":"","footnotes":""},"class_list":["post-181188","page","type-page","status-publish","hentry"],"acf":[],"yoast_head":"<!-- This site is optimized with the Yoast SEO plugin v27.3 - https:\/\/yoast.com\/product\/yoast-seo-wordpress\/ -->\n<title>Willkommen - Frederiksborg<\/title>\n<meta name=\"robots\" content=\"noindex, follow, max-snippet:-1, max-image-preview:large, max-video-preview:-1\" \/>\n<meta property=\"og:locale\" content=\"de_DE\" \/>\n<meta property=\"og:type\" content=\"article\" \/>\n<meta property=\"og:title\" content=\"Willkommen - Frederiksborg\" \/>\n<meta property=\"og:description\" content=\"Willkommen \u00d6ffnungszeiten Wir haben das ganze Jahr \u00fcber jeden Tag von 10 bis 17 Uhr ge\u00f6ffnet. Am 24., 25., 26., 31. Dezember und am 1. Januar schlie\u00dfen wir um 15 Uhr. &nbsp; &nbsp; &nbsp; Eintrittspreise Lesen Sie mehr Anfahrt und Parken Lesen Sie mehr Erforschen Lesen Sie mehr Zug\u00e4nglichkeit Lesen Sie mehr Garderoben und Taschen [&hellip;]\" \/>\n<meta property=\"og:url\" content=\"https:\/\/dnm.symbiotisk.net\/de\/willkommen\/\" \/>\n<meta property=\"og:site_name\" content=\"Frederiksborg\" \/>\n<meta property=\"article:modified_time\" content=\"2026-01-01T01:30:54+00:00\" \/>\n<meta name=\"twitter:card\" content=\"summary_large_image\" \/>\n<script type=\"application\/ld+json\" class=\"yoast-schema-graph\">{\"@context\":\"https:\\\/\\\/schema.org\",\"@graph\":[{\"@type\":\"WebPage\",\"@id\":\"https:\\\/\\\/dnm.symbiotisk.net\\\/de\\\/willkommen\\\/\",\"url\":\"https:\\\/\\\/dnm.symbiotisk.net\\\/de\\\/willkommen\\\/\",\"name\":\"Willkommen - Frederiksborg\",\"isPartOf\":{\"@id\":\"https:\\\/\\\/dnm.symbiotisk.net\\\/#website\"},\"datePublished\":\"2025-03-03T13:33:26+00:00\",\"dateModified\":\"2026-01-01T01:30:54+00:00\",\"breadcrumb\":{\"@id\":\"https:\\\/\\\/dnm.symbiotisk.net\\\/de\\\/willkommen\\\/#breadcrumb\"},\"inLanguage\":\"de\",\"potentialAction\":[{\"@type\":\"ReadAction\",\"target\":[\"https:\\\/\\\/dnm.symbiotisk.net\\\/de\\\/willkommen\\\/\"]}]},{\"@type\":\"BreadcrumbList\",\"@id\":\"https:\\\/\\\/dnm.symbiotisk.net\\\/de\\\/willkommen\\\/#breadcrumb\",\"itemListElement\":[{\"@type\":\"ListItem\",\"position\":1,\"name\":\"Hjem\",\"item\":\"https:\\\/\\\/dnm.symbiotisk.net\\\/de\\\/\"},{\"@type\":\"ListItem\",\"position\":2,\"name\":\"Willkommen\"}]},{\"@type\":\"WebSite\",\"@id\":\"https:\\\/\\\/dnm.symbiotisk.net\\\/#website\",\"url\":\"https:\\\/\\\/dnm.symbiotisk.net\\\/\",\"name\":\"Frederiksborg\",\"description\":\"Frederiksborg \u2219 Nationalhistorisk Museum\",\"potentialAction\":[{\"@type\":\"SearchAction\",\"target\":{\"@type\":\"EntryPoint\",\"urlTemplate\":\"https:\\\/\\\/dnm.symbiotisk.net\\\/?s={search_term_string}\"},\"query-input\":{\"@type\":\"PropertyValueSpecification\",\"valueRequired\":true,\"valueName\":\"search_term_string\"}}],\"inLanguage\":\"de\"}]}<\/script>\n<!-- \/ Yoast SEO plugin. -->","yoast_head_json":{"title":"Willkommen - Frederiksborg","robots":{"index":"noindex","follow":"follow","max-snippet":"max-snippet:-1","max-image-preview":"max-image-preview:large","max-video-preview":"max-video-preview:-1"},"og_locale":"de_DE","og_type":"article","og_title":"Willkommen - Frederiksborg","og_description":"Willkommen \u00d6ffnungszeiten Wir haben das ganze Jahr \u00fcber jeden Tag von 10 bis 17 Uhr ge\u00f6ffnet. Am 24., 25., 26., 31. Dezember und am 1. Januar schlie\u00dfen wir um 15 Uhr. &nbsp; &nbsp; &nbsp; Eintrittspreise Lesen Sie mehr Anfahrt und Parken Lesen Sie mehr Erforschen Lesen Sie mehr Zug\u00e4nglichkeit Lesen Sie mehr Garderoben und Taschen [&hellip;]","og_url":"https:\/\/dnm.symbiotisk.net\/de\/willkommen\/","og_site_name":"Frederiksborg","article_modified_time":"2026-01-01T01:30:54+00:00","twitter_card":"summary_large_image","schema":{"@context":"https:\/\/schema.org","@graph":[{"@type":"WebPage","@id":"https:\/\/dnm.symbiotisk.net\/de\/willkommen\/","url":"https:\/\/dnm.symbiotisk.net\/de\/willkommen\/","name":"Willkommen - Frederiksborg","isPartOf":{"@id":"https:\/\/dnm.symbiotisk.net\/#website"},"datePublished":"2025-03-03T13:33:26+00:00","dateModified":"2026-01-01T01:30:54+00:00","breadcrumb":{"@id":"https:\/\/dnm.symbiotisk.net\/de\/willkommen\/#breadcrumb"},"inLanguage":"de","potentialAction":[{"@type":"ReadAction","target":["https:\/\/dnm.symbiotisk.net\/de\/willkommen\/"]}]},{"@type":"BreadcrumbList","@id":"https:\/\/dnm.symbiotisk.net\/de\/willkommen\/#breadcrumb","itemListElement":[{"@type":"ListItem","position":1,"name":"Hjem","item":"https:\/\/dnm.symbiotisk.net\/de\/"},{"@type":"ListItem","position":2,"name":"Willkommen"}]},{"@type":"WebSite","@id":"https:\/\/dnm.symbiotisk.net\/#website","url":"https:\/\/dnm.symbiotisk.net\/","name":"Frederiksborg","description":"Frederiksborg \u2219 Nationalhistorisk Museum","potentialAction":[{"@type":"SearchAction","target":{"@type":"EntryPoint","urlTemplate":"https:\/\/dnm.symbiotisk.net\/?s={search_term_string}"},"query-input":{"@type":"PropertyValueSpecification","valueRequired":true,"valueName":"search_term_string"}}],"inLanguage":"de"}]}},"_links":{"self":[{"href":"https:\/\/dnm.symbiotisk.net\/de\/wp-json\/wp\/v2\/pages\/181188","targetHints":{"allow":["GET"]}}],"collection":[{"href":"https:\/\/dnm.symbiotisk.net\/de\/wp-json\/wp\/v2\/pages"}],"about":[{"href":"https:\/\/dnm.symbiotisk.net\/de\/wp-json\/wp\/v2\/types\/page"}],"author":[{"embeddable":true,"href":"https:\/\/dnm.symbiotisk.net\/de\/wp-json\/wp\/v2\/users\/41"}],"replies":[{"embeddable":true,"href":"https:\/\/dnm.symbiotisk.net\/de\/wp-json\/wp\/v2\/comments?post=181188"}],"version-history":[{"count":0,"href":"https:\/\/dnm.symbiotisk.net\/de\/wp-json\/wp\/v2\/pages\/181188\/revisions"}],"wp:attachment":[{"href":"https:\/\/dnm.symbiotisk.net\/de\/wp-json\/wp\/v2\/media?parent=181188"}],"curies":[{"name":"wp","href":"https:\/\/api.w.org\/{rel}","templated":true}]}}