{"id":181181,"date":"2025-02-28T13:25:19","date_gmt":"2025-02-28T12:25:19","guid":{"rendered":"https:\/\/dnm.symbiotisk.net\/?page_id=181181"},"modified":"2025-09-09T12:19:23","modified_gmt":"2025-09-09T10:19:23","slug":"erforschen","status":"publish","type":"page","link":"https:\/\/dnm.symbiotisk.net\/de\/erforschen\/","title":{"rendered":"Erforschen"},"content":{"rendered":"<section id=\"primary-section\">\n\t    <div class=\"row content-wrapper\">\n        <div class=\"col-6 col-m-6\">\n                        <h1 class=\"page-title\">Erforschen<\/h1>\n\t\t\t                                <\/div>\n        <div class=\"col-6 col-m-6\">\n                        <div class=\"intro\"><\/div>\n            <div class=\"content\"><h3>Audioguide<\/h3>\n<p>Explore the museum and the collection through a collection of audio guides and the scan function in the museum-app Smartify. We provide a general audio guide in 10 languages including German!<\/p>\n<p><img loading=\"lazy\" decoding=\"async\" class=\"alignnone wp-image-206095\" src=\"https:\/\/dnm.symbiotisk.net\/wp-content\/uploads\/2025\/08\/Smartify-til-hjemmeside-900x900.png\" alt=\"\" width=\"270\" height=\"270\" srcset=\"https:\/\/dnm.symbiotisk.net\/wp-content\/uploads\/2025\/08\/Smartify-til-hjemmeside-900x900.png 900w, https:\/\/dnm.symbiotisk.net\/wp-content\/uploads\/2025\/08\/Smartify-til-hjemmeside-600x600.png 600w, https:\/\/dnm.symbiotisk.net\/wp-content\/uploads\/2025\/08\/Smartify-til-hjemmeside-300x300.png 300w, https:\/\/dnm.symbiotisk.net\/wp-content\/uploads\/2025\/08\/Smartify-til-hjemmeside-768x768.png 768w, https:\/\/dnm.symbiotisk.net\/wp-content\/uploads\/2025\/08\/Smartify-til-hjemmeside-40x40.png 40w, https:\/\/dnm.symbiotisk.net\/wp-content\/uploads\/2025\/08\/Smartify-til-hjemmeside-540x540.png 540w, https:\/\/dnm.symbiotisk.net\/wp-content\/uploads\/2025\/08\/Smartify-til-hjemmeside-360x360.png 360w, https:\/\/dnm.symbiotisk.net\/wp-content\/uploads\/2025\/08\/Smartify-til-hjemmeside-270x270.png 270w, https:\/\/dnm.symbiotisk.net\/wp-content\/uploads\/2025\/08\/Smartify-til-hjemmeside-180x180.png 180w, https:\/\/dnm.symbiotisk.net\/wp-content\/uploads\/2025\/08\/Smartify-til-hjemmeside-100x100.png 100w, https:\/\/dnm.symbiotisk.net\/wp-content\/uploads\/2025\/08\/Smartify-til-hjemmeside.png 1024w\" sizes=\"auto, (max-width: 270px) 100vw, 270px\" \/><\/p>\n<h2>Flyers<\/h2>\n<h3>Short-Guide<\/h3>\n<p>Das Museum hat einen etwa 125 Seiten umfassenden Museumsf\u00fchrer herausgegeben. Dieser enth\u00e4lt eine Vielzahl an sch\u00f6nen Bildern und Beschreibungen. Dieser Short-Guide eignet sich zum Mitnehmen w\u00e4hrend des Besuchs, kann aber auch vor oder nach einem Besuch gelesen werden.<\/p>\n<p>Der Short-Guide kann im Museumsshop f\u00fcr 50 DKK gekauft werden und ist auf D\u00e4nisch und auf Deutsch erh\u00e4ltlich.<\/p>\n<h3>Willkommensflyer und etagenplan<\/h3>\n<p>Der Willkommensflyer liefert eine Einf\u00fchrung in das Nationalhistorische Museum und einen \u00dcberblick \u00fcber die angebotenen Erlebnisse.<\/p>\n<p>Lassen Sie sich mit dem Etagenplan als Minigiude und Wegweiser durch das Museum f\u00fchren. Die Raumnummern im Etagenplan sind dieselben Nummern, die Sie auch oberhalb der T\u00fcr zum jeweiligen Raum finden. Die Nummer bezieht sich auf den Raum, in dem Sie sich gerade befinden. Die Etagenpl\u00e4ne werden bei jedem Kauf eines Eintritts ausgeh\u00e4ndigt.<\/p>\n<\/div>\n\t\t\t                    <\/div>\n    <\/div>\n<\/section>\n<section id=\"section-1\">\n\t<div class=\"content-wrapper\">\n\t\n<div class=\"row\">\n\t<div class=\"col-6 col-m-6\">\n\t\t<div class=\"tile tile-type\">\n\t\t\t<div class=\"content\">\n\t\t\t\t\t\t\t<\/div>\n\t\t<\/div>\n\t<\/div>\n\t<div class=\"col-6 col-m-6\">\n\t\t<div class=\"tile tile-type\">\n\t\t\t<div class=\"content\">\n\t\t\t\t\t\t\t<\/div>\n\t\t<\/div>\n\t<\/div>\n<\/div>\n\n\t<\/div>\n<\/section>\n","protected":false},"excerpt":{"rendered":"<p>Erforschen Audioguide Explore the museum and the collection through a collection of audio guides and the scan function in the museum-app Smartify. We provide a general audio guide in 10 languages including German! Flyers Short-Guide Das Museum hat einen etwa 125 Seiten umfassenden Museumsf\u00fchrer herausgegeben. Dieser enth\u00e4lt eine Vielzahl an sch\u00f6nen Bildern und Beschreibungen. Dieser [&hellip;]<\/p>\n","protected":false},"author":41,"featured_media":0,"parent":0,"menu_order":0,"comment_status":"closed","ping_status":"closed","template":"","meta":{"_acf_changed":false,"_relevanssi_hide_post":"","_relevanssi_hide_content":"","_relevanssi_pin_for_all":"","_relevanssi_pin_keywords":"","_relevanssi_unpin_keywords":"","_relevanssi_related_keywords":"","_relevanssi_related_include_ids":"","_relevanssi_related_exclude_ids":"","_relevanssi_related_no_append":"","_relevanssi_related_not_related":"","_relevanssi_related_posts":"","_relevanssi_noindex_reason":"","footnotes":""},"class_list":["post-181181","page","type-page","status-publish","hentry"],"acf":[],"yoast_head":"<!-- This site is optimized with the Yoast SEO plugin v27.3 - https:\/\/yoast.com\/product\/yoast-seo-wordpress\/ -->\n<title>Erforschen - Frederiksborg<\/title>\n<meta name=\"robots\" content=\"noindex, follow, max-snippet:-1, max-image-preview:large, max-video-preview:-1\" \/>\n<meta property=\"og:locale\" content=\"de_DE\" \/>\n<meta property=\"og:type\" content=\"article\" \/>\n<meta property=\"og:title\" content=\"Erforschen - Frederiksborg\" \/>\n<meta property=\"og:description\" content=\"Erforschen Audioguide Explore the museum and the collection through a collection of audio guides and the scan function in the museum-app Smartify. We provide a general audio guide in 10 languages including German! Flyers Short-Guide Das Museum hat einen etwa 125 Seiten umfassenden Museumsf\u00fchrer herausgegeben. Dieser enth\u00e4lt eine Vielzahl an sch\u00f6nen Bildern und Beschreibungen. Dieser [&hellip;]\" \/>\n<meta property=\"og:url\" content=\"https:\/\/dnm.symbiotisk.net\/de\/erforschen\/\" \/>\n<meta property=\"og:site_name\" content=\"Frederiksborg\" \/>\n<meta property=\"article:modified_time\" content=\"2025-09-09T10:19:23+00:00\" \/>\n<meta name=\"twitter:card\" content=\"summary_large_image\" \/>\n<script type=\"application\/ld+json\" class=\"yoast-schema-graph\">{\"@context\":\"https:\\\/\\\/schema.org\",\"@graph\":[{\"@type\":\"WebPage\",\"@id\":\"https:\\\/\\\/dnm.symbiotisk.net\\\/de\\\/erforschen\\\/\",\"url\":\"https:\\\/\\\/dnm.symbiotisk.net\\\/de\\\/erforschen\\\/\",\"name\":\"Erforschen - Frederiksborg\",\"isPartOf\":{\"@id\":\"https:\\\/\\\/dnm.symbiotisk.net\\\/#website\"},\"datePublished\":\"2025-02-28T12:25:19+00:00\",\"dateModified\":\"2025-09-09T10:19:23+00:00\",\"breadcrumb\":{\"@id\":\"https:\\\/\\\/dnm.symbiotisk.net\\\/de\\\/erforschen\\\/#breadcrumb\"},\"inLanguage\":\"de\",\"potentialAction\":[{\"@type\":\"ReadAction\",\"target\":[\"https:\\\/\\\/dnm.symbiotisk.net\\\/de\\\/erforschen\\\/\"]}]},{\"@type\":\"BreadcrumbList\",\"@id\":\"https:\\\/\\\/dnm.symbiotisk.net\\\/de\\\/erforschen\\\/#breadcrumb\",\"itemListElement\":[{\"@type\":\"ListItem\",\"position\":1,\"name\":\"Hjem\",\"item\":\"https:\\\/\\\/dnm.symbiotisk.net\\\/de\\\/\"},{\"@type\":\"ListItem\",\"position\":2,\"name\":\"Erforschen\"}]},{\"@type\":\"WebSite\",\"@id\":\"https:\\\/\\\/dnm.symbiotisk.net\\\/#website\",\"url\":\"https:\\\/\\\/dnm.symbiotisk.net\\\/\",\"name\":\"Frederiksborg\",\"description\":\"Frederiksborg \u2219 Nationalhistorisk Museum\",\"potentialAction\":[{\"@type\":\"SearchAction\",\"target\":{\"@type\":\"EntryPoint\",\"urlTemplate\":\"https:\\\/\\\/dnm.symbiotisk.net\\\/?s={search_term_string}\"},\"query-input\":{\"@type\":\"PropertyValueSpecification\",\"valueRequired\":true,\"valueName\":\"search_term_string\"}}],\"inLanguage\":\"de\"}]}<\/script>\n<!-- \/ Yoast SEO plugin. -->","yoast_head_json":{"title":"Erforschen - Frederiksborg","robots":{"index":"noindex","follow":"follow","max-snippet":"max-snippet:-1","max-image-preview":"max-image-preview:large","max-video-preview":"max-video-preview:-1"},"og_locale":"de_DE","og_type":"article","og_title":"Erforschen - Frederiksborg","og_description":"Erforschen Audioguide Explore the museum and the collection through a collection of audio guides and the scan function in the museum-app Smartify. We provide a general audio guide in 10 languages including German! Flyers Short-Guide Das Museum hat einen etwa 125 Seiten umfassenden Museumsf\u00fchrer herausgegeben. Dieser enth\u00e4lt eine Vielzahl an sch\u00f6nen Bildern und Beschreibungen. Dieser [&hellip;]","og_url":"https:\/\/dnm.symbiotisk.net\/de\/erforschen\/","og_site_name":"Frederiksborg","article_modified_time":"2025-09-09T10:19:23+00:00","twitter_card":"summary_large_image","schema":{"@context":"https:\/\/schema.org","@graph":[{"@type":"WebPage","@id":"https:\/\/dnm.symbiotisk.net\/de\/erforschen\/","url":"https:\/\/dnm.symbiotisk.net\/de\/erforschen\/","name":"Erforschen - Frederiksborg","isPartOf":{"@id":"https:\/\/dnm.symbiotisk.net\/#website"},"datePublished":"2025-02-28T12:25:19+00:00","dateModified":"2025-09-09T10:19:23+00:00","breadcrumb":{"@id":"https:\/\/dnm.symbiotisk.net\/de\/erforschen\/#breadcrumb"},"inLanguage":"de","potentialAction":[{"@type":"ReadAction","target":["https:\/\/dnm.symbiotisk.net\/de\/erforschen\/"]}]},{"@type":"BreadcrumbList","@id":"https:\/\/dnm.symbiotisk.net\/de\/erforschen\/#breadcrumb","itemListElement":[{"@type":"ListItem","position":1,"name":"Hjem","item":"https:\/\/dnm.symbiotisk.net\/de\/"},{"@type":"ListItem","position":2,"name":"Erforschen"}]},{"@type":"WebSite","@id":"https:\/\/dnm.symbiotisk.net\/#website","url":"https:\/\/dnm.symbiotisk.net\/","name":"Frederiksborg","description":"Frederiksborg \u2219 Nationalhistorisk Museum","potentialAction":[{"@type":"SearchAction","target":{"@type":"EntryPoint","urlTemplate":"https:\/\/dnm.symbiotisk.net\/?s={search_term_string}"},"query-input":{"@type":"PropertyValueSpecification","valueRequired":true,"valueName":"search_term_string"}}],"inLanguage":"de"}]}},"_links":{"self":[{"href":"https:\/\/dnm.symbiotisk.net\/de\/wp-json\/wp\/v2\/pages\/181181","targetHints":{"allow":["GET"]}}],"collection":[{"href":"https:\/\/dnm.symbiotisk.net\/de\/wp-json\/wp\/v2\/pages"}],"about":[{"href":"https:\/\/dnm.symbiotisk.net\/de\/wp-json\/wp\/v2\/types\/page"}],"author":[{"embeddable":true,"href":"https:\/\/dnm.symbiotisk.net\/de\/wp-json\/wp\/v2\/users\/41"}],"replies":[{"embeddable":true,"href":"https:\/\/dnm.symbiotisk.net\/de\/wp-json\/wp\/v2\/comments?post=181181"}],"version-history":[{"count":0,"href":"https:\/\/dnm.symbiotisk.net\/de\/wp-json\/wp\/v2\/pages\/181181\/revisions"}],"wp:attachment":[{"href":"https:\/\/dnm.symbiotisk.net\/de\/wp-json\/wp\/v2\/media?parent=181181"}],"curies":[{"name":"wp","href":"https:\/\/api.w.org\/{rel}","templated":true}]}}