{"id":181180,"date":"2025-02-28T13:22:15","date_gmt":"2025-02-28T12:22:15","guid":{"rendered":"https:\/\/dnm.symbiotisk.net\/?page_id=181180"},"modified":"2025-02-28T13:22:15","modified_gmt":"2025-02-28T12:22:15","slug":"anfahrt-und-parken","status":"publish","type":"page","link":"https:\/\/dnm.symbiotisk.net\/de\/anfahrt-und-parken\/","title":{"rendered":"Anfahrt und Parken"},"content":{"rendered":"<section id=\"primary-section\">\n\t    <div class=\"row content-wrapper\">\n        <div class=\"col-6 col-m-6\">\n                        <h1 class=\"page-title\">Anfahrt und Parken<\/h1>\n\t\t\t                                <\/div>\n        <div class=\"col-6 col-m-6\">\n                        <div class=\"intro\"><\/div>\n            <div class=\"content\"><\/div>\n\t\t\t                    <\/div>\n    <\/div>\n<\/section>\n<section id=\"section-1\">\n\t<div class=\"content-wrapper\">\n\t\n<div class=\"row\">\n\t<div class=\"col-6 col-m-6\">\n\t\t<div class=\"tile tile-type\">\n\t\t\t<div class=\"content\">\n\t\t\t\t<div class=\"image\">\n\t<img decoding=\"async\" src=\"https:\/\/dnm.symbiotisk.net\/wp-content\/uploads\/2024\/11\/Skaermbillede-2024-11-07-112733-705x900.jpg\" srcset=\"https:\/\/dnm.symbiotisk.net\/wp-content\/uploads\/2024\/11\/Skaermbillede-2024-11-07-112733-705x900.jpg 705w, https:\/\/dnm.symbiotisk.net\/wp-content\/uploads\/2024\/11\/Skaermbillede-2024-11-07-112733-470x600.jpg 470w, https:\/\/dnm.symbiotisk.net\/wp-content\/uploads\/2024\/11\/Skaermbillede-2024-11-07-112733-768x980.jpg 768w, https:\/\/dnm.symbiotisk.net\/wp-content\/uploads\/2024\/11\/Skaermbillede-2024-11-07-112733-31x40.jpg 31w, https:\/\/dnm.symbiotisk.net\/wp-content\/uploads\/2024\/11\/Skaermbillede-2024-11-07-112733-423x540.jpg 423w, https:\/\/dnm.symbiotisk.net\/wp-content\/uploads\/2024\/11\/Skaermbillede-2024-11-07-112733-282x360.jpg 282w, https:\/\/dnm.symbiotisk.net\/wp-content\/uploads\/2024\/11\/Skaermbillede-2024-11-07-112733-212x270.jpg 212w, https:\/\/dnm.symbiotisk.net\/wp-content\/uploads\/2024\/11\/Skaermbillede-2024-11-07-112733-141x180.jpg 141w, https:\/\/dnm.symbiotisk.net\/wp-content\/uploads\/2024\/11\/Skaermbillede-2024-11-07-112733-300x383.jpg 300w, https:\/\/dnm.symbiotisk.net\/wp-content\/uploads\/2024\/11\/Skaermbillede-2024-11-07-112733-600x766.jpg 600w, https:\/\/dnm.symbiotisk.net\/wp-content\/uploads\/2024\/11\/Skaermbillede-2024-11-07-112733.jpg 781w\" sizes=\"(max-width: 705px) 100vw, 705px\" class=\"\" alt=\"\">\t<\/div>\n\t\t\t<\/div>\n\t\t<\/div>\n\t<\/div>\n\t<div class=\"col-6 col-m-6\">\n\t\t<div class=\"tile tile-type\">\n\t\t\t<div class=\"content\">\n\t\t\t\t<h3>Anfhart mit dem Auto<\/h3>\n<p>Geben Sie &#8222;Schloss Frederiksborg&#8220; oder &#8222;M\u00f8ntportvejen&#8220; in Ihr Navigationsger\u00e4t ein.<\/p>\n<p><a href=\"https:\/\/www.google.dk\/maps\/place\/Det+Nationalhistoriske+Museum\/@55.9349811,12.299088,17z\/data=!3m1!4b1!4m5!3m4!1s0x46524097762941e1:0x5e05483a817724c0!8m2!3d55.9349811!4d12.3012767?hl=da\" target=\"_blank\" rel=\"noopener\">Auf der Karte anzeigen<\/a><\/p>\n<h3>Parken<\/h3>\n<p>Es besteht die M\u00f6glichkeit, auf einem geb\u00fchrenpflichtigen Parkplatz in Annaborg zu parken, der sich nur wenige Gehminuten vom Museum entfernt befindet. Das Museum ist nicht Eigent\u00fcmer dieses Parkplatzes und ist auch nicht am Betrieb dieses Parkplatzes beteiligt. Fragen oder Beschwerden sind folglich direkt an die Betreiber Europark zu richten.<\/p>\n<p><strong>Bitte beachten<\/strong>:\u00a0Ab dem 18.11.2022 ist es nicht mehr erlaubt, so zu parken, dass die Sto\u00dfstange des Fahrzeugs \u00fcber den Randstein reicht. Wenden Sie sich an Europark, wenn Sie Fragen zum Parken auf dem Parkplatz von Annaborg haben.<\/p>\n<p><a href=\"https:\/\/www.google.dk\/maps\/dir\/\/Frederiksborg+Slot+P-plads\/@55.9341609,12.2956513,16z\/data=!4m9!4m8!1m0!1m5!1m1!1s0x4652409751f33a3f:0x6753c97fdb9874a8!2m2!1d12.2966331!2d55.9354473!3e0\" target=\"_blank\" rel=\"noopener\">Auf der Karte anzeigen.<\/a><\/p>\n<p>Es gibt kostenlose Parkpl\u00e4tze am Rendel\u00e6ggerbakken (Tromlepladsen) und am Batzkes Bakke hinter dem Barockgarten, die sich 500\u00a0m bzw. 1\u00a0km vom Museum entfernt befinden. Der Fu\u00dfweg zum Museum bietet einen sch\u00f6nen Spaziergang durch den Schlosspark.<\/p>\n<p><a href=\"https:\/\/www.google.dk\/maps\/dir\/\/Batzkes+Bakke,+3400+Hiller%C3%B8d\/@55.9346654,12.3057114,16z\/data=!4m9!4m8!1m0!1m5!1m1!1s0x465240a32f186817:0xf05758eb19b90f82!2m2!1d12.3093488!2d55.9356487!3e0\" target=\"_blank\" rel=\"noopener\">Auf der Karte anzeigen.<\/a><\/p>\n<h3>Busse<\/h3>\n<p>Absetzen und Abholen: Am Eingang zum M\u00f8ntportvejen gibt es Ausstiegs- und Abholpunkte f\u00fcr Busse. W\u00e4hrend des Besuchs im Museum k\u00f6nnen Busse auf dem Roskildevej geparkt werden. Auf dem Stra\u00dfenabschnitt zwischen dem Herredsvejen und dem Kreisverkehr beim Milnersvej gibt es sechs Busparkpl\u00e4tze mit Parkm\u00f6glichkeiten f\u00fcr eine Dauer von 3\u00a0Stunden. Auf jeder Stra\u00dfenseite gibt es drei Pl\u00e4tze. Die Entfernung zu den Parkpl\u00e4tzen am Roskildevej betr\u00e4gt etwa 2\u00a0km. Die zu erwartende Fahrzeit betr\u00e4gt etwa 4\u00a0Minuten.<\/p>\n<p>Langfristiges Parken: Busse k\u00f6nnen auch am Tromlepladsen beim Rendel\u00e6ggerbakken hinter dem Barockgarten parken. Von hier aus k\u00f6nnen die G\u00e4ste durch den Barockgarten zum Schloss spazieren. Die Gehdistanz zum Schloss betr\u00e4gt 500\u00a0Meter und bietet einen eindrucksvollen Ausblick auf die G\u00e4rten und das Schloss.<\/p>\n<h3>Anfahrt mit den \u00f6ffentlichen Verkehrsmitteln<\/h3>\n<p>Nehmen Sie die S-Bahnlinie\u00a0A nach Hiller\u00f8d (etwa 40\u00a0Minuten von Kopenhagen entfernt). Vom Bahnhof Hiller\u00f8d aus k\u00f6nnen Sie entweder zu Fu\u00df zum Schloss gehen (<a href=\"https:\/\/www.google.dk\/maps\/dir\/Hiller%C3%B8d+Station,+S%C3%B8ndre+Jernbanevej,+Hiller%C3%B8d\/Frederiksborg+Slot,+Frederiksborg+Slot,+Hiller%C3%B8d\/@55.9305842,12.2979601,16z\/data=!4m14!4m13!1m5!1m1!1s0x465240b924954eff:0x5c1daf0855939a9a!2m2!1d12.3104646!2d55.9267616!1m5!1m1!1s0x46524097762941e1:0x12c6a634246b6152!2m2!1d12.3012724!2d55.9349652!3e2\">Sehen Sie sich hier die Route an<\/a>) oder nehmen Sie den lokalen Bus mit der Nummer\u00a0301 (Richtung: Uller\u00f8d) oder mit der Nummer\u00a0302 (Richtung: Sophienlund) und steigen Sie an der Haltestelle \u201eFrederiksborg Slot\u201c aus.<\/p>\n<p>Sie k\u00f6nnen Ihre Reiseroute \u00fcber den <a href=\"https:\/\/rejseplanen.dk\/webapp\/?language=de_DE#!P|TP!histId|0!histKey|H561367\"><em>Rejseplanen<\/em><\/a> planen.<\/p>\n\t\t\t<\/div>\n\t\t<\/div>\n\t<\/div>\n<\/div>\n\n\t<\/div>\n<\/section>\n","protected":false},"excerpt":{"rendered":"<p>Anfahrt und Parken Anfhart mit dem Auto Geben Sie &#8222;Schloss Frederiksborg&#8220; oder &#8222;M\u00f8ntportvejen&#8220; in Ihr Navigationsger\u00e4t ein. Auf der Karte anzeigen Parken Es besteht die M\u00f6glichkeit, auf einem geb\u00fchrenpflichtigen Parkplatz in Annaborg zu parken, der sich nur wenige Gehminuten vom Museum entfernt befindet. Das Museum ist nicht Eigent\u00fcmer dieses Parkplatzes und ist auch nicht am [&hellip;]<\/p>\n","protected":false},"author":41,"featured_media":0,"parent":0,"menu_order":0,"comment_status":"closed","ping_status":"closed","template":"","meta":{"_acf_changed":false,"_relevanssi_hide_post":"","_relevanssi_hide_content":"","_relevanssi_pin_for_all":"","_relevanssi_pin_keywords":"","_relevanssi_unpin_keywords":"","_relevanssi_related_keywords":"","_relevanssi_related_include_ids":"","_relevanssi_related_exclude_ids":"","_relevanssi_related_no_append":"","_relevanssi_related_not_related":"","_relevanssi_related_posts":"","_relevanssi_noindex_reason":"","footnotes":""},"class_list":["post-181180","page","type-page","status-publish","hentry"],"acf":[],"yoast_head":"<!-- This site is optimized with the Yoast SEO plugin v27.3 - https:\/\/yoast.com\/product\/yoast-seo-wordpress\/ -->\n<title>Anfahrt und Parken - Frederiksborg<\/title>\n<meta name=\"robots\" content=\"noindex, follow, max-snippet:-1, max-image-preview:large, max-video-preview:-1\" \/>\n<meta property=\"og:locale\" content=\"de_DE\" \/>\n<meta property=\"og:type\" content=\"article\" \/>\n<meta property=\"og:title\" content=\"Anfahrt und Parken - Frederiksborg\" \/>\n<meta property=\"og:description\" content=\"Anfahrt und Parken Anfhart mit dem Auto Geben Sie &#8222;Schloss Frederiksborg&#8220; oder &#8222;M\u00f8ntportvejen&#8220; in Ihr Navigationsger\u00e4t ein. Auf der Karte anzeigen Parken Es besteht die M\u00f6glichkeit, auf einem geb\u00fchrenpflichtigen Parkplatz in Annaborg zu parken, der sich nur wenige Gehminuten vom Museum entfernt befindet. Das Museum ist nicht Eigent\u00fcmer dieses Parkplatzes und ist auch nicht am [&hellip;]\" \/>\n<meta property=\"og:url\" content=\"https:\/\/dnm.symbiotisk.net\/de\/anfahrt-und-parken\/\" \/>\n<meta property=\"og:site_name\" content=\"Frederiksborg\" \/>\n<meta name=\"twitter:card\" content=\"summary_large_image\" \/>\n<script type=\"application\/ld+json\" class=\"yoast-schema-graph\">{\"@context\":\"https:\\\/\\\/schema.org\",\"@graph\":[{\"@type\":\"WebPage\",\"@id\":\"https:\\\/\\\/dnm.symbiotisk.net\\\/de\\\/anfahrt-und-parken\\\/\",\"url\":\"https:\\\/\\\/dnm.symbiotisk.net\\\/de\\\/anfahrt-und-parken\\\/\",\"name\":\"Anfahrt und Parken - Frederiksborg\",\"isPartOf\":{\"@id\":\"https:\\\/\\\/dnm.symbiotisk.net\\\/#website\"},\"datePublished\":\"2025-02-28T12:22:15+00:00\",\"breadcrumb\":{\"@id\":\"https:\\\/\\\/dnm.symbiotisk.net\\\/de\\\/anfahrt-und-parken\\\/#breadcrumb\"},\"inLanguage\":\"de\",\"potentialAction\":[{\"@type\":\"ReadAction\",\"target\":[\"https:\\\/\\\/dnm.symbiotisk.net\\\/de\\\/anfahrt-und-parken\\\/\"]}]},{\"@type\":\"BreadcrumbList\",\"@id\":\"https:\\\/\\\/dnm.symbiotisk.net\\\/de\\\/anfahrt-und-parken\\\/#breadcrumb\",\"itemListElement\":[{\"@type\":\"ListItem\",\"position\":1,\"name\":\"Hjem\",\"item\":\"https:\\\/\\\/dnm.symbiotisk.net\\\/de\\\/\"},{\"@type\":\"ListItem\",\"position\":2,\"name\":\"Anfahrt und Parken\"}]},{\"@type\":\"WebSite\",\"@id\":\"https:\\\/\\\/dnm.symbiotisk.net\\\/#website\",\"url\":\"https:\\\/\\\/dnm.symbiotisk.net\\\/\",\"name\":\"Frederiksborg\",\"description\":\"Frederiksborg \u2219 Nationalhistorisk Museum\",\"potentialAction\":[{\"@type\":\"SearchAction\",\"target\":{\"@type\":\"EntryPoint\",\"urlTemplate\":\"https:\\\/\\\/dnm.symbiotisk.net\\\/?s={search_term_string}\"},\"query-input\":{\"@type\":\"PropertyValueSpecification\",\"valueRequired\":true,\"valueName\":\"search_term_string\"}}],\"inLanguage\":\"de\"}]}<\/script>\n<!-- \/ Yoast SEO plugin. -->","yoast_head_json":{"title":"Anfahrt und Parken - Frederiksborg","robots":{"index":"noindex","follow":"follow","max-snippet":"max-snippet:-1","max-image-preview":"max-image-preview:large","max-video-preview":"max-video-preview:-1"},"og_locale":"de_DE","og_type":"article","og_title":"Anfahrt und Parken - Frederiksborg","og_description":"Anfahrt und Parken Anfhart mit dem Auto Geben Sie &#8222;Schloss Frederiksborg&#8220; oder &#8222;M\u00f8ntportvejen&#8220; in Ihr Navigationsger\u00e4t ein. Auf der Karte anzeigen Parken Es besteht die M\u00f6glichkeit, auf einem geb\u00fchrenpflichtigen Parkplatz in Annaborg zu parken, der sich nur wenige Gehminuten vom Museum entfernt befindet. Das Museum ist nicht Eigent\u00fcmer dieses Parkplatzes und ist auch nicht am [&hellip;]","og_url":"https:\/\/dnm.symbiotisk.net\/de\/anfahrt-und-parken\/","og_site_name":"Frederiksborg","twitter_card":"summary_large_image","schema":{"@context":"https:\/\/schema.org","@graph":[{"@type":"WebPage","@id":"https:\/\/dnm.symbiotisk.net\/de\/anfahrt-und-parken\/","url":"https:\/\/dnm.symbiotisk.net\/de\/anfahrt-und-parken\/","name":"Anfahrt und Parken - Frederiksborg","isPartOf":{"@id":"https:\/\/dnm.symbiotisk.net\/#website"},"datePublished":"2025-02-28T12:22:15+00:00","breadcrumb":{"@id":"https:\/\/dnm.symbiotisk.net\/de\/anfahrt-und-parken\/#breadcrumb"},"inLanguage":"de","potentialAction":[{"@type":"ReadAction","target":["https:\/\/dnm.symbiotisk.net\/de\/anfahrt-und-parken\/"]}]},{"@type":"BreadcrumbList","@id":"https:\/\/dnm.symbiotisk.net\/de\/anfahrt-und-parken\/#breadcrumb","itemListElement":[{"@type":"ListItem","position":1,"name":"Hjem","item":"https:\/\/dnm.symbiotisk.net\/de\/"},{"@type":"ListItem","position":2,"name":"Anfahrt und Parken"}]},{"@type":"WebSite","@id":"https:\/\/dnm.symbiotisk.net\/#website","url":"https:\/\/dnm.symbiotisk.net\/","name":"Frederiksborg","description":"Frederiksborg \u2219 Nationalhistorisk Museum","potentialAction":[{"@type":"SearchAction","target":{"@type":"EntryPoint","urlTemplate":"https:\/\/dnm.symbiotisk.net\/?s={search_term_string}"},"query-input":{"@type":"PropertyValueSpecification","valueRequired":true,"valueName":"search_term_string"}}],"inLanguage":"de"}]}},"_links":{"self":[{"href":"https:\/\/dnm.symbiotisk.net\/de\/wp-json\/wp\/v2\/pages\/181180","targetHints":{"allow":["GET"]}}],"collection":[{"href":"https:\/\/dnm.symbiotisk.net\/de\/wp-json\/wp\/v2\/pages"}],"about":[{"href":"https:\/\/dnm.symbiotisk.net\/de\/wp-json\/wp\/v2\/types\/page"}],"author":[{"embeddable":true,"href":"https:\/\/dnm.symbiotisk.net\/de\/wp-json\/wp\/v2\/users\/41"}],"replies":[{"embeddable":true,"href":"https:\/\/dnm.symbiotisk.net\/de\/wp-json\/wp\/v2\/comments?post=181180"}],"version-history":[{"count":0,"href":"https:\/\/dnm.symbiotisk.net\/de\/wp-json\/wp\/v2\/pages\/181180\/revisions"}],"wp:attachment":[{"href":"https:\/\/dnm.symbiotisk.net\/de\/wp-json\/wp\/v2\/media?parent=181180"}],"curies":[{"name":"wp","href":"https:\/\/api.w.org\/{rel}","templated":true}]}}