{"id":181179,"date":"2025-02-28T13:16:54","date_gmt":"2025-02-28T12:16:54","guid":{"rendered":"https:\/\/dnm.symbiotisk.net\/?page_id=181179"},"modified":"2026-01-01T02:32:13","modified_gmt":"2026-01-01T01:32:13","slug":"eintrittspreise","status":"publish","type":"page","link":"https:\/\/dnm.symbiotisk.net\/de\/eintrittspreise\/","title":{"rendered":"Eintrittspreise"},"content":{"rendered":"<section id=\"primary-section\">\n\t\t<div class=\"row content-wrapper\">\n\t\t<div class=\"col-12 col-m-12\">\n\t\t\t<img loading=\"lazy\" decoding=\"async\" width=\"1600\" height=\"900\" src=\"https:\/\/dnm.symbiotisk.net\/wp-content\/uploads\/2023\/12\/loengangen-1600x900.png\" class=\"attachment-wide-large-crop size-wide-large-crop wp-post-image\" alt=\"\" srcset=\"https:\/\/dnm.symbiotisk.net\/wp-content\/uploads\/2023\/12\/loengangen-1600x900.png 1600w, https:\/\/dnm.symbiotisk.net\/wp-content\/uploads\/2023\/12\/loengangen-960x540.png 960w, https:\/\/dnm.symbiotisk.net\/wp-content\/uploads\/2023\/12\/loengangen-640x360.png 640w, https:\/\/dnm.symbiotisk.net\/wp-content\/uploads\/2023\/12\/loengangen-480x270.png 480w, https:\/\/dnm.symbiotisk.net\/wp-content\/uploads\/2023\/12\/loengangen-320x180.png 320w\" sizes=\"auto, (max-width: 1600px) 100vw, 1600px\" \/>\t\t\t\t\t<\/div>\n\t<\/div>\n\t    <div class=\"row content-wrapper\">\n        <div class=\"col-6 col-m-6\">\n                        <h1 class=\"page-title\">Eintrittspreise<\/h1>\n\t\t\t                        <a href=\"https:\/\/dnm.symbiotisk.net\/en\/tc-events\/entry\/\" class=\"button\">Ticket kaufen<\/a>\n                                <\/div>\n        <div class=\"col-6 col-m-6\">\n                        <div class=\"intro\"><\/div>\n            <div class=\"content\"><p>Erwachsene: 125 DKK<br data-start=\"157\" data-end=\"160\" \/>Studierende: 105 DKK<br data-start=\"184\" data-end=\"187\" \/>Senior*innen (65+): 105 DKK<br data-start=\"218\" data-end=\"221\" data-is-only-node=\"\" \/>Gruppen (mind. 10 Personen): 105 DKK pro Person<br data-start=\"272\" data-end=\"275\" \/>Kinder (0\u201317 Jahre): 0 DKK<br data-start=\"305\" data-end=\"308\" \/>Copenhagen Card: 0 DKK<\/p>\n<p>Das Museumsticket ist ganzt\u00e4gig g\u00fcltig und es ist m\u00f6glich, die Ausstellungen w\u00e4hrend des Besuchs zu verlassen, um z. B. den Barockgarten und das Museumsrestaurant zu besuchen. Das Restaurant bietet sowohl Innen- als auch Au\u00dfengastronomie an.<\/p>\n<p data-start=\"134\" data-end=\"429\">\n<\/div>\n\t\t\t                    <\/div>\n    <\/div>\n<\/section>\n","protected":false},"excerpt":{"rendered":"<p>Eintrittspreise Ticket kaufen Erwachsene: 125 DKKStudierende: 105 DKKSenior*innen (65+): 105 DKKGruppen (mind. 10 Personen): 105 DKK pro PersonKinder (0\u201317 Jahre): 0 DKKCopenhagen Card: 0 DKK Das Museumsticket ist ganzt\u00e4gig g\u00fcltig und es ist m\u00f6glich, die Ausstellungen w\u00e4hrend des Besuchs zu verlassen, um z. B. den Barockgarten und das Museumsrestaurant zu besuchen. Das Restaurant bietet sowohl [&hellip;]<\/p>\n","protected":false},"author":41,"featured_media":134026,"parent":0,"menu_order":0,"comment_status":"closed","ping_status":"closed","template":"","meta":{"_acf_changed":false,"_relevanssi_hide_post":"","_relevanssi_hide_content":"","_relevanssi_pin_for_all":"","_relevanssi_pin_keywords":"","_relevanssi_unpin_keywords":"","_relevanssi_related_keywords":"","_relevanssi_related_include_ids":"","_relevanssi_related_exclude_ids":"","_relevanssi_related_no_append":"","_relevanssi_related_not_related":"","_relevanssi_related_posts":"","_relevanssi_noindex_reason":"","footnotes":""},"class_list":["post-181179","page","type-page","status-publish","has-post-thumbnail","hentry"],"acf":[],"yoast_head":"<!-- This site is optimized with the Yoast SEO plugin v27.3 - https:\/\/yoast.com\/product\/yoast-seo-wordpress\/ -->\n<title>Eintrittspreise - Frederiksborg<\/title>\n<meta name=\"robots\" content=\"noindex, follow, max-snippet:-1, max-image-preview:large, max-video-preview:-1\" \/>\n<meta property=\"og:locale\" content=\"de_DE\" \/>\n<meta property=\"og:type\" content=\"article\" \/>\n<meta property=\"og:title\" content=\"Eintrittspreise - Frederiksborg\" \/>\n<meta property=\"og:description\" content=\"Eintrittspreise Ticket kaufen Erwachsene: 125 DKKStudierende: 105 DKKSenior*innen (65+): 105 DKKGruppen (mind. 10 Personen): 105 DKK pro PersonKinder (0\u201317 Jahre): 0 DKKCopenhagen Card: 0 DKK Das Museumsticket ist ganzt\u00e4gig g\u00fcltig und es ist m\u00f6glich, die Ausstellungen w\u00e4hrend des Besuchs zu verlassen, um z. B. den Barockgarten und das Museumsrestaurant zu besuchen. Das Restaurant bietet sowohl [&hellip;]\" \/>\n<meta property=\"og:url\" content=\"https:\/\/dnm.symbiotisk.net\/de\/eintrittspreise\/\" \/>\n<meta property=\"og:site_name\" content=\"Frederiksborg\" \/>\n<meta property=\"article:modified_time\" content=\"2026-01-01T01:32:13+00:00\" \/>\n<meta property=\"og:image\" content=\"https:\/\/dnm.symbiotisk.net\/wp-content\/uploads\/2023\/12\/loengangen-768x1151.png\" \/>\n\t<meta property=\"og:image:width\" content=\"768\" \/>\n\t<meta property=\"og:image:height\" content=\"1151\" \/>\n\t<meta property=\"og:image:type\" content=\"image\/png\" \/>\n<meta name=\"twitter:card\" content=\"summary_large_image\" \/>\n<meta name=\"twitter:label1\" content=\"Gesch\u00e4tzte Lesezeit\" \/>\n\t<meta name=\"twitter:data1\" content=\"1\u00a0Minute\" \/>\n<script type=\"application\/ld+json\" class=\"yoast-schema-graph\">{\"@context\":\"https:\\\/\\\/schema.org\",\"@graph\":[{\"@type\":\"WebPage\",\"@id\":\"https:\\\/\\\/dnm.symbiotisk.net\\\/de\\\/eintrittspreise\\\/\",\"url\":\"https:\\\/\\\/dnm.symbiotisk.net\\\/de\\\/eintrittspreise\\\/\",\"name\":\"Eintrittspreise - Frederiksborg\",\"isPartOf\":{\"@id\":\"https:\\\/\\\/dnm.symbiotisk.net\\\/#website\"},\"primaryImageOfPage\":{\"@id\":\"https:\\\/\\\/dnm.symbiotisk.net\\\/de\\\/eintrittspreise\\\/#primaryimage\"},\"image\":{\"@id\":\"https:\\\/\\\/dnm.symbiotisk.net\\\/de\\\/eintrittspreise\\\/#primaryimage\"},\"thumbnailUrl\":\"https:\\\/\\\/dnm.symbiotisk.net\\\/wp-content\\\/uploads\\\/2023\\\/12\\\/loengangen.png\",\"datePublished\":\"2025-02-28T12:16:54+00:00\",\"dateModified\":\"2026-01-01T01:32:13+00:00\",\"breadcrumb\":{\"@id\":\"https:\\\/\\\/dnm.symbiotisk.net\\\/de\\\/eintrittspreise\\\/#breadcrumb\"},\"inLanguage\":\"de\",\"potentialAction\":[{\"@type\":\"ReadAction\",\"target\":[\"https:\\\/\\\/dnm.symbiotisk.net\\\/de\\\/eintrittspreise\\\/\"]}]},{\"@type\":\"ImageObject\",\"inLanguage\":\"de\",\"@id\":\"https:\\\/\\\/dnm.symbiotisk.net\\\/de\\\/eintrittspreise\\\/#primaryimage\",\"url\":\"https:\\\/\\\/dnm.symbiotisk.net\\\/wp-content\\\/uploads\\\/2023\\\/12\\\/loengangen.png\",\"contentUrl\":\"https:\\\/\\\/dnm.symbiotisk.net\\\/wp-content\\\/uploads\\\/2023\\\/12\\\/loengangen.png\",\"width\":5304,\"height\":7952},{\"@type\":\"BreadcrumbList\",\"@id\":\"https:\\\/\\\/dnm.symbiotisk.net\\\/de\\\/eintrittspreise\\\/#breadcrumb\",\"itemListElement\":[{\"@type\":\"ListItem\",\"position\":1,\"name\":\"Hjem\",\"item\":\"https:\\\/\\\/dnm.symbiotisk.net\\\/de\\\/\"},{\"@type\":\"ListItem\",\"position\":2,\"name\":\"Eintrittspreise\"}]},{\"@type\":\"WebSite\",\"@id\":\"https:\\\/\\\/dnm.symbiotisk.net\\\/#website\",\"url\":\"https:\\\/\\\/dnm.symbiotisk.net\\\/\",\"name\":\"Frederiksborg\",\"description\":\"Frederiksborg \u2219 Nationalhistorisk Museum\",\"potentialAction\":[{\"@type\":\"SearchAction\",\"target\":{\"@type\":\"EntryPoint\",\"urlTemplate\":\"https:\\\/\\\/dnm.symbiotisk.net\\\/?s={search_term_string}\"},\"query-input\":{\"@type\":\"PropertyValueSpecification\",\"valueRequired\":true,\"valueName\":\"search_term_string\"}}],\"inLanguage\":\"de\"}]}<\/script>\n<!-- \/ Yoast SEO plugin. -->","yoast_head_json":{"title":"Eintrittspreise - Frederiksborg","robots":{"index":"noindex","follow":"follow","max-snippet":"max-snippet:-1","max-image-preview":"max-image-preview:large","max-video-preview":"max-video-preview:-1"},"og_locale":"de_DE","og_type":"article","og_title":"Eintrittspreise - Frederiksborg","og_description":"Eintrittspreise Ticket kaufen Erwachsene: 125 DKKStudierende: 105 DKKSenior*innen (65+): 105 DKKGruppen (mind. 10 Personen): 105 DKK pro PersonKinder (0\u201317 Jahre): 0 DKKCopenhagen Card: 0 DKK Das Museumsticket ist ganzt\u00e4gig g\u00fcltig und es ist m\u00f6glich, die Ausstellungen w\u00e4hrend des Besuchs zu verlassen, um z. B. den Barockgarten und das Museumsrestaurant zu besuchen. Das Restaurant bietet sowohl [&hellip;]","og_url":"https:\/\/dnm.symbiotisk.net\/de\/eintrittspreise\/","og_site_name":"Frederiksborg","article_modified_time":"2026-01-01T01:32:13+00:00","og_image":[{"width":768,"height":1151,"url":"https:\/\/dnm.symbiotisk.net\/wp-content\/uploads\/2023\/12\/loengangen-768x1151.png","type":"image\/png"}],"twitter_card":"summary_large_image","twitter_misc":{"Gesch\u00e4tzte Lesezeit":"1\u00a0Minute"},"schema":{"@context":"https:\/\/schema.org","@graph":[{"@type":"WebPage","@id":"https:\/\/dnm.symbiotisk.net\/de\/eintrittspreise\/","url":"https:\/\/dnm.symbiotisk.net\/de\/eintrittspreise\/","name":"Eintrittspreise - Frederiksborg","isPartOf":{"@id":"https:\/\/dnm.symbiotisk.net\/#website"},"primaryImageOfPage":{"@id":"https:\/\/dnm.symbiotisk.net\/de\/eintrittspreise\/#primaryimage"},"image":{"@id":"https:\/\/dnm.symbiotisk.net\/de\/eintrittspreise\/#primaryimage"},"thumbnailUrl":"https:\/\/dnm.symbiotisk.net\/wp-content\/uploads\/2023\/12\/loengangen.png","datePublished":"2025-02-28T12:16:54+00:00","dateModified":"2026-01-01T01:32:13+00:00","breadcrumb":{"@id":"https:\/\/dnm.symbiotisk.net\/de\/eintrittspreise\/#breadcrumb"},"inLanguage":"de","potentialAction":[{"@type":"ReadAction","target":["https:\/\/dnm.symbiotisk.net\/de\/eintrittspreise\/"]}]},{"@type":"ImageObject","inLanguage":"de","@id":"https:\/\/dnm.symbiotisk.net\/de\/eintrittspreise\/#primaryimage","url":"https:\/\/dnm.symbiotisk.net\/wp-content\/uploads\/2023\/12\/loengangen.png","contentUrl":"https:\/\/dnm.symbiotisk.net\/wp-content\/uploads\/2023\/12\/loengangen.png","width":5304,"height":7952},{"@type":"BreadcrumbList","@id":"https:\/\/dnm.symbiotisk.net\/de\/eintrittspreise\/#breadcrumb","itemListElement":[{"@type":"ListItem","position":1,"name":"Hjem","item":"https:\/\/dnm.symbiotisk.net\/de\/"},{"@type":"ListItem","position":2,"name":"Eintrittspreise"}]},{"@type":"WebSite","@id":"https:\/\/dnm.symbiotisk.net\/#website","url":"https:\/\/dnm.symbiotisk.net\/","name":"Frederiksborg","description":"Frederiksborg \u2219 Nationalhistorisk Museum","potentialAction":[{"@type":"SearchAction","target":{"@type":"EntryPoint","urlTemplate":"https:\/\/dnm.symbiotisk.net\/?s={search_term_string}"},"query-input":{"@type":"PropertyValueSpecification","valueRequired":true,"valueName":"search_term_string"}}],"inLanguage":"de"}]}},"_links":{"self":[{"href":"https:\/\/dnm.symbiotisk.net\/de\/wp-json\/wp\/v2\/pages\/181179","targetHints":{"allow":["GET"]}}],"collection":[{"href":"https:\/\/dnm.symbiotisk.net\/de\/wp-json\/wp\/v2\/pages"}],"about":[{"href":"https:\/\/dnm.symbiotisk.net\/de\/wp-json\/wp\/v2\/types\/page"}],"author":[{"embeddable":true,"href":"https:\/\/dnm.symbiotisk.net\/de\/wp-json\/wp\/v2\/users\/41"}],"replies":[{"embeddable":true,"href":"https:\/\/dnm.symbiotisk.net\/de\/wp-json\/wp\/v2\/comments?post=181179"}],"version-history":[{"count":0,"href":"https:\/\/dnm.symbiotisk.net\/de\/wp-json\/wp\/v2\/pages\/181179\/revisions"}],"wp:featuredmedia":[{"embeddable":true,"href":"https:\/\/dnm.symbiotisk.net\/de\/wp-json\/wp\/v2\/media\/134026"}],"wp:attachment":[{"href":"https:\/\/dnm.symbiotisk.net\/de\/wp-json\/wp\/v2\/media?parent=181179"}],"curies":[{"name":"wp","href":"https:\/\/api.w.org\/{rel}","templated":true}]}}